{"id":26682,"date":"2025-03-30T12:16:32","date_gmt":"2025-03-30T10:16:32","guid":{"rendered":"https:\/\/dupescents.co\/products\/ca-sent-comme-coffre-fort\/"},"modified":"2025-11-28T20:29:02","modified_gmt":"2025-11-28T19:29:02","slug":"ca-sent-comme-coffre-fort","status":"publish","type":"product","link":"https:\/\/dupescents.co\/fr\/products\/ca-sent-comme-coffre-fort\/","title":{"rendered":"\u00c7a sent comme&#8230; Coffre-fort"},"content":{"rendered":"<p>141W - Ersatz f\u00fcr Lancome Tresor<br \/>\nEAU DE PARFUM NR. 141W - ERSATZ F\u00dcR LANCOME TRESOR<\/p>\n<p>DUFTNOTEN UNSERES ERSATZES:<\/p>\n<p>BRUSSWIN<br \/>\nMORELA<br \/>\nROSE<br \/>\nVANILLE<br \/>\nSANDELWOOD<br \/>\nMORELABLUME<br \/>\nBURRISM<br \/>\nBEZ<br \/>\nIRIS<br \/>\nHELIOTROP<br \/>\nPI\u017bMO<br \/>\nANANAS<br \/>\nJASMINE<br \/>\nKONWALIA<br \/>\nBERGAMOT<br \/>\nDUFTBESCHREIBUNG:<\/p>\n<p>Ein Eau de Parfum, das f\u00fcr seine Tr\u00e4gerin der Inbegriff von Chic und Anmut ist. Unser Pendant zum Duft Lancome Tresor verleiht Vertrauen und umh\u00fcllt Sie mit seiner Einzigartigkeit. Die romantischen orientalisch-floralen Noten bestechen durch ihre Sinnlichkeit. Diese Komposition wird jedes elegante Styling einer stilvollen Frau wunderbar erg\u00e4nzen.<\/p>\n<p>EIGENSCHAFTEN VON TRESOR PARF\u00dcM GEGENST\u00dcCK:<br \/>\nDufttyp: orientalisch, blumig<br \/>\nF\u00fcr wen: Frauen<br \/>\nVolumen: 30 ml \/ 50 ml \/ 100 ml<br \/>\nProdukt-Code: 141W<br \/>\nDer Preis f\u00fcr dieses Parf\u00fcm h\u00e4ngt von der angegebenen Menge ab.<br \/>\nBitte geben Sie uns nach dem Kauf Ihr Feedback!<\/p>\n<p>Siehe auch andere Lancome Parfums und deren Ersatzprodukte.<\/p>\n<p>Wie riecht das entsprechende Parf\u00fcm Lancome Tresor?<br \/>\nDies ist ein sehr interessantes Damenparf\u00fcm, das als blumig, aber auch als orientalisch gilt. Unter den Duftnoten finden sich Akkorde von Maigl\u00f6ckchen, Aprikose oder Jasmin, Vanille und Flieder, Amber oder Rose. Das Ganze ist voller Eleganz - schlie\u00dflich handelt es sich um eine Komposition f\u00fcr stilvolle Frauen.<\/p>\n","protected":false},"excerpt":{"rendered":"<p>Inspiration : Lancome Tresor EDP 30ML<\/p>\n<p class=\"product__text inline-richtext\"><strong>\u2705 Eau de toilette 19-21% Parfum<\/strong><\/p>\n<p class=\"product__text inline-richtext\"><strong>\u2705 Le parfum dure une seconde journ\u00e9e<\/strong><\/p>\n<p class=\"product__text inline-richtext\"><strong>Achetez le parfum, pas la marque - \u00e9conomisez de l&rsquo;argent<\/strong><\/p>\n","protected":false},"featured_media":36265,"comment_status":"open","ping_status":"closed","template":"","meta":{"_acf_changed":false},"product_brand":[],"product_cat":[203],"product_tag":[],"class_list":{"0":"post-26682","1":"product","2":"type-product","3":"status-publish","4":"has-post-thumbnail","6":"product_cat-pour-les-femmes","8":"first","9":"instock","10":"shipping-taxable","11":"purchasable","12":"product-type-variable"},"acf":[],"aioseo_notices":[],"jetpack_sharing_enabled":true,"_links":{"self":[{"href":"https:\/\/dupescents.co\/fr\/wp-json\/wp\/v2\/product\/26682","targetHints":{"allow":["GET"]}}],"collection":[{"href":"https:\/\/dupescents.co\/fr\/wp-json\/wp\/v2\/product"}],"about":[{"href":"https:\/\/dupescents.co\/fr\/wp-json\/wp\/v2\/types\/product"}],"replies":[{"embeddable":true,"href":"https:\/\/dupescents.co\/fr\/wp-json\/wp\/v2\/comments?post=26682"}],"wp:featuredmedia":[{"embeddable":true,"href":"https:\/\/dupescents.co\/fr\/wp-json\/wp\/v2\/media\/36265"}],"wp:attachment":[{"href":"https:\/\/dupescents.co\/fr\/wp-json\/wp\/v2\/media?parent=26682"}],"wp:term":[{"taxonomy":"product_brand","embeddable":true,"href":"https:\/\/dupescents.co\/fr\/wp-json\/wp\/v2\/product_brand?post=26682"},{"taxonomy":"product_cat","embeddable":true,"href":"https:\/\/dupescents.co\/fr\/wp-json\/wp\/v2\/product_cat?post=26682"},{"taxonomy":"product_tag","embeddable":true,"href":"https:\/\/dupescents.co\/fr\/wp-json\/wp\/v2\/product_tag?post=26682"}],"curies":[{"name":"wp","href":"https:\/\/api.w.org\/{rel}","templated":true}]}}