{"id":26678,"date":"2025-03-30T12:19:02","date_gmt":"2025-03-30T10:19:02","guid":{"rendered":"https:\/\/dupescents.co\/products\/sent-comme-code-for-woman\/"},"modified":"2026-02-22T00:17:24","modified_gmt":"2026-02-21T23:17:24","slug":"sent-comme-code-for-woman","status":"publish","type":"product","link":"https:\/\/dupescents.co\/fr\/products\/sent-comme-code-for-woman\/","title":{"rendered":"Sent comme&#8230; Code for Woman"},"content":{"rendered":"<p>146W - Remplacement pour Giorgio Armani Acqua di Gioia<br \/>\nGIORGIO ARMANI ACQUA DI GIOIA REMPLACEMENT EAU DE PARFUM NR. 146W<\/p>\n<p>PARFUMS DE NOTRE REMPLACEMENT :<\/p>\n<p>CITRON D&rsquo;AMALFI<br \/>\nPI\u00c8CE DE MONNAIE<br \/>\nJASMIN<br \/>\nPIWONIA<br \/>\nC\u00c8DRE DE VIRGINIE<br \/>\nPOIVRE ROSE<br \/>\nLABDANUM FRAN\u00c7AIS<br \/>\nSUCRE BRUN<br \/>\nDESCRIPTION DE LA FRAGRANCE :<\/p>\n<p>Un parfum aquatique et rafra\u00eechissant pour les femmes optimistes et ind\u00e9pendantes. Notre parfum Lane n\u00b0 146W est le pendant de la composition Acqua di Gioia de Giorgio Armani. L&rsquo;association joyeuse et l\u00e9g\u00e8re de notes florales et aquatiques \u00e9voque la M\u00e9diterran\u00e9e, qui charme et s\u00e9duit. Ce parfum est parfait pour la vie de tous les jours, surtout pendant la chaleur de l&rsquo;\u00e9t\u00e9.   <\/p>\n<p>CARACT\u00c9RISTIQUES DE L&rsquo;\u00c9QUIVALENT EN PARFUM DE L&rsquo;ACQUA DI GIOIA :<\/p>\n<p>Type de parfum : floral, aquatique<br \/>\nPour qui : femmes<br \/>\nVolume : 30 ml \/ 50 ml \/ 100 ml<br \/>\nCode produit : 146W<br \/>\nLe prix de ce parfum d\u00e9pend de la quantit\u00e9 indiqu\u00e9e.<br \/>\nMerci de nous donner votre avis apr\u00e8s l&rsquo;achat !<\/p>\n<p>&nbsp;<\/p>\n<p>Quelle est l&rsquo;odeur de l&rsquo;\u00e9quivalent du parfum Acqua di Gioia ?<br \/>\nC&rsquo;est un beau parfum que l&rsquo;on peut qualifier d&rsquo;aquatique, mais aussi de floral. Il est tr\u00e8s rafra\u00eechissant et respire m\u00eame la joie. Le parfum se caract\u00e9rise par des notes fra\u00eeches de citron et des accords de poivre rose, mais aussi par des notes de menthe, de c\u00e8dre et de pivoine, pour n&rsquo;en citer que quelques-unes.  <\/p>\n<p>Pour quelles occasions le substitut du parfum Acqua di Gioia est-il adapt\u00e9 ?<br \/>\nC&rsquo;est un parfum id\u00e9al pour la vie quotidienne, juste ce qu&rsquo;il faut pour les femmes qui appr\u00e9cient les parfums f\u00e9minins modernes. Sa l\u00e9g\u00e8ret\u00e9 fonctionne de jour comme de nuit, surtout en \u00e9t\u00e9, mais il d\u00e9gage \u00e9galement beaucoup de charme en automne et en hiver. <\/p>\n","protected":false},"excerpt":{"rendered":"<p class=\"product__text inline-richtext\">Inspiration : Giorgio Armani Code for Woman EDP 30ML<\/p>\n<p class=\"product__text inline-richtext\"><strong>\u2705 Eau de toilette 19-21% Parfum<\/strong><\/p>\n<p class=\"product__text inline-richtext\"><strong>\u2705 Le parfum dure une seconde journ\u00e9e<\/strong><\/p>\n<p class=\"product__text inline-richtext\"><strong>Achetez le parfum, pas la marque - \u00e9conomisez de l&rsquo;argent<\/strong><\/p>\n","protected":false},"featured_media":35901,"comment_status":"open","ping_status":"closed","template":"","meta":{"_acf_changed":false},"product_brand":[],"product_cat":[203],"product_tag":[],"class_list":{"0":"post-26678","1":"product","2":"type-product","3":"status-publish","4":"has-post-thumbnail","6":"product_cat-pour-les-femmes","8":"first","9":"instock","10":"shipping-taxable","11":"purchasable","12":"product-type-variable"},"acf":[],"aioseo_notices":[],"jetpack_sharing_enabled":true,"_links":{"self":[{"href":"https:\/\/dupescents.co\/fr\/wp-json\/wp\/v2\/product\/26678","targetHints":{"allow":["GET"]}}],"collection":[{"href":"https:\/\/dupescents.co\/fr\/wp-json\/wp\/v2\/product"}],"about":[{"href":"https:\/\/dupescents.co\/fr\/wp-json\/wp\/v2\/types\/product"}],"replies":[{"embeddable":true,"href":"https:\/\/dupescents.co\/fr\/wp-json\/wp\/v2\/comments?post=26678"}],"wp:featuredmedia":[{"embeddable":true,"href":"https:\/\/dupescents.co\/fr\/wp-json\/wp\/v2\/media\/35901"}],"wp:attachment":[{"href":"https:\/\/dupescents.co\/fr\/wp-json\/wp\/v2\/media?parent=26678"}],"wp:term":[{"taxonomy":"product_brand","embeddable":true,"href":"https:\/\/dupescents.co\/fr\/wp-json\/wp\/v2\/product_brand?post=26678"},{"taxonomy":"product_cat","embeddable":true,"href":"https:\/\/dupescents.co\/fr\/wp-json\/wp\/v2\/product_cat?post=26678"},{"taxonomy":"product_tag","embeddable":true,"href":"https:\/\/dupescents.co\/fr\/wp-json\/wp\/v2\/product_tag?post=26678"}],"curies":[{"name":"wp","href":"https:\/\/api.w.org\/{rel}","templated":true}]}}