{"id":26657,"date":"2025-03-30T12:18:13","date_gmt":"2025-03-30T10:18:13","guid":{"rendered":"https:\/\/dupescents.co\/products\/sent-comme-rush-2\/"},"modified":"2026-02-15T05:59:08","modified_gmt":"2026-02-15T04:59:08","slug":"sent-comme-rush-2","status":"publish","type":"product","link":"https:\/\/dupescents.co\/fr\/products\/sent-comme-rush-2\/","title":{"rendered":"Sent comme&#8230; Rush 2"},"content":{"rendered":"<p>163W - Ersatz f\u00fcr Gucci Rush 2<br \/>\nEAU DE PARFUM NO 163W - DER ERSATZ F\u00dcR GUCCI RUSH 2<\/p>\n<p>DUFTNOTEN UNSERES ERSATZES:<\/p>\n<p>FRESH<br \/>\nSCHWARZKURRT<br \/>\nNARZISE<br \/>\nPI\u017bMO<br \/>\nCONVALIA<br \/>\nPALMA<br \/>\nEICHENMOSS<br \/>\nLILIE<br \/>\nGARDENIA<br \/>\nROSE<br \/>\nDUFTBESCHREIBUNG:<\/p>\n<p>Genie\u00dfen Sie jeden Augenblick und sammeln Sie Emotionen! Ein ungew\u00f6hnliches blumig-holziges Parf\u00fcm, das durch seine Originalit\u00e4t besticht. Unser Gegenst\u00fcck zum Originalparf\u00fcm Gucci Rush 2 ist ein Eau de Parfum f\u00fcr moderne, selbstbewusste Frauen. Die Energie, die von diesem Flakon ausgeht, macht diesen Duft perfekt f\u00fcr die w\u00e4rmeren Tage.<\/p>\n<p>Eigenschaften des Gucci Rush 2 Gegenst\u00fccks:<br \/>\nDufttyp: blumig, holzig<br \/>\nF\u00fcr wen: Frauen<br \/>\nInhalt: 10 ml \/ 30 ml \/ 50 ml \/ 100 ml<br \/>\nProdukt-Code: 163W<br \/>\nDer Preis f\u00fcr dieses Parf\u00fcm h\u00e4ngt von der angegebenen Menge ab.<br \/>\nBitte geben Sie uns Ihr Feedback nach dem Kauf!<\/p>\n<p>Gucci Rush 2 - Parf\u00fcmflakon<br \/>\nDas von Gucci Rush 2 inspirierte Parf\u00fcm in 10 ml oder 30 ml ist die perfekte Wahl f\u00fcr selbstbewusste Frauen! Die blumigen Noten machen dieses Parf\u00fcm zu einem idealen Begleiter f\u00fcr die w\u00e4rmeren Tage. Bestellen Sie die Parf\u00fcmflasche bei fabrykazapachu.de und genie\u00dfen Sie die Qualit\u00e4t!<\/p>\n<p>Sehen Sie auch andere Gucci-Parf\u00fcms und ihre Ersatzprodukte.<\/p>\n","protected":false},"excerpt":{"rendered":"<p class=\"product__text inline-richtext\">Inspiration : Gucci Rush 2 EDT 30ML<\/p>\n<p class=\"product__text inline-richtext\"><strong>\u2705 Eau de toilette 19-21% Parfum<\/strong><\/p>\n<p class=\"product__text inline-richtext\"><strong>\u2705 Le parfum dure une seconde journ\u00e9e<\/strong><\/p>\n<p class=\"product__text inline-richtext\"><strong>Achetez le parfum, pas la marque - \u00e9conomisez de l&rsquo;argent<\/strong><\/p>\n","protected":false},"featured_media":35279,"comment_status":"open","ping_status":"closed","template":"","meta":{"_acf_changed":false},"product_brand":[],"product_cat":[203],"product_tag":[],"class_list":{"0":"post-26657","1":"product","2":"type-product","3":"status-publish","4":"has-post-thumbnail","6":"product_cat-pour-les-femmes","8":"first","9":"instock","10":"shipping-taxable","11":"purchasable","12":"product-type-variable"},"acf":[],"aioseo_notices":[],"jetpack_sharing_enabled":true,"_links":{"self":[{"href":"https:\/\/dupescents.co\/fr\/wp-json\/wp\/v2\/product\/26657","targetHints":{"allow":["GET"]}}],"collection":[{"href":"https:\/\/dupescents.co\/fr\/wp-json\/wp\/v2\/product"}],"about":[{"href":"https:\/\/dupescents.co\/fr\/wp-json\/wp\/v2\/types\/product"}],"replies":[{"embeddable":true,"href":"https:\/\/dupescents.co\/fr\/wp-json\/wp\/v2\/comments?post=26657"}],"wp:featuredmedia":[{"embeddable":true,"href":"https:\/\/dupescents.co\/fr\/wp-json\/wp\/v2\/media\/35279"}],"wp:attachment":[{"href":"https:\/\/dupescents.co\/fr\/wp-json\/wp\/v2\/media?parent=26657"}],"wp:term":[{"taxonomy":"product_brand","embeddable":true,"href":"https:\/\/dupescents.co\/fr\/wp-json\/wp\/v2\/product_brand?post=26657"},{"taxonomy":"product_cat","embeddable":true,"href":"https:\/\/dupescents.co\/fr\/wp-json\/wp\/v2\/product_cat?post=26657"},{"taxonomy":"product_tag","embeddable":true,"href":"https:\/\/dupescents.co\/fr\/wp-json\/wp\/v2\/product_tag?post=26657"}],"curies":[{"name":"wp","href":"https:\/\/api.w.org\/{rel}","templated":true}]}}