{"id":26648,"date":"2025-03-30T12:20:55","date_gmt":"2025-03-30T10:20:55","guid":{"rendered":"https:\/\/dupescents.co\/products\/sent-comme-alive\/"},"modified":"2026-02-22T00:16:16","modified_gmt":"2026-02-21T23:16:16","slug":"sent-comme-alive","status":"publish","type":"product","link":"https:\/\/dupescents.co\/fr\/products\/sent-comme-alive\/","title":{"rendered":"Sent comme&#8230; ALIVE"},"content":{"rendered":"<p>EAU DE PARFUM NO 098W - CORRESPOND \u00c0 HUGO BOSS ALIVE<\/p>\n<p>PARFUMS DE NOS SUBSTITUTS :<\/p>\n<p>VANILLE DE MADAGASCAR<br \/>\nPRUNE<br \/>\nJABEL<br \/>\nCANNELLE<br \/>\nCURCUMA NOIR<br \/>\nJASMIN \u00c0 GRANDES FEUILLES<br \/>\nTHYM<br \/>\nC\u00c8DRE<br \/>\nOLIVIER<br \/>\nBOIS DE SANTAL<br \/>\nDESCRIPTION DU PARFUM :<\/p>\n<p>Vous savez o\u00f9 vous allez, mais vous c\u00e9l\u00e9brez chaque instant ? Essayez ce parfum captivant pour les femmes passionn\u00e9es et spontan\u00e9es qui rel\u00e8vent courageusement les d\u00e9fis. La composition fruit\u00e9e et bois\u00e9e vous donne de l&rsquo;\u00e9nergie et vous enveloppe d&rsquo;une aura distinctive et stimulante. Les notes \u00e9pic\u00e9es portent un ar\u00f4me myst\u00e9rieux qui vous inspire \u00e0 suivre votre propre chemin, \u00e0 vos propres conditions.   <\/p>\n<p>Eau de Parfum 098W est le successeur du best-seller Hugo Boss Alive. C&rsquo;est un parfum qui vous emm\u00e8ne en voyage autour du monde sans quitter votre maison. La vanille de Madagascar, la cannelle et le bois de santal sonnent le d\u00e9but d&rsquo;une aventure exotique dans laquelle vous jouez les premiers violons !  <\/p>\n<p>CARACTERISTIQUES DU PARFUM VIVANT :<br \/>\nType de parfum : fruit\u00e9, bois\u00e9, \u00e9pic\u00e9<br \/>\nPour qui : femme<br \/>\nVolume : 30 ml \/ 50 ml \/ 100 ml<br \/>\nCode produit : 098W<\/p>\n<p>Quelle est l&rsquo;odeur de l&rsquo;\u00e9quivalent du parfum Hugo Boss Alive ?<br \/>\nC&rsquo;est un parfum remarquable, tr\u00e8s f\u00e9minin et beau, qui peut \u00eatre class\u00e9 comme \u00e9pic\u00e9, bois\u00e9, mais aussi fruit\u00e9. Parmi ses notes olfactives, on peut percevoir des accents de cannelle chaude, de bois de santal, d&rsquo;olivier, mais aussi de fleurs de jasmin et de vanille. Le parfum de cette composition fait na\u00eetre un sourire sur le visage, est raffin\u00e9 et a quelque chose de s\u00e9duisant.  <\/p>\n","protected":false},"excerpt":{"rendered":"<p class=\"product__text inline-richtext\">Inspiration : Hugo Boss ALIVE EDP 80ML<\/p>\n<p class=\"product__text inline-richtext\"><strong>\u2705 Eau de toilette 19-21% Parfum<\/strong><\/p>\n<p class=\"product__text inline-richtext\"><strong>\u2705 Le parfum dure une seconde journ\u00e9e<\/strong><\/p>\n<p class=\"product__text inline-richtext\"><strong>Achetez le parfum, pas la marque - \u00e9conomisez de l&rsquo;argent<\/strong><\/p>\n","protected":false},"featured_media":35898,"comment_status":"open","ping_status":"closed","template":"","meta":{"_acf_changed":false},"product_brand":[],"product_cat":[203],"product_tag":[],"class_list":{"0":"post-26648","1":"product","2":"type-product","3":"status-publish","4":"has-post-thumbnail","6":"product_cat-pour-les-femmes","8":"first","9":"instock","10":"shipping-taxable","11":"purchasable","12":"product-type-variable"},"acf":[],"aioseo_notices":[],"jetpack_sharing_enabled":true,"_links":{"self":[{"href":"https:\/\/dupescents.co\/fr\/wp-json\/wp\/v2\/product\/26648","targetHints":{"allow":["GET"]}}],"collection":[{"href":"https:\/\/dupescents.co\/fr\/wp-json\/wp\/v2\/product"}],"about":[{"href":"https:\/\/dupescents.co\/fr\/wp-json\/wp\/v2\/types\/product"}],"replies":[{"embeddable":true,"href":"https:\/\/dupescents.co\/fr\/wp-json\/wp\/v2\/comments?post=26648"}],"wp:featuredmedia":[{"embeddable":true,"href":"https:\/\/dupescents.co\/fr\/wp-json\/wp\/v2\/media\/35898"}],"wp:attachment":[{"href":"https:\/\/dupescents.co\/fr\/wp-json\/wp\/v2\/media?parent=26648"}],"wp:term":[{"taxonomy":"product_brand","embeddable":true,"href":"https:\/\/dupescents.co\/fr\/wp-json\/wp\/v2\/product_brand?post=26648"},{"taxonomy":"product_cat","embeddable":true,"href":"https:\/\/dupescents.co\/fr\/wp-json\/wp\/v2\/product_cat?post=26648"},{"taxonomy":"product_tag","embeddable":true,"href":"https:\/\/dupescents.co\/fr\/wp-json\/wp\/v2\/product_tag?post=26648"}],"curies":[{"name":"wp","href":"https:\/\/api.w.org\/{rel}","templated":true}]}}