{"id":26640,"date":"2025-03-30T12:25:53","date_gmt":"2025-03-30T10:25:53","guid":{"rendered":"https:\/\/dupescents.co\/products\/sent-comme-jasmin-noir\/"},"modified":"2025-11-05T19:23:34","modified_gmt":"2025-11-05T18:23:34","slug":"sent-comme-jasmin-noir","status":"publish","type":"product","link":"https:\/\/dupescents.co\/fr\/products\/sent-comme-jasmin-noir\/","title":{"rendered":"Sent comme&#8230; Jasmin Noir"},"content":{"rendered":"<p>413W - Ersatz f\u00fcr Bvlgari Jasmin Noir<br \/>\nEAU DE PARFUM NR. 413W - ERSATZ F\u00dcR BVLGARI JASMIN NOIR PARF\u00dcM<\/p>\n<p>DUFTNOTEN VON UNSEREM ERSATZ:<\/p>\n<p>GARDENIA<br \/>\nGR\u00dcNE N\u00dcSSE<br \/>\nGROSSBL\u00c4TTRIGER JASMIN<br \/>\nM\u00dcNZE<br \/>\nLUCITE<br \/>\nTONKA FR\u00dcCHTE<br \/>\nEDLE H\u00d6LZER<br \/>\nBURSHITE<br \/>\nPI\u017bMO<br \/>\nPACULA<br \/>\nDUFTBESCHREIBUNG:<\/p>\n<p>Eine Mischung aus Geheimnis und Romantik - eine dunkle, sternenklare Nacht mit einem Morgen auf einer Blumenwiese! Das Gegenst\u00fcck zum Duft Bvlgari Jasmin Noir wurde kreiert, um die sch\u00f6nsten weiblichen Eigenschaften zu betonen. Die Komposition besteht aus gr\u00fcnen Noten, Gardenie, Jasmin, Tonkabohne, Moschus und Patchouli.<\/p>\n<p>EIGENSCHAFTEN DES PARF\u00dcMS BVLGARI JASMIN NOIR EQUIVALENT :<br \/>\nDufttyp: blumig, orientalisch.<br \/>\nF\u00fcr wen: Frauen<br \/>\nInhalt 10 ml \/ 30 ml \/ 50 ml \/ 100 ml<br \/>\nProdukt-Code: 413W<br \/>\nDer Preis f\u00fcr dieses Parf\u00fcm h\u00e4ngt von der angegebenen Menge ab.<br \/>\nBitte geben Sie uns nach dem Kauf Ihr Feedback!<\/p>\n","protected":false},"excerpt":{"rendered":"<p>Inspiration : Bvlgari Jasmin Noir EDT 50ML<\/p>\n<p class=\"product__text inline-richtext\"><strong>\u2705 Eau de toilette 19-21% Parfum<\/strong><\/p>\n<p class=\"product__text inline-richtext\"><strong>\u2705 Le parfum dure une seconde journ\u00e9e<\/strong><\/p>\n<p class=\"product__text inline-richtext\"><strong>Achetez le parfum, pas la marque - \u00e9conomisez de l&rsquo;argent<\/strong><\/p>\n","protected":false},"featured_media":36186,"comment_status":"open","ping_status":"closed","template":"","meta":{"_acf_changed":false},"product_brand":[],"product_cat":[203],"product_tag":[],"class_list":{"0":"post-26640","1":"product","2":"type-product","3":"status-publish","4":"has-post-thumbnail","6":"product_cat-pour-les-femmes","8":"first","9":"instock","10":"shipping-taxable","11":"purchasable","12":"product-type-variable"},"acf":[],"aioseo_notices":[],"jetpack_sharing_enabled":true,"_links":{"self":[{"href":"https:\/\/dupescents.co\/fr\/wp-json\/wp\/v2\/product\/26640","targetHints":{"allow":["GET"]}}],"collection":[{"href":"https:\/\/dupescents.co\/fr\/wp-json\/wp\/v2\/product"}],"about":[{"href":"https:\/\/dupescents.co\/fr\/wp-json\/wp\/v2\/types\/product"}],"replies":[{"embeddable":true,"href":"https:\/\/dupescents.co\/fr\/wp-json\/wp\/v2\/comments?post=26640"}],"wp:featuredmedia":[{"embeddable":true,"href":"https:\/\/dupescents.co\/fr\/wp-json\/wp\/v2\/media\/36186"}],"wp:attachment":[{"href":"https:\/\/dupescents.co\/fr\/wp-json\/wp\/v2\/media?parent=26640"}],"wp:term":[{"taxonomy":"product_brand","embeddable":true,"href":"https:\/\/dupescents.co\/fr\/wp-json\/wp\/v2\/product_brand?post=26640"},{"taxonomy":"product_cat","embeddable":true,"href":"https:\/\/dupescents.co\/fr\/wp-json\/wp\/v2\/product_cat?post=26640"},{"taxonomy":"product_tag","embeddable":true,"href":"https:\/\/dupescents.co\/fr\/wp-json\/wp\/v2\/product_tag?post=26640"}],"curies":[{"name":"wp","href":"https:\/\/api.w.org\/{rel}","templated":true}]}}