{"id":26611,"date":"2025-03-30T12:24:30","date_gmt":"2025-03-30T10:24:30","guid":{"rendered":"https:\/\/dupescents.co\/products\/sent-comme-fleur\/"},"modified":"2026-02-21T23:40:35","modified_gmt":"2026-02-21T22:40:35","slug":"sent-comme-fleur","status":"publish","type":"product","link":"https:\/\/dupescents.co\/fr\/products\/sent-comme-fleur\/","title":{"rendered":"Sent comme&#8230; Fleur"},"content":{"rendered":"<p>PARFUMS DE NOTRE SUBSTITUT :<\/p>\n<p>PARMA VIOLET<br \/>\nROSE BULGARE<br \/>\nVANILLE<br \/>\nPIZMO BLANC<br \/>\nMIEL<br \/>\nOPONAC\u00c9<br \/>\nCIEL<br \/>\nJASMIN<br \/>\nCURCUMA NOIR<br \/>\nMANDARINE<br \/>\nDESCRIPTION DU PARFUM :<\/p>\n<p>Un parfum f\u00e9minin romantique qui \u00e9voque une prairie luxuriante et fleurie. Pendant du parfum Kenzo Flower, cette composition sans pr\u00e9c\u00e9dent associe la dimension orientale de l&rsquo;encens et du musc blanc \u00e0 de magnifiques accords floraux et \u00e0 la douceur de la vanille. Cr\u00e9\u00e9 pour un usage quotidien, ce parfum plaira certainement aux porteuses en qu\u00eate d&rsquo;originalit\u00e9 olfactive.  <\/p>\n<p>CARACTERISTIQUES DU PARFUM KENZO FLOWER :<br \/>\nType de parfum : oriental, floral<br \/>\nPour qui : femmes<br \/>\nContenu : 30 ml \/ 50 ml \/ 100 ml<br \/>\nCode produit : 074W<\/p>\n<p>Que sent l&rsquo;\u00e9quivalent de Kenzo Flower Parfum ?<br \/>\nC&rsquo;est un beau parfum f\u00e9minin, qualifi\u00e9 d&rsquo;oriental et de floral. Il contient des notes de rose, de mandarine, mais aussi de vanille, de groseille et un peu de la belle odeur de la fleur de jasmin, ainsi qu&rsquo;une touche d&rsquo;encens. Un m\u00e9lange \u00e0 la fois merveilleux et utile pour les femmes \u00e0 la recherche de quelque chose d&rsquo;original.  <\/p>\n<p>Pourquoi le substitut de parfum Kenzo Flower m\u00e9rite-t-il d&rsquo;\u00eatre envisag\u00e9 ?<br \/>\nIl s&rsquo;agit d&rsquo;une composition olfactive \u00e0 la fois unique et inhabituelle, dont les notes sont en fin de compte associ\u00e9es \u00e0 la nature et \u00e0 la ville. L&rsquo;ensemble du parfum convient \u00e0 un usage quotidien. <\/p>\n","protected":false},"excerpt":{"rendered":"<p>Inspiration : Kenzo Flower EDP 50ML<\/p>\n<p class=\"product__text inline-richtext\"><strong>\u2705 Eau de toilette 19-21% Parfum<\/strong><\/p>\n<p class=\"product__text inline-richtext\"><strong>\u2705 Le parfum dure une seconde journ\u00e9e<\/strong><\/p>\n<p class=\"product__text inline-richtext\"><strong>Achetez le parfum, pas la marque - \u00e9conomisez de l&rsquo;argent<\/strong><\/p>\n","protected":false},"featured_media":35876,"comment_status":"open","ping_status":"closed","template":"","meta":{"_acf_changed":false},"product_brand":[],"product_cat":[203],"product_tag":[],"class_list":{"0":"post-26611","1":"product","2":"type-product","3":"status-publish","4":"has-post-thumbnail","6":"product_cat-pour-les-femmes","8":"first","9":"instock","10":"shipping-taxable","11":"purchasable","12":"product-type-variable"},"acf":[],"aioseo_notices":[],"jetpack_sharing_enabled":true,"_links":{"self":[{"href":"https:\/\/dupescents.co\/fr\/wp-json\/wp\/v2\/product\/26611","targetHints":{"allow":["GET"]}}],"collection":[{"href":"https:\/\/dupescents.co\/fr\/wp-json\/wp\/v2\/product"}],"about":[{"href":"https:\/\/dupescents.co\/fr\/wp-json\/wp\/v2\/types\/product"}],"replies":[{"embeddable":true,"href":"https:\/\/dupescents.co\/fr\/wp-json\/wp\/v2\/comments?post=26611"}],"wp:featuredmedia":[{"embeddable":true,"href":"https:\/\/dupescents.co\/fr\/wp-json\/wp\/v2\/media\/35876"}],"wp:attachment":[{"href":"https:\/\/dupescents.co\/fr\/wp-json\/wp\/v2\/media?parent=26611"}],"wp:term":[{"taxonomy":"product_brand","embeddable":true,"href":"https:\/\/dupescents.co\/fr\/wp-json\/wp\/v2\/product_brand?post=26611"},{"taxonomy":"product_cat","embeddable":true,"href":"https:\/\/dupescents.co\/fr\/wp-json\/wp\/v2\/product_cat?post=26611"},{"taxonomy":"product_tag","embeddable":true,"href":"https:\/\/dupescents.co\/fr\/wp-json\/wp\/v2\/product_tag?post=26611"}],"curies":[{"name":"wp","href":"https:\/\/api.w.org\/{rel}","templated":true}]}}