{"id":26603,"date":"2025-03-30T12:31:01","date_gmt":"2025-03-30T10:31:01","guid":{"rendered":"https:\/\/dupescents.co\/products\/sent-comme-candy\/"},"modified":"2026-02-22T00:22:56","modified_gmt":"2026-02-21T23:22:56","slug":"sent-comme-candy","status":"publish","type":"product","link":"https:\/\/dupescents.co\/fr\/products\/sent-comme-candy\/","title":{"rendered":"Sent comme&#8230; Candy"},"content":{"rendered":"<p>182W - Prada Candy remplacement<br \/>\nEAU DE PARFUM NO 182W - PRADA CANDY REMPLACEMENT<\/p>\n<p>PARFUMS DE NOTRE REMPLACEMENT :<\/p>\n<p>CARAMEL<br \/>\nBENZOES<br \/>\nPI\u017bMO<br \/>\nNOTES EN POUDRE<br \/>\nVANILLE<br \/>\nDESCRIPTION DU PARFUM :<\/p>\n<p>Une eau de toilette pour les femmes audacieuses, qui s\u00e9duit par sa douceur. Notre \u00e9quivalent de Prada Candy vous fera sortir du lot et vous s\u00e9duira par ses accords inimitables. L&rsquo;association sensuelle du caramel avec le musc et la vanille sucr\u00e9e ravira les femmes de votre entourage qui savent ce qu&rsquo;elles veulent dans la vie et qui aiment les nouvelles sensations.  <\/p>\n<p>CARACTERISTIQUES DE L&rsquo;EQUIVALENT DU PARFUM PRADA CANDY :<br \/>\nType de parfum : oriental<br \/>\nPour qui : femmes<br \/>\nContenu : 10 ml \/ 30 ml \/ 50 ml \/ 100 ml<br \/>\nCode produit : 182W<br \/>\nLe prix de ce parfum d\u00e9pend de la quantit\u00e9 indiqu\u00e9e.<br \/>\nMerci de nous donner votre avis apr\u00e8s l&rsquo;achat !<\/p>\n<p>Voir aussi les autres parfums Prada et leurs produits de remplacement.<\/p>\n<p>Quelle est l&rsquo;odeur du parfum Prada Candy correspondant ?<br \/>\nIl s&rsquo;agit d&rsquo;un parfum tr\u00e8s f\u00e9minin, reconnu comme un ar\u00f4me oriental. Si vous essayez de le renifler, vous pouvez percevoir, entre autres, des notes de vanille, de caramel sucr\u00e9 et une touche de notes poudr\u00e9es. <\/p>\n","protected":false},"excerpt":{"rendered":"<p class=\"product__text inline-richtext\">Inspiration : Prada Candy EDP 30ML<\/p>\n<p class=\"product__text inline-richtext\"><strong>\u2705 Eau de toilette 19-21% Parfum<\/strong><\/p>\n<p class=\"product__text inline-richtext\"><strong>\u2705 Le parfum dure une seconde journ\u00e9e<\/strong><\/p>\n<p class=\"product__text inline-richtext\"><strong>Achetez le parfum, pas la marque - \u00e9conomisez de l&rsquo;argent<\/strong><\/p>\n","protected":false},"featured_media":35910,"comment_status":"open","ping_status":"closed","template":"","meta":{"_acf_changed":false},"product_brand":[],"product_cat":[203],"product_tag":[],"class_list":{"0":"post-26603","1":"product","2":"type-product","3":"status-publish","4":"has-post-thumbnail","6":"product_cat-pour-les-femmes","8":"first","9":"instock","10":"shipping-taxable","11":"purchasable","12":"product-type-variable"},"acf":[],"aioseo_notices":[],"jetpack_sharing_enabled":true,"_links":{"self":[{"href":"https:\/\/dupescents.co\/fr\/wp-json\/wp\/v2\/product\/26603","targetHints":{"allow":["GET"]}}],"collection":[{"href":"https:\/\/dupescents.co\/fr\/wp-json\/wp\/v2\/product"}],"about":[{"href":"https:\/\/dupescents.co\/fr\/wp-json\/wp\/v2\/types\/product"}],"replies":[{"embeddable":true,"href":"https:\/\/dupescents.co\/fr\/wp-json\/wp\/v2\/comments?post=26603"}],"wp:featuredmedia":[{"embeddable":true,"href":"https:\/\/dupescents.co\/fr\/wp-json\/wp\/v2\/media\/35910"}],"wp:attachment":[{"href":"https:\/\/dupescents.co\/fr\/wp-json\/wp\/v2\/media?parent=26603"}],"wp:term":[{"taxonomy":"product_brand","embeddable":true,"href":"https:\/\/dupescents.co\/fr\/wp-json\/wp\/v2\/product_brand?post=26603"},{"taxonomy":"product_cat","embeddable":true,"href":"https:\/\/dupescents.co\/fr\/wp-json\/wp\/v2\/product_cat?post=26603"},{"taxonomy":"product_tag","embeddable":true,"href":"https:\/\/dupescents.co\/fr\/wp-json\/wp\/v2\/product_tag?post=26603"}],"curies":[{"name":"wp","href":"https:\/\/api.w.org\/{rel}","templated":true}]}}