{"id":26593,"date":"2025-03-30T13:25:29","date_gmt":"2025-03-30T11:25:29","guid":{"rendered":"https:\/\/dupescents.co\/products\/sent-comme-la-vie-est-belle-intensement\/"},"modified":"2025-11-05T19:23:28","modified_gmt":"2025-11-05T18:23:28","slug":"sent-comme-la-vie-est-belle-intensement","status":"publish","type":"product","link":"https:\/\/dupescents.co\/fr\/products\/sent-comme-la-vie-est-belle-intensement\/","title":{"rendered":"Sent comme&#8230; La Vie Est Belle Intensement"},"content":{"rendered":"<p>109W - Ersatz f\u00fcr Lancome La Vie Est Belle Intensement<br \/>\nEAU DE PARFUM NO 109W - ERSATZ LANCOME LA VIE EST BELLE INTENSEMENT<\/p>\n<p>DUFTNOTEN UNSERES ERSATZES:<\/p>\n<p>MALINE<br \/>\nROSENPAPRIKA<br \/>\nBERGAMOT<br \/>\nHELIOTROP<br \/>\nGROSSBL\u00c4TTRIGER JASMIN<br \/>\nORANGENBLUME<br \/>\nVANILLE<br \/>\nIRIS<br \/>\nBENZOES<br \/>\nPACULA<br \/>\nSANDELHOLZ<br \/>\nDUFTBESCHREIBUNG:<\/p>\n<p>Diese in einem Flakon verpackte Komposition mit dem Duft von Himbeere, rosa Pfeffer und Bergamotte verspr\u00fcht positive Energie. Eine Energie, die Sie schon beim ersten Schnuppern freisetzen werden. Lassen Sie sich von der Magie der ungez\u00fcgelten Freude mitrei\u00dfen!<\/p>\n<p>Probieren Sie 109W, die Inspiration des Parfums La Vie Est Belle Intens\u00e9ment von Lanc\u00f4me. Eine intensivere Version des Originals, mit einem Hauch von S\u00fc\u00dfe, durchbrochen von Frische und einem Hauch von Orient, den Sie vom ersten Moment an lieben werden!<\/p>\n<p>MERKMALE DES \u00c4QUIVALENTS DES PARFUMS LA VIE EST BELLE INTENSEMENT:<br \/>\nDufttyp: orientalisch, blumig<br \/>\nF\u00fcr wen: Frauen<br \/>\nVolumen: 10 ml \/ 30 ml \/ 50 ml \/ 100 ml<br \/>\nProdukt-Code: 109W<br \/>\nDer Preis f\u00fcr dieses Parf\u00fcm h\u00e4ngt von der angegebenen Menge ab.<br \/>\nBitte geben Sie uns nach dem Kauf Ihr Feedback!<\/p>\n<p>Siehe auch andere Lancome Parfums und deren Ersatzprodukte.<\/p>\n","protected":false},"excerpt":{"rendered":"<p>Inspiration : Lancome La Vie Est Belle INTENSEMENT EDP 30ML<\/p>\n<p class=\"product__text inline-richtext\"><strong>\u2705 Eau de toilette 19-21% Parfum<\/strong><\/p>\n<p class=\"product__text inline-richtext\"><strong>\u2705 Le parfum dure une seconde journ\u00e9e<\/strong><\/p>\n<p class=\"product__text inline-richtext\"><strong>Achetez le parfum, pas la marque - \u00e9conomisez de l&rsquo;argent<\/strong><\/p>\n","protected":false},"featured_media":36244,"comment_status":"open","ping_status":"closed","template":"","meta":{"_acf_changed":false},"product_brand":[],"product_cat":[203],"product_tag":[],"class_list":{"0":"post-26593","1":"product","2":"type-product","3":"status-publish","4":"has-post-thumbnail","6":"product_cat-pour-les-femmes","8":"first","9":"instock","10":"shipping-taxable","11":"purchasable","12":"product-type-variable"},"acf":[],"aioseo_notices":[],"jetpack_sharing_enabled":true,"_links":{"self":[{"href":"https:\/\/dupescents.co\/fr\/wp-json\/wp\/v2\/product\/26593","targetHints":{"allow":["GET"]}}],"collection":[{"href":"https:\/\/dupescents.co\/fr\/wp-json\/wp\/v2\/product"}],"about":[{"href":"https:\/\/dupescents.co\/fr\/wp-json\/wp\/v2\/types\/product"}],"replies":[{"embeddable":true,"href":"https:\/\/dupescents.co\/fr\/wp-json\/wp\/v2\/comments?post=26593"}],"wp:featuredmedia":[{"embeddable":true,"href":"https:\/\/dupescents.co\/fr\/wp-json\/wp\/v2\/media\/36244"}],"wp:attachment":[{"href":"https:\/\/dupescents.co\/fr\/wp-json\/wp\/v2\/media?parent=26593"}],"wp:term":[{"taxonomy":"product_brand","embeddable":true,"href":"https:\/\/dupescents.co\/fr\/wp-json\/wp\/v2\/product_brand?post=26593"},{"taxonomy":"product_cat","embeddable":true,"href":"https:\/\/dupescents.co\/fr\/wp-json\/wp\/v2\/product_cat?post=26593"},{"taxonomy":"product_tag","embeddable":true,"href":"https:\/\/dupescents.co\/fr\/wp-json\/wp\/v2\/product_tag?post=26593"}],"curies":[{"name":"wp","href":"https:\/\/api.w.org\/{rel}","templated":true}]}}