{"id":26585,"date":"2025-03-30T12:31:55","date_gmt":"2025-03-30T10:31:55","guid":{"rendered":"https:\/\/dupescents.co\/products\/sent-comme-laurent-opium-2\/"},"modified":"2025-11-05T19:23:28","modified_gmt":"2025-11-05T18:23:28","slug":"sent-comme-laurent-opium-2","status":"publish","type":"product","link":"https:\/\/dupescents.co\/fr\/products\/sent-comme-laurent-opium-2\/","title":{"rendered":"Sent comme&#8230; Laurent Opium"},"content":{"rendered":"<p>083W - Ersatz f\u00fcr Yves Saint Laurent Opium<br \/>\nEAU DE PARFUM NO 083W - ERSATZ F\u00dcR YVES SAINT LAURENT OPIUM<\/p>\n<p>DUFTNOTEN VON UNSEREM ERSATZ:<\/p>\n<p>MIRRA<br \/>\nCLOVE PLANT<br \/>\nOPPONACS<br \/>\nBURSHINE<br \/>\nPACULA<br \/>\nVANILLA<br \/>\nJASMINE<br \/>\nMANDARIN<br \/>\nBERGAMOTTE<br \/>\nCONVALIA<br \/>\nDUFTBESCHREIBUNG:<\/p>\n<p>Ein Duft voller hei\u00dfer Emotionen und Freude. Unser Gegenst\u00fcck zum Opium-Duft von Yves Saint Laurent ist ein luxuri\u00f6ses und raffiniertes Eau de Parfum mit langer Haltbarkeit. Seine Tr\u00e4gerinnen werden mit ihm ihre immense Sinnlichkeit und Sehnsucht nach dem Orient ausdr\u00fccken. Es ist der perfekte Duft f\u00fcr den Abend und besondere Anl\u00e4sse.<\/p>\n<p>MERKMALE DES PARFUMS OPIUM YSL EQUIVALENT:<br \/>\nDufttyp: orientalisch, w\u00fcrzig<br \/>\nF\u00fcr wen: weiblich<br \/>\nInhalt: 10ml \/ 30ml \/ 50ml \/ 100ml<br \/>\nProdukt-Code: 083W<br \/>\nDer Preis f\u00fcr dieses Parf\u00fcm h\u00e4ngt von der angegebenen Menge ab.<br \/>\nBitte geben Sie uns Ihr Feedback nach dem Kauf!<\/p>\n<p>Sehen Sie auch andere Yves Saint Laurent Parfums und ihre Ersatzprodukte.<\/p>\n<p>Schauen Sie sich auch den Black Opium Parf\u00fcm Ersatz und das Floral Shock \u00c4quivalent an.<\/p>\n","protected":false},"excerpt":{"rendered":"<p class=\"product__text inline-richtext\">Inspiration : Yves Saint Laurent Opium EDT 30ML<\/p>\n<p class=\"product__text inline-richtext\"><strong>\u2705 Eau de toilette 19-21% Parfum<\/strong><\/p>\n<p class=\"product__text inline-richtext\"><strong>\u2705 Le parfum dure une seconde journ\u00e9e<\/strong><\/p>\n<p class=\"product__text inline-richtext\"><strong>Achetez le parfum, pas la marque - \u00e9conomisez de l&rsquo;argent<\/strong><\/p>\n","protected":false},"featured_media":36253,"comment_status":"open","ping_status":"closed","template":"","meta":{"_acf_changed":false},"product_brand":[],"product_cat":[203],"product_tag":[],"class_list":{"0":"post-26585","1":"product","2":"type-product","3":"status-publish","4":"has-post-thumbnail","6":"product_cat-pour-les-femmes","8":"first","9":"instock","10":"shipping-taxable","11":"purchasable","12":"product-type-variable"},"acf":[],"aioseo_notices":[],"jetpack_sharing_enabled":true,"_links":{"self":[{"href":"https:\/\/dupescents.co\/fr\/wp-json\/wp\/v2\/product\/26585","targetHints":{"allow":["GET"]}}],"collection":[{"href":"https:\/\/dupescents.co\/fr\/wp-json\/wp\/v2\/product"}],"about":[{"href":"https:\/\/dupescents.co\/fr\/wp-json\/wp\/v2\/types\/product"}],"replies":[{"embeddable":true,"href":"https:\/\/dupescents.co\/fr\/wp-json\/wp\/v2\/comments?post=26585"}],"wp:featuredmedia":[{"embeddable":true,"href":"https:\/\/dupescents.co\/fr\/wp-json\/wp\/v2\/media\/36253"}],"wp:attachment":[{"href":"https:\/\/dupescents.co\/fr\/wp-json\/wp\/v2\/media?parent=26585"}],"wp:term":[{"taxonomy":"product_brand","embeddable":true,"href":"https:\/\/dupescents.co\/fr\/wp-json\/wp\/v2\/product_brand?post=26585"},{"taxonomy":"product_cat","embeddable":true,"href":"https:\/\/dupescents.co\/fr\/wp-json\/wp\/v2\/product_cat?post=26585"},{"taxonomy":"product_tag","embeddable":true,"href":"https:\/\/dupescents.co\/fr\/wp-json\/wp\/v2\/product_tag?post=26585"}],"curies":[{"name":"wp","href":"https:\/\/api.w.org\/{rel}","templated":true}]}}