{"id":26566,"date":"2025-03-30T12:34:29","date_gmt":"2025-03-30T10:34:29","guid":{"rendered":"https:\/\/dupescents.co\/products\/sent-comme-le-parfum-2\/"},"modified":"2025-11-05T19:23:26","modified_gmt":"2025-11-05T18:23:26","slug":"sent-comme-le-parfum-2","status":"publish","type":"product","link":"https:\/\/dupescents.co\/fr\/products\/sent-comme-le-parfum-2\/","title":{"rendered":"Sent comme&#8230; Le parfum"},"content":{"rendered":"<p>184W - Hugo Boss The Scent Ersatz<br \/>\nEAU DE PARFUM NO 184W - ERSATZ F\u00dcR HUGO BOSS THE SCENT<\/p>\n<p>DUFTNOTEN UNSERES ERSATZES:<\/p>\n<p>BROSCOSE<br \/>\nFRISCH<br \/>\nOSMANTUS<br \/>\nCOCO<br \/>\nDUFTBESCHREIBUNG:<\/p>\n<p>Ein verf\u00fchrerisches Eau de Parfum, das die Sinne befl\u00fcgelt und mit seiner Sinnlichkeit verf\u00fchrt. Unser \u00c4quivalent zu Hugo Boss The Scent ist f\u00fcr selbstbewusste Frauen, die es lieben, die Aufmerksamkeit der anderen auf sich zu lenken. Diese Komposition ist sowohl f\u00fcr den Tag als auch f\u00fcr den Abend geeignet.<\/p>\n<p>EIGENSCHAFTEN DES GEGENST\u00dcCKS DES PARFUMS:<br \/>\nDufttyp: fruchtig, blumig<br \/>\nF\u00fcr wen: Frauen<br \/>\nVolumen: 30 ml \/ 50 ml \/ 100 ml<br \/>\nProdukt-Code: 184W<br \/>\nDer Preis f\u00fcr dieses Parf\u00fcm h\u00e4ngt von der angegebenen Menge ab.<br \/>\nBitte geben Sie uns Ihr Feedback nach dem Kauf!<\/p>\n<p>Sehen Sie auch andere Hugo Boss Parfums und ihre Ersatzprodukte.<\/p>\n<p>Wonach riecht das Parf\u00fcm Hugo Boss The Scent equivalent?<br \/>\nDieser sehr interessante und sch\u00f6ne Damenduft wird als blumig, aber auch als fruchtig eingestuft. Sie k\u00f6nnen unter anderem die Duftnoten von Freesie, Pfirsich oder Osmanthus wahrnehmen. Die gesamte Komposition ist sehr elegant und als Parf\u00fcm f\u00fcr Frauen funktioniert es perfekt und regt die Sinne wunderbar an.<\/p>\n","protected":false},"excerpt":{"rendered":"<p class=\"product__text inline-richtext\">Inspiration : Hugo Boss The Scent EDP 30ML<\/p>\n<p class=\"product__text inline-richtext\"><strong>\u2705 Eau de toilette 19-21% Parfum<\/strong><\/p>\n<p class=\"product__text inline-richtext\"><strong>\u2705 Le parfum dure une seconde journ\u00e9e<\/strong><\/p>\n<p class=\"product__text inline-richtext\"><strong>Achetez le parfum, pas la marque - \u00e9conomisez de l&rsquo;argent<\/strong><\/p>\n","protected":false},"featured_media":36250,"comment_status":"open","ping_status":"closed","template":"","meta":{"_acf_changed":false},"product_brand":[],"product_cat":[203],"product_tag":[],"class_list":{"0":"post-26566","1":"product","2":"type-product","3":"status-publish","4":"has-post-thumbnail","6":"product_cat-pour-les-femmes","8":"first","9":"instock","10":"shipping-taxable","11":"purchasable","12":"product-type-variable"},"acf":[],"aioseo_notices":[],"jetpack_sharing_enabled":true,"_links":{"self":[{"href":"https:\/\/dupescents.co\/fr\/wp-json\/wp\/v2\/product\/26566","targetHints":{"allow":["GET"]}}],"collection":[{"href":"https:\/\/dupescents.co\/fr\/wp-json\/wp\/v2\/product"}],"about":[{"href":"https:\/\/dupescents.co\/fr\/wp-json\/wp\/v2\/types\/product"}],"replies":[{"embeddable":true,"href":"https:\/\/dupescents.co\/fr\/wp-json\/wp\/v2\/comments?post=26566"}],"wp:featuredmedia":[{"embeddable":true,"href":"https:\/\/dupescents.co\/fr\/wp-json\/wp\/v2\/media\/36250"}],"wp:attachment":[{"href":"https:\/\/dupescents.co\/fr\/wp-json\/wp\/v2\/media?parent=26566"}],"wp:term":[{"taxonomy":"product_brand","embeddable":true,"href":"https:\/\/dupescents.co\/fr\/wp-json\/wp\/v2\/product_brand?post=26566"},{"taxonomy":"product_cat","embeddable":true,"href":"https:\/\/dupescents.co\/fr\/wp-json\/wp\/v2\/product_cat?post=26566"},{"taxonomy":"product_tag","embeddable":true,"href":"https:\/\/dupescents.co\/fr\/wp-json\/wp\/v2\/product_tag?post=26566"}],"curies":[{"name":"wp","href":"https:\/\/api.w.org\/{rel}","templated":true}]}}