{"id":26556,"date":"2025-03-30T13:32:59","date_gmt":"2025-03-30T11:32:59","guid":{"rendered":"https:\/\/dupescents.co\/products\/sent-comme-veneta\/"},"modified":"2025-11-05T19:23:25","modified_gmt":"2025-11-05T18:23:25","slug":"sent-comme-veneta","status":"publish","type":"product","link":"https:\/\/dupescents.co\/fr\/products\/sent-comme-veneta\/","title":{"rendered":"Sent comme&#8230; Veneta"},"content":{"rendered":"<p>107W - Bottega Veneta-\u00c4quivalent<br \/>\n107W EAU DE PARFUM - BOTTEGA VENETA \u00c4QUIVALENT<\/p>\n<p>DUFTNOTEN VON UNSEREM ERSATZ:<\/p>\n<p>LEATHER<br \/>\nEICHENMOSS<br \/>\nPACULA<br \/>\nROSENPFEFFER<br \/>\nJASMINE<br \/>\nBERGAMOT<br \/>\nDUFTBESCHREIBUNG:<\/p>\n<p>Ein anspruchsvolles Eau de Parfum f\u00fcr entschlossene Pers\u00f6nlichkeiten. Unser Pendant zum Duft von Bottega Veneta ist ein Parf\u00fcm f\u00fcr die ewig junge Frau, das durch seine Eleganz und einen Hauch von Luxus besticht. Die sch\u00f6ne Kombination aus blumigen und w\u00fcrzigen Noten erinnert an das italienische Landleben mit seiner idyllischen Atmosph\u00e4re und malerischen Landschaften. Der Duft ist perfekt, um ihn den ganzen Tag zu tragen.<\/p>\n<p>MERKMALE VON BOTTEGA VENETA EQUIVALENT PARFUM:<br \/>\nDufttyp: blumig, Chypre<br \/>\nF\u00fcr wen: Frauen<br \/>\nVolumen: 10 ml \/ 30 ml \/ 50 ml \/ 100 ml<br \/>\nProdukt-Code: 107W<br \/>\nDer Preis f\u00fcr dieses Parf\u00fcm h\u00e4ngt von der angegebenen Menge ab.<br \/>\nBitte geben Sie uns Ihr Feedback nach dem Kauf!<\/p>\n<p>Sehen Sie auch andere Bottega Veneta Parfums und ihre Ersatzprodukte.<\/p>\n","protected":false},"excerpt":{"rendered":"<p>Inspiration : Bottega Veneta EDP 30ML<\/p>\n<p class=\"product__text inline-richtext\"><strong>\u2705 Eau de toilette 19-21% Parfum<\/strong><\/p>\n<p class=\"product__text inline-richtext\"><strong>\u2705 Le parfum dure une seconde journ\u00e9e<\/strong><\/p>\n<p class=\"product__text inline-richtext\"><strong>Achetez le parfum, pas la marque - \u00e9conomisez de l&rsquo;argent<\/strong><\/p>\n","protected":false},"featured_media":36241,"comment_status":"open","ping_status":"closed","template":"","meta":{"_acf_changed":false},"product_brand":[],"product_cat":[203],"product_tag":[],"class_list":{"0":"post-26556","1":"product","2":"type-product","3":"status-publish","4":"has-post-thumbnail","6":"product_cat-pour-les-femmes","8":"first","9":"instock","10":"shipping-taxable","11":"purchasable","12":"product-type-variable"},"acf":[],"aioseo_notices":[],"jetpack_sharing_enabled":true,"_links":{"self":[{"href":"https:\/\/dupescents.co\/fr\/wp-json\/wp\/v2\/product\/26556","targetHints":{"allow":["GET"]}}],"collection":[{"href":"https:\/\/dupescents.co\/fr\/wp-json\/wp\/v2\/product"}],"about":[{"href":"https:\/\/dupescents.co\/fr\/wp-json\/wp\/v2\/types\/product"}],"replies":[{"embeddable":true,"href":"https:\/\/dupescents.co\/fr\/wp-json\/wp\/v2\/comments?post=26556"}],"wp:featuredmedia":[{"embeddable":true,"href":"https:\/\/dupescents.co\/fr\/wp-json\/wp\/v2\/media\/36241"}],"wp:attachment":[{"href":"https:\/\/dupescents.co\/fr\/wp-json\/wp\/v2\/media?parent=26556"}],"wp:term":[{"taxonomy":"product_brand","embeddable":true,"href":"https:\/\/dupescents.co\/fr\/wp-json\/wp\/v2\/product_brand?post=26556"},{"taxonomy":"product_cat","embeddable":true,"href":"https:\/\/dupescents.co\/fr\/wp-json\/wp\/v2\/product_cat?post=26556"},{"taxonomy":"product_tag","embeddable":true,"href":"https:\/\/dupescents.co\/fr\/wp-json\/wp\/v2\/product_tag?post=26556"}],"curies":[{"name":"wp","href":"https:\/\/api.w.org\/{rel}","templated":true}]}}