{"id":26538,"date":"2025-03-31T17:10:46","date_gmt":"2025-03-31T15:10:46","guid":{"rendered":"https:\/\/dupescents.co\/products\/sent-comme-musc-noir-pour-elle\/"},"modified":"2026-02-21T19:39:30","modified_gmt":"2026-02-21T18:39:30","slug":"sent-comme-musc-noir-pour-elle","status":"publish","type":"product","link":"https:\/\/dupescents.co\/fr\/products\/sent-comme-musc-noir-pour-elle\/","title":{"rendered":"Sent comme&#8230; Musc Noir Pour Elle"},"content":{"rendered":"<p>457W - Remplacement de Narciso Rodriguez Musc Noir For Her<br \/>\nEAU DE PARFUM NO 457W - REMPLACEMENT DE NARCISO RODRIGUEZ MUSC NOIR FOR HER PARFUM<\/p>\n<p>PARFUMS DE NOTRE REMPLACEMENT :<\/p>\n<p>PLUM<br \/>\nHELIOTROP<br \/>\nPI\u017bMO<br \/>\nZAMSZ<br \/>\nDESCRIPTION DU PARFUM :<\/p>\n<p>Le pendant de Narciso Rodriguez Musc Noir For Her est un parfum myst\u00e9rieux au caract\u00e8re l\u00e9g\u00e8rement musqu\u00e9. Il combine les contrastes du clair et du fonc\u00e9 pour cr\u00e9er une aura d&rsquo;intimit\u00e9 et de sophistication ! Avec des notes poudr\u00e9es et fruit\u00e9es, il est parfait pour les occasions sp\u00e9ciales.  <\/p>\n","protected":false},"excerpt":{"rendered":"<p>Inspiration : Narciso Rodriguez Musc Noir For Her EDP 30 ML<\/p>\n<p class=\"product__text inline-richtext\"><strong>\u2705 Eau de toilette 19-21% Parfum<\/strong><\/p>\n<p class=\"product__text inline-richtext\"><strong>\u2705 Le parfum dure une seconde journ\u00e9e<\/strong><\/p>\n<p class=\"product__text inline-richtext\"><strong>Achetez le parfum, pas la marque - \u00e9conomisez de l&rsquo;argent<\/strong><\/p>\n","protected":false},"featured_media":35787,"comment_status":"open","ping_status":"closed","template":"","meta":{"_acf_changed":false},"product_brand":[],"product_cat":[203],"product_tag":[],"class_list":{"0":"post-26538","1":"product","2":"type-product","3":"status-publish","4":"has-post-thumbnail","6":"product_cat-pour-les-femmes","8":"first","9":"instock","10":"shipping-taxable","11":"purchasable","12":"product-type-variable"},"acf":[],"aioseo_notices":[],"jetpack_sharing_enabled":true,"_links":{"self":[{"href":"https:\/\/dupescents.co\/fr\/wp-json\/wp\/v2\/product\/26538","targetHints":{"allow":["GET"]}}],"collection":[{"href":"https:\/\/dupescents.co\/fr\/wp-json\/wp\/v2\/product"}],"about":[{"href":"https:\/\/dupescents.co\/fr\/wp-json\/wp\/v2\/types\/product"}],"replies":[{"embeddable":true,"href":"https:\/\/dupescents.co\/fr\/wp-json\/wp\/v2\/comments?post=26538"}],"wp:featuredmedia":[{"embeddable":true,"href":"https:\/\/dupescents.co\/fr\/wp-json\/wp\/v2\/media\/35787"}],"wp:attachment":[{"href":"https:\/\/dupescents.co\/fr\/wp-json\/wp\/v2\/media?parent=26538"}],"wp:term":[{"taxonomy":"product_brand","embeddable":true,"href":"https:\/\/dupescents.co\/fr\/wp-json\/wp\/v2\/product_brand?post=26538"},{"taxonomy":"product_cat","embeddable":true,"href":"https:\/\/dupescents.co\/fr\/wp-json\/wp\/v2\/product_cat?post=26538"},{"taxonomy":"product_tag","embeddable":true,"href":"https:\/\/dupescents.co\/fr\/wp-json\/wp\/v2\/product_tag?post=26538"}],"curies":[{"name":"wp","href":"https:\/\/api.w.org\/{rel}","templated":true}]}}