{"id":26520,"date":"2025-03-30T13:36:46","date_gmt":"2025-03-30T11:36:46","guid":{"rendered":"https:\/\/dupescents.co\/products\/sent-comme-ck-euphoria\/"},"modified":"2026-02-21T23:50:21","modified_gmt":"2026-02-21T22:50:21","slug":"sent-comme-ck-euphoria","status":"publish","type":"product","link":"https:\/\/dupescents.co\/fr\/products\/sent-comme-ck-euphoria\/","title":{"rendered":"Sent comme&#8230; CK Euphoria"},"content":{"rendered":"<p>130W - Calvin Klein Euphoria remplacement<br \/>\nEAU DE PARFUM NR. 130W - CALVIN KLEIN EUPHORIA REMPLACEMENT<\/p>\n<p>PARFUMS DE NOS SUBSTITUTS :<\/p>\n<p>GRENADE<br \/>\nORCHIDEA<br \/>\nMAHOAN<br \/>\nBURSHINE<br \/>\nPI\u017bMO<br \/>\nSIOOL<br \/>\nLOTOS<br \/>\nPACULA<br \/>\nVANILLE<br \/>\nRASBEERE<br \/>\nMARACUJA<br \/>\nHURMA<br \/>\nBROSCOSE<br \/>\nMAGNOLIA CHAMPACA<br \/>\nNOIX VERTES<br \/>\nDESCRIPTION DE LA FRAGRANCE :<\/p>\n<p>Une v\u00e9ritable euphorie de sensualit\u00e9 et de romantisme. Notre Eau de Parfum n\u00b0 130W est le pendant de la fragrance du Calvin Klein Euphoria original et conf\u00e8re \u00e0 celle qui le porte attractivit\u00e9 et confiance en soi. La merveilleuse combinaison de notes orientales et florales conf\u00e8re de l&rsquo;\u00e9nergie et une touche de myst\u00e8re. Un parfum parfait pour le quotidien et les occasions sp\u00e9ciales.   <\/p>\n<p>L&rsquo;\u00e9quivalent du parfum Euphoria combine la fantaisie et le style glamour. C&rsquo;est un parfum captivant de fruits exotiques et de fleurs s\u00e9duisantes, compl\u00e9t\u00e9 par l&rsquo;orchid\u00e9e noire. <\/p>\n<p>CARACTERISTIQUES DE CALVIN KLEIN EUPHORIA PARFUM OBJET :<br \/>\nType de parfum : oriental, floral<br \/>\nPour qui : femmes<br \/>\nContenu : 10 ml \/ 30 ml \/ 50 ml \/ 100 ml<br \/>\nCode produit : 130W<br \/>\nLe prix de ce parfum d\u00e9pend de la quantit\u00e9 indiqu\u00e9e.<br \/>\nMerci de nous donner votre avis apr\u00e8s l&rsquo;achat !<\/p>\n<p>Parfum similaire \u00e0 Euphoria - \u00e9quivalent<br \/>\nEau de Parfum No. 130W est un parfum \u00e9quivalent inspir\u00e9 du parfum Euphoria de Calvin Klein. Des ingr\u00e9dients de qualit\u00e9 parfaitement s\u00e9lectionn\u00e9s assurent la long\u00e9vit\u00e9 et la ressemblance avec l&rsquo;original ! Ce parfum oriental, floral et s\u00e9duisant est une combinaison de style et de myst\u00e8re. D\u00e9couvrez les parfums Euphoria similaires de Fragrance Factory !   <\/p>\n<p>Euphoria Calvin Klein Parfum<br \/>\nInspir\u00e9 d&rsquo;Euphoria, le parfum de Calvin Klein est le choix parfait pour les femmes qui sont toujours en mouvement ! D&rsquo;une contenance de 10 ml ou 30 ml, le flacon de parfum peut \u00eatre emport\u00e9 partout : au travail, \u00e0 un rendez-vous ou en d\u00e9placement. Essayez-le et commandez-le avec livraison dans la boutique Fragrance Factory !  <\/p>\n<p>Voir aussi les autres parfums Calvin Klein et leurs substituts.<\/p>\n<p>Quelle est l&rsquo;odeur du substitut de parfum Calvin Klein Euphoria ?<br \/>\nC&rsquo;est un beau parfum f\u00e9minin qui combine des notes olfactives comme le fruit de la grenade, la vanille, la framboise, l&rsquo;ambre, le musc ou les fleurs d&rsquo;orchid\u00e9e et la violette, entre autres. Le parfum global peut \u00eatre qualifi\u00e9 d&rsquo;oriental et de floral \u00e0 la fois. <\/p>\n<p>\u00c0 qui s&rsquo;adresse le parfum Euphoria ?<br \/>\nC&rsquo;est l&rsquo;eau de parfum id\u00e9ale pour les femmes qui recherchent une fragrance \u00e0 la fois sensuelle et sexy, mais qui cache aussi un peu de myst\u00e8re et des notes sombres d&rsquo;orchid\u00e9e noire.<\/p>\n<p>Le remplacement du parfum CK Euphoria est-il de longue dur\u00e9e ?<br \/>\nSon pendant a \u00e9t\u00e9 compos\u00e9 dans l&rsquo;optique de la meilleure long\u00e9vit\u00e9 possible. On peut dire avec certitude que ce merveilleux parfum dure longtemps et fonctionne bien dans une grande vari\u00e9t\u00e9 de situations. <\/p>\n<p>Existe-t-il d&rsquo;autres versions du parfum Euphoria ?<br \/>\nOui, en plus de son homologue mentionn\u00e9 ci-dessus, il existe des successeurs de CK Euphoria Blossom, Deep Euphoria, ainsi qu&rsquo;une version masculine de cette \u00e9tonnante fragrance, Euphoria Men. Cela vaut la peine de les tester et de se faire une opinion. <\/p>\n","protected":false},"excerpt":{"rendered":"<p class=\"product__text inline-richtext\">Inspiration : Calvin Klein Euphoria EDP 50ML<\/p>\n<p class=\"product__text inline-richtext\"><strong>\u2705 Eau de toilette 19-21% Parfum<\/strong><\/p>\n<p class=\"product__text inline-richtext\"><strong>\u2705 Le parfum dure une seconde journ\u00e9e<\/strong><\/p>\n<p class=\"product__text inline-richtext\"><strong>Achetez le parfum, pas la marque - \u00e9conomisez de l&rsquo;argent<\/strong><\/p>\n","protected":false},"featured_media":35894,"comment_status":"open","ping_status":"closed","template":"","meta":{"_acf_changed":false},"product_brand":[],"product_cat":[203],"product_tag":[],"class_list":{"0":"post-26520","1":"product","2":"type-product","3":"status-publish","4":"has-post-thumbnail","6":"product_cat-pour-les-femmes","8":"first","9":"instock","10":"shipping-taxable","11":"purchasable","12":"product-type-variable"},"acf":[],"aioseo_notices":[],"jetpack_sharing_enabled":true,"_links":{"self":[{"href":"https:\/\/dupescents.co\/fr\/wp-json\/wp\/v2\/product\/26520","targetHints":{"allow":["GET"]}}],"collection":[{"href":"https:\/\/dupescents.co\/fr\/wp-json\/wp\/v2\/product"}],"about":[{"href":"https:\/\/dupescents.co\/fr\/wp-json\/wp\/v2\/types\/product"}],"replies":[{"embeddable":true,"href":"https:\/\/dupescents.co\/fr\/wp-json\/wp\/v2\/comments?post=26520"}],"wp:featuredmedia":[{"embeddable":true,"href":"https:\/\/dupescents.co\/fr\/wp-json\/wp\/v2\/media\/35894"}],"wp:attachment":[{"href":"https:\/\/dupescents.co\/fr\/wp-json\/wp\/v2\/media?parent=26520"}],"wp:term":[{"taxonomy":"product_brand","embeddable":true,"href":"https:\/\/dupescents.co\/fr\/wp-json\/wp\/v2\/product_brand?post=26520"},{"taxonomy":"product_cat","embeddable":true,"href":"https:\/\/dupescents.co\/fr\/wp-json\/wp\/v2\/product_cat?post=26520"},{"taxonomy":"product_tag","embeddable":true,"href":"https:\/\/dupescents.co\/fr\/wp-json\/wp\/v2\/product_tag?post=26520"}],"curies":[{"name":"wp","href":"https:\/\/api.w.org\/{rel}","templated":true}]}}