{"id":26506,"date":"2025-03-31T17:17:34","date_gmt":"2025-03-31T15:17:34","guid":{"rendered":"https:\/\/dupescents.co\/products\/sent-comme-acqua-di-gioia\/"},"modified":"2025-11-05T19:23:17","modified_gmt":"2025-11-05T18:23:17","slug":"sent-comme-acqua-di-gioia","status":"publish","type":"product","link":"https:\/\/dupescents.co\/fr\/products\/sent-comme-acqua-di-gioia\/","title":{"rendered":"Sent comme&#8230; Acqua di Gioia"},"content":{"rendered":"<p>146W - Ersatz f\u00fcr Giorgio Armani Acqua di Gioia<br \/>\nGIORGIO ARMANI ACQUA DI GIOIA ERSATZ PARF\u00dcMWASSER NR. 146W<\/p>\n<p>DUFTNOTEN VON UNSEREM ERSATZ:<\/p>\n<p>AMALFI-ZITRONE<br \/>\nM\u00dcNZE<br \/>\nJASMINE<br \/>\nPIWONIA<br \/>\nVIRGINIA CEDR<br \/>\nPINK PEPPER<br \/>\nFRANZ\u00d6SISCHER LABDANUM<br \/>\nBRAUNER ZUCKER<br \/>\nDUFTBESCHREIBUNG:<\/p>\n<p>Ein erfrischender, aquatischer Duft f\u00fcr optimistische und unabh\u00e4ngige Frauen. Unser Lane-Parf\u00fcm Nr. 146W ist ein Gegenst\u00fcck zur Komposition Acqua di Gioia von Giorgio Armani. Die fr\u00f6hlich-leichte Kombination aus blumigen und aquatischen Noten erinnert an das Mittelmeer, das bezaubert und verf\u00fchrt. Dieser Duft ist perfekt f\u00fcr den Alltag, vor allem im hei\u00dfen Sommer.<\/p>\n<p>MERKMALE DES PARF\u00dcM\u00c4QUIVALENTS VON ACQUA DI GIOIA:<\/p>\n<p>Dufttyp: blumig, aquatisch<br \/>\nF\u00fcr wen: Frauen<br \/>\nVolumen: 30 ml \/ 50 ml \/ 100 ml<br \/>\nProdukt-Code: 146W<br \/>\nDer Preis f\u00fcr dieses Parf\u00fcm h\u00e4ngt von der angegebenen Menge ab.<br \/>\nBitte geben Sie uns Ihr Feedback nach dem Kauf!<\/p>\n<p>&nbsp;<\/p>\n<p>Wie riecht das \u00c4quivalent des Parfums Acqua di Gioia?<br \/>\nEs ist ein sch\u00f6ner Duft, der als aquatisch, aber auch blumig eingestuft werden kann. Er ist sehr erfrischend und strahlt sogar Freude aus. Das Parf\u00fcm zeichnet sich durch frische Zitronennoten und Akkorde von rosa Pfeffer aus, aber auch durch Noten von Minze, Zeder und Pfingstrose, um nur einige zu nennen.<\/p>\n<p>F\u00fcr welche Anl\u00e4sse eignet sich der Ersatz f\u00fcr das Parf\u00fcm Acqua di Gioia?<br \/>\nEs ist ein idealer Duft f\u00fcr den Alltag, genau richtig f\u00fcr Frauen, die moderne Damenparf\u00fcms sch\u00e4tzen. Seine Leichtigkeit funktioniert Tag und Nacht, vor allem im Sommer, aber auch im Herbst und Winter verspr\u00fcht er viel Charme.<\/p>\n","protected":false},"excerpt":{"rendered":"<p class=\"product__text inline-richtext\">Inspiration : Giorgio Armani Acqua di Gioia EDP 50ML<\/p>\n<p class=\"product__text inline-richtext\"><strong>\u2705 Eau de toilette 19-21% Parfum<\/strong><\/p>\n<p class=\"product__text inline-richtext\"><strong>\u2705 Le parfum dure une seconde journ\u00e9e<\/strong><\/p>\n<p class=\"product__text inline-richtext\"><strong>Achetez le parfum, pas la marque - \u00e9conomisez de l&rsquo;argent<\/strong><\/p>\n","protected":false},"featured_media":22051,"comment_status":"open","ping_status":"closed","template":"","meta":{"_acf_changed":false},"product_brand":[],"product_cat":[203],"product_tag":[],"class_list":{"0":"post-26506","1":"product","2":"type-product","3":"status-publish","4":"has-post-thumbnail","6":"product_cat-pour-les-femmes","8":"first","9":"instock","10":"shipping-taxable","11":"purchasable","12":"product-type-variable"},"acf":[],"aioseo_notices":[],"jetpack_sharing_enabled":true,"_links":{"self":[{"href":"https:\/\/dupescents.co\/fr\/wp-json\/wp\/v2\/product\/26506","targetHints":{"allow":["GET"]}}],"collection":[{"href":"https:\/\/dupescents.co\/fr\/wp-json\/wp\/v2\/product"}],"about":[{"href":"https:\/\/dupescents.co\/fr\/wp-json\/wp\/v2\/types\/product"}],"replies":[{"embeddable":true,"href":"https:\/\/dupescents.co\/fr\/wp-json\/wp\/v2\/comments?post=26506"}],"wp:featuredmedia":[{"embeddable":true,"href":"https:\/\/dupescents.co\/fr\/wp-json\/wp\/v2\/media\/22051"}],"wp:attachment":[{"href":"https:\/\/dupescents.co\/fr\/wp-json\/wp\/v2\/media?parent=26506"}],"wp:term":[{"taxonomy":"product_brand","embeddable":true,"href":"https:\/\/dupescents.co\/fr\/wp-json\/wp\/v2\/product_brand?post=26506"},{"taxonomy":"product_cat","embeddable":true,"href":"https:\/\/dupescents.co\/fr\/wp-json\/wp\/v2\/product_cat?post=26506"},{"taxonomy":"product_tag","embeddable":true,"href":"https:\/\/dupescents.co\/fr\/wp-json\/wp\/v2\/product_tag?post=26506"}],"curies":[{"name":"wp","href":"https:\/\/api.w.org\/{rel}","templated":true}]}}