{"id":26494,"date":"2025-03-31T17:37:05","date_gmt":"2025-03-31T15:37:05","guid":{"rendered":"https:\/\/dupescents.co\/products\/sent-comme-my-way-intense\/"},"modified":"2025-11-05T19:23:14","modified_gmt":"2025-11-05T18:23:14","slug":"sent-comme-my-way-intense","status":"publish","type":"product","link":"https:\/\/dupescents.co\/fr\/products\/sent-comme-my-way-intense\/","title":{"rendered":"Sent comme&#8230; My Way Intense"},"content":{"rendered":"<p>411W - Ersatz f\u00fcr Giorgio Armani My Way Intense Parf\u00fcm<br \/>\nPERFUMED WATER NO 411W - ERSATZ F\u00dcR Giorgio Armani My Way Intense Parf\u00fcm<\/p>\n<p>DUFTBESCHREIBUNG:<\/p>\n<p>Testen Sie den Ersatz von Giorgio Armani My Way Intense und beginnen Sie ein st\u00e4rkeres, intensiveres Leben! Die fesselnde Komposition aus Orange, Tuberose, Vanille und Sandelholz wird Ihnen den Kopf verdrehen und Sie sich selbst nicht vergessen lassen. Der Duft wird Ihnen das Selbstvertrauen und die Kraft geben, sich von Ihrer besten Seite zu zeigen!<\/p>\n<p>Duftnoten unseres Giorgio Armani My Way Intense Parf\u00fcms:<\/p>\n<p>Orangenbl\u00fcte<br \/>\nBitterorange<br \/>\nIndische Tuberose<br \/>\nTuberose<br \/>\nMadagaskar-Vanille<br \/>\nSandelholz<br \/>\nMERKMALE DES GEGENST\u00dcCKS:<br \/>\nDufttyp: orientalisch, blumig<br \/>\nF\u00fcr wen: weiblich<br \/>\nInhalt: 10ml \/ 30ml \/ 50ml \/ 100ml<br \/>\nProdukt-Code: 411W<br \/>\nDer Preis f\u00fcr dieses Parf\u00fcm h\u00e4ngt von der angegebenen Menge ab.<br \/>\nBitte geben Sie uns nach dem Kauf eine R\u00fcckmeldung!<\/p>\n<p>Sehen Sie auch andere Giorgio Armani Parfums und ihre Ersatzprodukte.<\/p>\n","protected":false},"excerpt":{"rendered":"<p class=\"product__text inline-richtext\">Inspiration : Giorgio Armani My Way Intense EDP 50ML<\/p>\n<p class=\"product__text inline-richtext\"><strong>\u2705 Eau de toilette 19-21% Parfum<\/strong><\/p>\n<p class=\"product__text inline-richtext\"><strong>\u2705 Le parfum dure une seconde journ\u00e9e<\/strong><\/p>\n<p class=\"product__text inline-richtext\"><strong>Achetez le parfum, pas la marque - \u00e9conomisez de l&rsquo;argent<\/strong><\/p>\n","protected":false},"featured_media":0,"comment_status":"open","ping_status":"closed","template":"","meta":{"_acf_changed":false},"product_brand":[],"product_cat":[203],"product_tag":[],"class_list":{"0":"post-26494","1":"product","2":"type-product","3":"status-publish","5":"product_cat-pour-les-femmes","7":"first","8":"instock","9":"shipping-taxable","10":"purchasable","11":"product-type-variable"},"acf":[],"aioseo_notices":[],"jetpack_sharing_enabled":true,"_links":{"self":[{"href":"https:\/\/dupescents.co\/fr\/wp-json\/wp\/v2\/product\/26494","targetHints":{"allow":["GET"]}}],"collection":[{"href":"https:\/\/dupescents.co\/fr\/wp-json\/wp\/v2\/product"}],"about":[{"href":"https:\/\/dupescents.co\/fr\/wp-json\/wp\/v2\/types\/product"}],"replies":[{"embeddable":true,"href":"https:\/\/dupescents.co\/fr\/wp-json\/wp\/v2\/comments?post=26494"}],"wp:attachment":[{"href":"https:\/\/dupescents.co\/fr\/wp-json\/wp\/v2\/media?parent=26494"}],"wp:term":[{"taxonomy":"product_brand","embeddable":true,"href":"https:\/\/dupescents.co\/fr\/wp-json\/wp\/v2\/product_brand?post=26494"},{"taxonomy":"product_cat","embeddable":true,"href":"https:\/\/dupescents.co\/fr\/wp-json\/wp\/v2\/product_cat?post=26494"},{"taxonomy":"product_tag","embeddable":true,"href":"https:\/\/dupescents.co\/fr\/wp-json\/wp\/v2\/product_tag?post=26494"}],"curies":[{"name":"wp","href":"https:\/\/api.w.org\/{rel}","templated":true}]}}