{"id":26486,"date":"2025-03-31T17:19:54","date_gmt":"2025-03-31T15:19:54","guid":{"rendered":"https:\/\/dupescents.co\/products\/sent-comme-miss-dior-cherie\/"},"modified":"2025-11-05T19:23:14","modified_gmt":"2025-11-05T18:23:14","slug":"sent-comme-miss-dior-cherie","status":"publish","type":"product","link":"https:\/\/dupescents.co\/fr\/products\/sent-comme-miss-dior-cherie\/","title":{"rendered":"Sent comme&#8230; Miss Dior Cherie"},"content":{"rendered":"<p>082W - Parf\u00fcm \u00e4hnlich wie Christian Dior Miss Dior Cherie<\/p>\n<p>DUFTNOTEN UNSERES ERSATZES:<\/p>\n<p>TRUSCUMBER<br \/>\nPACULA<br \/>\nMANDARIN<br \/>\nROSE<br \/>\nJASMINE<br \/>\nSANDALWOOD<br \/>\nBURSHITE<br \/>\nEINZEL-EICHE<br \/>\nVETIVERIE<br \/>\nDUFTBESCHREIBUNG:<\/p>\n<p>Ein moderner Duft f\u00fcr Frauen, die Trends folgen. 082W ist die Essenz von Stil und Eleganz auf eine zeitgen\u00f6ssische Art und Weise. Das bet\u00f6rende Aroma der Erdbeere verbindet sich hier mit Patchouli und Mandarine, leicht akzentuiert durch das Aroma der Rose. Ein sch\u00f6nes Eau de Parfum im Pariser Stil.<\/p>\n<p>EIGENSCHAFTEN VON 082W:<br \/>\nDufttyp: fruchtig, Chypre<br \/>\nF\u00fcr wen: Frauen<br \/>\nInhalt: 10ml \/ 30ml \/ 50ml \/ 100ml<br \/>\nProdukt-Code: 082W<br \/>\nDer Preis f\u00fcr dieses Parf\u00fcm h\u00e4ngt von der angegebenen Menge ab.<br \/>\nBitte teilen Sie uns Ihre Meinung nach dem Kauf mit!<\/p>\n<p>082W kombiniert s\u00fc\u00dfe Fr\u00fcchte mit Noten, die sonst eher in Herrend\u00fcften zu finden sind: Sandelholz, Eichenmoos und Amber. Die s\u00fc\u00dfe und fruchtige Komposition wird durch holzige, erdige und w\u00fcrzige Akkorde unterbrochen. Eine solche Duftmischung unterstreicht definitiv das Charisma und gewinnt die Herzen der M\u00e4nner;<\/p>\n<p>Eau de Toilette Nr. 082W ist ein Parf\u00fcm, das von dem Duft Miss Dior Cherie inspiriert wurde und dem Original sehr \u00e4hnlich ist. Wenn Sie sich sofort in den Duft verlieben wollen, empfehlen wir Ihnen unser Miss Dior Cherie Pendant!<\/p>\n","protected":false},"excerpt":{"rendered":"<p class=\"product__text inline-richtext\">Inspiration : Christian Dior Miss Dior Cherie EDT 100ML<\/p>\n<p class=\"product__text inline-richtext\"><strong>\u2705 Eau de toilette 19-21% Parfum<\/strong><\/p>\n<p class=\"product__text inline-richtext\"><strong>\u2705 Le parfum dure une seconde journ\u00e9e<\/strong><\/p>\n<p class=\"product__text inline-richtext\"><strong>Achetez le parfum, pas la marque - \u00e9conomisez de l&rsquo;argent<\/strong><\/p>\n","protected":false},"featured_media":36219,"comment_status":"open","ping_status":"closed","template":"","meta":{"_acf_changed":false},"product_brand":[],"product_cat":[203],"product_tag":[],"class_list":{"0":"post-26486","1":"product","2":"type-product","3":"status-publish","4":"has-post-thumbnail","6":"product_cat-pour-les-femmes","8":"first","9":"instock","10":"shipping-taxable","11":"purchasable","12":"product-type-variable"},"acf":[],"aioseo_notices":[],"jetpack_sharing_enabled":true,"_links":{"self":[{"href":"https:\/\/dupescents.co\/fr\/wp-json\/wp\/v2\/product\/26486","targetHints":{"allow":["GET"]}}],"collection":[{"href":"https:\/\/dupescents.co\/fr\/wp-json\/wp\/v2\/product"}],"about":[{"href":"https:\/\/dupescents.co\/fr\/wp-json\/wp\/v2\/types\/product"}],"replies":[{"embeddable":true,"href":"https:\/\/dupescents.co\/fr\/wp-json\/wp\/v2\/comments?post=26486"}],"wp:featuredmedia":[{"embeddable":true,"href":"https:\/\/dupescents.co\/fr\/wp-json\/wp\/v2\/media\/36219"}],"wp:attachment":[{"href":"https:\/\/dupescents.co\/fr\/wp-json\/wp\/v2\/media?parent=26486"}],"wp:term":[{"taxonomy":"product_brand","embeddable":true,"href":"https:\/\/dupescents.co\/fr\/wp-json\/wp\/v2\/product_brand?post=26486"},{"taxonomy":"product_cat","embeddable":true,"href":"https:\/\/dupescents.co\/fr\/wp-json\/wp\/v2\/product_cat?post=26486"},{"taxonomy":"product_tag","embeddable":true,"href":"https:\/\/dupescents.co\/fr\/wp-json\/wp\/v2\/product_tag?post=26486"}],"curies":[{"name":"wp","href":"https:\/\/api.w.org\/{rel}","templated":true}]}}