{"id":26479,"date":"2025-03-31T17:39:49","date_gmt":"2025-03-31T15:39:49","guid":{"rendered":"https:\/\/dupescents.co\/products\/sent-comme-bleu-clair\/"},"modified":"2026-02-22T00:21:49","modified_gmt":"2026-02-21T23:21:49","slug":"sent-comme-bleu-clair","status":"publish","type":"product","link":"https:\/\/dupescents.co\/fr\/products\/sent-comme-bleu-clair\/","title":{"rendered":"Sent comme&#8230; Bleu clair"},"content":{"rendered":"<p>017W - Eau de Parfum<br \/>\nEAU PARFUM\u00c9E NR. 017W<\/p>\n<p>PARFUMS DE NOTRE REMPLACEMENT :<\/p>\n<p>CITRON DE SICILE<br \/>\nPOMME<br \/>\nC\u00c8DRE<br \/>\nBAMBOU<br \/>\nPI\u017bMO<br \/>\nWONDER<br \/>\nJASMIN<br \/>\nROSE BLANCHE<br \/>\nBURSHINE<br \/>\nDESCRIPTION DU PARFUM :<\/p>\n<p>Transportez-vous directement sur une plage sicilienne avec le parfum 017W. Cette merveilleuse composition r\u00e9chauffe le corps et exalte les sens, qui s&rsquo;enfoncent dans des r\u00eaves de nuits p\u00e9tillantes de passion. C&rsquo;est une proposition id\u00e9ale pour les femmes lib\u00e9r\u00e9es qui n&rsquo;ont pas peur des d\u00e9fis. La composition florale et fruit\u00e9e est compl\u00e9t\u00e9e par du musc et de l&rsquo;ambre solaire.   <\/p>\n<p>CARACTERISTIQUES DU PARFUM :<br \/>\nType de parfum : floral, fruit\u00e9<br \/>\nPour qui : femme<br \/>\nVolume : 30 ml \/ 50 ml \/ 100 ml<br \/>\nCode produit : 017W<br \/>\nLe prix de ce parfum d\u00e9pend de la quantit\u00e9 indiqu\u00e9e.<br \/>\nMerci de nous donner votre avis apr\u00e8s l&rsquo;achat !<\/p>\n<p>Nous avons cr\u00e9\u00e9 des flacons de parfum de 10 ou 30 ml sp\u00e9cialement pour les personnes qui aiment sentir bon ! Gr\u00e2ce \u00e0 leur petite contenance, vous pouvez les emporter avec vous et vous rafra\u00eechir \u00e0 tout moment ! Commandez en ligne sur fabrykzapachu.pl !<br \/>\nL&rsquo;Eau de Parfum 017W de Fragrance Factory est un parfum cr\u00e9\u00e9 avec des ingr\u00e9dients parfum\u00e9s de la plus haute qualit\u00e9.<br \/>\nC&rsquo;est une composition parfum\u00e9e class\u00e9e comme fruit\u00e9e, mais aussi florale. Il contient notamment des notes parfum\u00e9es de jasmin, de rose, de pomme, de citron ou d&rsquo;ambre, tout en ajoutant de la sensualit\u00e9. L&rsquo;ar\u00f4me global est l\u00e9ger et \u00e9voque les for\u00eats m\u00e9diterran\u00e9ennes, la c\u00f4te et l&rsquo;\u00e9t\u00e9.<br \/>\nLe parfum n&rsquo;est ni trop fort ni trop faible. C&rsquo;est simplement un parfum d\u00e9contract\u00e9 et d\u00e9licat, parfait pour de nombreuses occasions, un peu comme une brise d&rsquo;\u00e9t\u00e9 ou de printemps.     <\/p>\n","protected":false},"excerpt":{"rendered":"<p class=\"product__text inline-richtext\">Inspiration : Dolce &amp; Gabbana Light Blue EDT 50ML<\/p>\n<p class=\"product__text inline-richtext\"><strong>\u2705 Eau de toilette 19-21% Parfum<\/strong><\/p>\n<p class=\"product__text inline-richtext\"><strong>\u2705 Le parfum dure une seconde journ\u00e9e<\/strong><\/p>\n<p class=\"product__text inline-richtext\"><strong>Achetez le parfum, pas la marque - \u00e9conomisez de l&rsquo;argent<\/strong><\/p>\n","protected":false},"featured_media":35908,"comment_status":"open","ping_status":"closed","template":"","meta":{"_acf_changed":false},"product_brand":[],"product_cat":[203],"product_tag":[],"class_list":{"0":"post-26479","1":"product","2":"type-product","3":"status-publish","4":"has-post-thumbnail","6":"product_cat-pour-les-femmes","8":"first","9":"instock","10":"shipping-taxable","11":"purchasable","12":"product-type-variable"},"acf":[],"aioseo_notices":[],"jetpack_sharing_enabled":true,"_links":{"self":[{"href":"https:\/\/dupescents.co\/fr\/wp-json\/wp\/v2\/product\/26479","targetHints":{"allow":["GET"]}}],"collection":[{"href":"https:\/\/dupescents.co\/fr\/wp-json\/wp\/v2\/product"}],"about":[{"href":"https:\/\/dupescents.co\/fr\/wp-json\/wp\/v2\/types\/product"}],"replies":[{"embeddable":true,"href":"https:\/\/dupescents.co\/fr\/wp-json\/wp\/v2\/comments?post=26479"}],"wp:featuredmedia":[{"embeddable":true,"href":"https:\/\/dupescents.co\/fr\/wp-json\/wp\/v2\/media\/35908"}],"wp:attachment":[{"href":"https:\/\/dupescents.co\/fr\/wp-json\/wp\/v2\/media?parent=26479"}],"wp:term":[{"taxonomy":"product_brand","embeddable":true,"href":"https:\/\/dupescents.co\/fr\/wp-json\/wp\/v2\/product_brand?post=26479"},{"taxonomy":"product_cat","embeddable":true,"href":"https:\/\/dupescents.co\/fr\/wp-json\/wp\/v2\/product_cat?post=26479"},{"taxonomy":"product_tag","embeddable":true,"href":"https:\/\/dupescents.co\/fr\/wp-json\/wp\/v2\/product_tag?post=26479"}],"curies":[{"name":"wp","href":"https:\/\/api.w.org\/{rel}","templated":true}]}}