{"id":26469,"date":"2025-03-31T17:20:44","date_gmt":"2025-03-31T15:20:44","guid":{"rendered":"https:\/\/dupescents.co\/products\/sent-comme-envy-me\/"},"modified":"2026-02-21T23:38:33","modified_gmt":"2026-02-21T22:38:33","slug":"sent-comme-envy-me","status":"publish","type":"product","link":"https:\/\/dupescents.co\/fr\/products\/sent-comme-envy-me\/","title":{"rendered":"Sent comme&#8230; Envy Me"},"content":{"rendered":"<p>071W - Remplacement pour Gucci Envy Me<br \/>\nEAU DE PARFUM NO 071W - REMPLACEMENT POUR GUCCI GUCCI ENVY ME<\/p>\n<p>PARFUMS DE NOS SUBSTITUTS :<\/p>\n<p>PIWONIA<br \/>\nNICE<br \/>\nROSE<br \/>\nROSENPFEFFER<br \/>\nANANAS<br \/>\nPOMEGRANAT<br \/>\nPI\u017bMO<br \/>\nTH\u00c9 BLANC<br \/>\nJASMINE<br \/>\nMANGO<br \/>\nTABAK<br \/>\nBRUSSWIN<br \/>\nFEUILLE DE CASSIS<br \/>\nTEK-BAUM<br \/>\nBOIS DE SABLE<br \/>\nTONKA FASOL<br \/>\nDESCRIPTION DU PARFUM :<\/p>\n<p>Un parfum s\u00e9duisant pour les femmes qui aiment \u00eatre le centre de l&rsquo;attention. Notre \u00e9quivalent du parfum Gucci Envy Me cr\u00e9e une brume merveilleusement sexy pour les femmes d\u00e9termin\u00e9es et s\u00fbres d&rsquo;elles qui le portent. La douceur enivrante, combin\u00e9e \u00e0 la fra\u00eecheur, est due \u00e0 la combinaison de la pivoine, de l&rsquo;ananas et du th\u00e9 blanc avec l&rsquo;ar\u00f4me profond du bois de santal et du musc.  <\/p>\n<p>CARACTERISTIQUES DE L&rsquo;ENVY ME PARFUM :<br \/>\nType de parfum : floral<br \/>\nPour qui : Femmes<br \/>\nContenu : 10ml \/ 30ml \/ 50ml \/ 100ml<br \/>\nCode produit : 071W<br \/>\nLe prix de ce parfum d\u00e9pend de la quantit\u00e9 indiqu\u00e9e.<br \/>\nMerci de nous donner votre avis apr\u00e8s l&rsquo;achat !<\/p>\n<p>Voir aussi les autres parfums Gucci et leurs produits de remplacement.<\/p>\n<p>Quelle est l&rsquo;odeur du parfum Gucci Envy Me correspondant ?<br \/>\nC&rsquo;est un parfum aussi frais qu&rsquo;une brise marine et un souffle de printemps plein de fleurs et de fruits. Il a une allure minimaliste et pourtant moderne. Et tout cela est contenu dans des notes olfactives telles que la pivoine, la rose, le jasmin, la p\u00eache ou le teck (mais ne se limite pas \u00e0 cela).  <\/p>\n","protected":false},"excerpt":{"rendered":"<p class=\"product__text inline-richtext\">Inspiration : Gucci Envy Me EDT 50ML<\/p>\n<p class=\"product__text inline-richtext\"><strong>\u2705 Eau de toilette 19-21% Parfum<\/strong><\/p>\n<p class=\"product__text inline-richtext\"><strong>\u2705 Le parfum dure une seconde journ\u00e9e<\/strong><\/p>\n<p class=\"product__text inline-richtext\"><strong>Achetez le parfum, pas la marque - \u00e9conomisez de l&rsquo;argent<\/strong><\/p>\n","protected":false},"featured_media":35873,"comment_status":"open","ping_status":"closed","template":"","meta":{"_acf_changed":false},"product_brand":[],"product_cat":[203],"product_tag":[],"class_list":{"0":"post-26469","1":"product","2":"type-product","3":"status-publish","4":"has-post-thumbnail","6":"product_cat-pour-les-femmes","8":"first","9":"instock","10":"shipping-taxable","11":"purchasable","12":"product-type-variable"},"acf":[],"aioseo_notices":[],"jetpack_sharing_enabled":true,"_links":{"self":[{"href":"https:\/\/dupescents.co\/fr\/wp-json\/wp\/v2\/product\/26469","targetHints":{"allow":["GET"]}}],"collection":[{"href":"https:\/\/dupescents.co\/fr\/wp-json\/wp\/v2\/product"}],"about":[{"href":"https:\/\/dupescents.co\/fr\/wp-json\/wp\/v2\/types\/product"}],"replies":[{"embeddable":true,"href":"https:\/\/dupescents.co\/fr\/wp-json\/wp\/v2\/comments?post=26469"}],"wp:featuredmedia":[{"embeddable":true,"href":"https:\/\/dupescents.co\/fr\/wp-json\/wp\/v2\/media\/35873"}],"wp:attachment":[{"href":"https:\/\/dupescents.co\/fr\/wp-json\/wp\/v2\/media?parent=26469"}],"wp:term":[{"taxonomy":"product_brand","embeddable":true,"href":"https:\/\/dupescents.co\/fr\/wp-json\/wp\/v2\/product_brand?post=26469"},{"taxonomy":"product_cat","embeddable":true,"href":"https:\/\/dupescents.co\/fr\/wp-json\/wp\/v2\/product_cat?post=26469"},{"taxonomy":"product_tag","embeddable":true,"href":"https:\/\/dupescents.co\/fr\/wp-json\/wp\/v2\/product_tag?post=26469"}],"curies":[{"name":"wp","href":"https:\/\/api.w.org\/{rel}","templated":true}]}}