{"id":26443,"date":"2025-03-31T17:42:52","date_gmt":"2025-03-31T15:42:52","guid":{"rendered":"https:\/\/dupescents.co\/products\/odeur-de-addict\/"},"modified":"2025-11-05T19:23:07","modified_gmt":"2025-11-05T18:23:07","slug":"odeur-de-addict","status":"publish","type":"product","link":"https:\/\/dupescents.co\/fr\/products\/odeur-de-addict\/","title":{"rendered":"Odeur de&#8230; Addict"},"content":{"rendered":"<p>012W - Parf\u00fcm \u00e4hnlich Christian Dior Addict<\/p>\n<p>DUFTNOTEN VON UNSEREM ERSATZ:<\/p>\n<p>VANILLA<br \/>\nCEREUS<br \/>\nMANDARINE<br \/>\nSEIDENHOLZBL\u00dcTE<br \/>\nTONKA FASOL<br \/>\nSANDELWOOD<br \/>\nORANGENBL\u00dcTE<br \/>\nBULGAR-ROSE<br \/>\nDUFTBESCHREIBUNG:<\/p>\n<p>Ein wunderbarer orientalisch-blumiger Duft, der mit W\u00e4rme und sinnlichen Noten verf\u00fchrt. Unser 012W ist dem Originalduft perfekt nachempfunden. Verf\u00fchrerische bulgarische Rose vermischt sich wunderbar mit Noten von Orangenbl\u00fcten und intensiver Vanille. Diese beeindruckende Komposition erinnert an den fernen Orient, der die Sinne angenehm erw\u00e4rmt.<\/p>\n<p>EIGENSCHAFTEN VON 012W:<br \/>\nDufttyp: orientalisch, blumig<br \/>\nF\u00fcr wen: Frauen<br \/>\nInhalt: 10ml \/ 30ml \/ 50ml \/ 100ml<br \/>\nProdukt-Code: 012W<br \/>\nDer Preis f\u00fcr dieses Parf\u00fcm h\u00e4ngt von der angegebenen Menge ab.<br \/>\nBitte hinterlassen Sie eine Bewertung nach dem Kauf!<\/p>\n<p>Wonach riecht 012W?<br \/>\nEs ist ein femininer, sch\u00f6ner Duft, der als blumig, aber auch als orientalisch gilt. Zu seinen Duftnoten geh\u00f6ren Akzente von Sandelholz, Mandarine, Vanille und Rosenbl\u00fcten. Die blumigen Noten treffen auf andere interessante Akkorde und die gesamte Komposition ist ausdrucksstark, frisch und fesselnd.<\/p>\n","protected":false},"excerpt":{"rendered":"<p class=\"product__text inline-richtext\">Inspiration : Christian Dior Addict EDP 30ML<\/p>\n<p class=\"product__text inline-richtext\"><strong>\u2705 Eau de toilette 19-21% Parfum<\/strong><\/p>\n<p class=\"product__text inline-richtext\"><strong>\u2705 Le parfum dure une seconde journ\u00e9e<\/strong><\/p>\n<p class=\"product__text inline-richtext\"><strong>Achetez le parfum, pas la marque - \u00e9conomisez de l&rsquo;argent<\/strong><\/p>\n","protected":false},"featured_media":0,"comment_status":"open","ping_status":"closed","template":"","meta":{"_acf_changed":false},"product_brand":[],"product_cat":[203],"product_tag":[],"class_list":{"0":"post-26443","1":"product","2":"type-product","3":"status-publish","5":"product_cat-pour-les-femmes","7":"first","8":"instock","9":"shipping-taxable","10":"purchasable","11":"product-type-variable"},"acf":[],"aioseo_notices":[],"jetpack_sharing_enabled":true,"_links":{"self":[{"href":"https:\/\/dupescents.co\/fr\/wp-json\/wp\/v2\/product\/26443","targetHints":{"allow":["GET"]}}],"collection":[{"href":"https:\/\/dupescents.co\/fr\/wp-json\/wp\/v2\/product"}],"about":[{"href":"https:\/\/dupescents.co\/fr\/wp-json\/wp\/v2\/types\/product"}],"replies":[{"embeddable":true,"href":"https:\/\/dupescents.co\/fr\/wp-json\/wp\/v2\/comments?post=26443"}],"wp:attachment":[{"href":"https:\/\/dupescents.co\/fr\/wp-json\/wp\/v2\/media?parent=26443"}],"wp:term":[{"taxonomy":"product_brand","embeddable":true,"href":"https:\/\/dupescents.co\/fr\/wp-json\/wp\/v2\/product_brand?post=26443"},{"taxonomy":"product_cat","embeddable":true,"href":"https:\/\/dupescents.co\/fr\/wp-json\/wp\/v2\/product_cat?post=26443"},{"taxonomy":"product_tag","embeddable":true,"href":"https:\/\/dupescents.co\/fr\/wp-json\/wp\/v2\/product_tag?post=26443"}],"curies":[{"name":"wp","href":"https:\/\/api.w.org\/{rel}","templated":true}]}}