{"id":26434,"date":"2025-03-31T17:48:22","date_gmt":"2025-03-31T15:48:22","guid":{"rendered":"https:\/\/dupescents.co\/products\/ca-sent-comme-hypnose\/"},"modified":"2025-11-05T19:23:05","modified_gmt":"2025-11-05T18:23:05","slug":"ca-sent-comme-hypnose","status":"publish","type":"product","link":"https:\/\/dupescents.co\/fr\/products\/ca-sent-comme-hypnose\/","title":{"rendered":"\u00c7a sent comme&#8230; Hypnose"},"content":{"rendered":"<p>092W - Ersatz f\u00fcr Lancome Hypnose<br \/>\nEAU DE PARFUM NO 092W - ERSATZ LANCOME HYPNOSE<\/p>\n<p>DUFTNOTEN VON UNSEREM ERSATZ:<\/p>\n<p>VANILIA<br \/>\nPASSIFLORA<br \/>\nJASMINE<br \/>\nVETIVERIEN<br \/>\nGARDENIA<br \/>\nDUFTBESCHREIBUNG:<\/p>\n<p>Ein hypnotisierender Duft, durchdrungen von Sinnlichkeit und aromatischer Harmonie. Das Eau de Parfum Nr. 092W ist das Gegenst\u00fcck zum Duft Lancome Hypnose, das die Sinne befl\u00fcgelt und mit Weiblichkeit verf\u00fchrt. Die unverwechselbare Komposition aus Vanille, Passionsblume, Jasmin und Gardenie wird durch eine holzige Vetiver-Note bereichert, die diesem Parf\u00fcm einen sch\u00f6nen orientalischen Charakter verleiht. Wenn Sie sich f\u00fcr dieses Parf\u00fcm entscheiden, wird Ihr Mann Sie mit Sicherheit nicht mehr vergessen k\u00f6nnen.<\/p>\n<p>EIGENSCHAFTEN VON LANCOME HYPNOSE EQUIVALENT PARF\u00dcM:<br \/>\nDufttyp: orientalisch<br \/>\nF\u00fcr wen: Frauen<br \/>\nInhalt 10ml \/ 30ml \/ 50ml \/ 100ml<br \/>\nProdukt-Code: 092W<br \/>\nDer Preis f\u00fcr dieses Parf\u00fcm h\u00e4ngt von der angegebenen Menge ab.<br \/>\nBitte geben Sie uns nach dem Kauf Ihr Feedback!<\/p>\n<p>Siehe auch andere Lancome Parfums und deren Ersatzprodukte.<\/p>\n<p>Wie riecht der Lancome Hypnose Parf\u00fcmersatz?<br \/>\nWenn Sie zu diesem Eau de Parfum greifen, erwarten Sie orientalische Aromen sowie eine zarte blumige S\u00fc\u00dfe. Die Komposition enth\u00e4lt unter anderem Duftnoten wie Jasminbl\u00fcte, Passionsblume und Vanille. Die Gesamtwirkung ist sanft und sehr angenehm zu tragen.<\/p>\n<p>F\u00fcr wen ist das Parf\u00fcm Lancome Hypnose geeignet?<br \/>\nEs ist das ideale Eau de Parfum, wenn Sie auf der Suche nach einem Duft sind, der die weibliche Zartheit und Leidenschaft betont. Dies umso mehr, als die verwendeten Duftnoten es erlauben, den Duft als warm und sehr sinnlich zu empfinden.<\/p>\n","protected":false},"excerpt":{"rendered":"<p>Inspiration : Lancome Hypnose EDP 30ML<\/p>\n<p class=\"product__text inline-richtext\"><strong>\u2705 Eau de toilette 19-21% Parfum<\/strong><\/p>\n<p class=\"product__text inline-richtext\"><strong>\u2705 Le parfum dure une seconde journ\u00e9e<\/strong><\/p>\n<p class=\"product__text inline-richtext\"><strong>Achetez le parfum, pas la marque - \u00e9conomisez de l&rsquo;argent<\/strong><\/p>\n","protected":false},"featured_media":36209,"comment_status":"open","ping_status":"closed","template":"","meta":{"_acf_changed":false},"product_brand":[],"product_cat":[203],"product_tag":[],"class_list":{"0":"post-26434","1":"product","2":"type-product","3":"status-publish","4":"has-post-thumbnail","6":"product_cat-pour-les-femmes","8":"first","9":"instock","10":"shipping-taxable","11":"purchasable","12":"product-type-variable"},"acf":[],"aioseo_notices":[],"jetpack_sharing_enabled":true,"_links":{"self":[{"href":"https:\/\/dupescents.co\/fr\/wp-json\/wp\/v2\/product\/26434","targetHints":{"allow":["GET"]}}],"collection":[{"href":"https:\/\/dupescents.co\/fr\/wp-json\/wp\/v2\/product"}],"about":[{"href":"https:\/\/dupescents.co\/fr\/wp-json\/wp\/v2\/types\/product"}],"replies":[{"embeddable":true,"href":"https:\/\/dupescents.co\/fr\/wp-json\/wp\/v2\/comments?post=26434"}],"wp:featuredmedia":[{"embeddable":true,"href":"https:\/\/dupescents.co\/fr\/wp-json\/wp\/v2\/media\/36209"}],"wp:attachment":[{"href":"https:\/\/dupescents.co\/fr\/wp-json\/wp\/v2\/media?parent=26434"}],"wp:term":[{"taxonomy":"product_brand","embeddable":true,"href":"https:\/\/dupescents.co\/fr\/wp-json\/wp\/v2\/product_brand?post=26434"},{"taxonomy":"product_cat","embeddable":true,"href":"https:\/\/dupescents.co\/fr\/wp-json\/wp\/v2\/product_cat?post=26434"},{"taxonomy":"product_tag","embeddable":true,"href":"https:\/\/dupescents.co\/fr\/wp-json\/wp\/v2\/product_tag?post=26434"}],"curies":[{"name":"wp","href":"https:\/\/api.w.org\/{rel}","templated":true}]}}