{"id":26423,"date":"2025-03-31T17:45:33","date_gmt":"2025-03-31T15:45:33","guid":{"rendered":"https:\/\/dupescents.co\/products\/sent-comme-idoles\/"},"modified":"2026-02-21T19:56:00","modified_gmt":"2026-02-21T18:56:00","slug":"sent-comme-idoles","status":"publish","type":"product","link":"https:\/\/dupescents.co\/fr\/products\/sent-comme-idoles\/","title":{"rendered":"Sent comme&#8230; Idoles"},"content":{"rendered":"<p>012W - Parfum similaire \u00e0 Christian Dior Addict<\/p>\n<p>PARFUMS DE NOTRE REMPLACEMENT :<\/p>\n<p>VANILLE<br \/>\nCEREUS<br \/>\nMANDARINE<br \/>\nFLEUR DE BOIS DE SOIE<br \/>\nTONKA FASOL<br \/>\nSANTAL<br \/>\nFLEUR D&rsquo;ORANGER<br \/>\nROSE BULGARE<br \/>\nDESCRIPTION DE LA FRAGRANCE :<\/p>\n<p>Un merveilleux parfum oriental et floral qui s\u00e9duit par sa chaleur et ses notes sensuelles. Notre 012W reproduit parfaitement le parfum original. La s\u00e9duisante rose bulgare se m\u00eale merveilleusement aux notes de fleur d&rsquo;oranger et de vanille intense. Cette composition impressionnante rappelle l&rsquo;Orient lointain, qui r\u00e9chauffe agr\u00e9ablement les sens.   <\/p>\n<p>CARACTERISTIQUES DE 012W :<br \/>\nType de parfum : oriental, floral<br \/>\nPour qui : femmes<br \/>\nContenu : 10ml \/ 30ml \/ 50ml \/ 100ml<br \/>\nCode produit : 012W<br \/>\nLe prix de ce parfum d\u00e9pend de la quantit\u00e9 indiqu\u00e9e.<br \/>\nMerci de laisser un commentaire apr\u00e8s l&rsquo;achat !<\/p>\n<p>Quelle est l&rsquo;odeur du 012W ?<br \/>\nC&rsquo;est un parfum f\u00e9minin et beau, consid\u00e9r\u00e9 comme floral, mais aussi oriental. Ses notes olfactives comprennent des accents de bois de santal, de mandarine, de vanille et de p\u00e9tales de rose. Les notes florales rencontrent d&rsquo;autres accords int\u00e9ressants et l&rsquo;ensemble de la composition est expressif, frais et captivant.  <\/p>\n","protected":false},"excerpt":{"rendered":"<p>Inspiration : Lancome Idole EDP 50ML<\/p>\n<p class=\"product__text inline-richtext\"><strong>\u2705 Eau de toilette 19-21% Parfum<\/strong><\/p>\n<p class=\"product__text inline-richtext\"><strong>\u2705 Le parfum dure une seconde journ\u00e9e<\/strong><\/p>\n<p class=\"product__text inline-richtext\"><strong>Achetez le parfum, pas la marque - \u00e9conomisez de l&rsquo;argent<\/strong><\/p>\n","protected":false},"featured_media":35804,"comment_status":"open","ping_status":"closed","template":"","meta":{"_acf_changed":false},"product_brand":[],"product_cat":[203],"product_tag":[],"class_list":{"0":"post-26423","1":"product","2":"type-product","3":"status-publish","4":"has-post-thumbnail","6":"product_cat-pour-les-femmes","8":"first","9":"instock","10":"shipping-taxable","11":"purchasable","12":"product-type-variable"},"acf":[],"aioseo_notices":[],"jetpack_sharing_enabled":true,"_links":{"self":[{"href":"https:\/\/dupescents.co\/fr\/wp-json\/wp\/v2\/product\/26423","targetHints":{"allow":["GET"]}}],"collection":[{"href":"https:\/\/dupescents.co\/fr\/wp-json\/wp\/v2\/product"}],"about":[{"href":"https:\/\/dupescents.co\/fr\/wp-json\/wp\/v2\/types\/product"}],"replies":[{"embeddable":true,"href":"https:\/\/dupescents.co\/fr\/wp-json\/wp\/v2\/comments?post=26423"}],"wp:featuredmedia":[{"embeddable":true,"href":"https:\/\/dupescents.co\/fr\/wp-json\/wp\/v2\/media\/35804"}],"wp:attachment":[{"href":"https:\/\/dupescents.co\/fr\/wp-json\/wp\/v2\/media?parent=26423"}],"wp:term":[{"taxonomy":"product_brand","embeddable":true,"href":"https:\/\/dupescents.co\/fr\/wp-json\/wp\/v2\/product_brand?post=26423"},{"taxonomy":"product_cat","embeddable":true,"href":"https:\/\/dupescents.co\/fr\/wp-json\/wp\/v2\/product_cat?post=26423"},{"taxonomy":"product_tag","embeddable":true,"href":"https:\/\/dupescents.co\/fr\/wp-json\/wp\/v2\/product_tag?post=26423"}],"curies":[{"name":"wp","href":"https:\/\/api.w.org\/{rel}","templated":true}]}}