{"id":26411,"date":"2025-04-02T17:02:57","date_gmt":"2025-04-02T15:02:57","guid":{"rendered":"https:\/\/dupescents.co\/products\/sent-comme-eau-de-parfum-ii\/"},"modified":"2026-02-21T23:35:52","modified_gmt":"2026-02-21T22:35:52","slug":"sent-comme-eau-de-parfum-ii","status":"publish","type":"product","link":"https:\/\/dupescents.co\/fr\/products\/sent-comme-eau-de-parfum-ii\/","title":{"rendered":"Sent comme&#8230; Eau de Parfum II"},"content":{"rendered":"<p>059W - Remplacement pour Gucci Eau de Parfum II<br \/>\nEAU DE PARFUM NO 059W - REMPLACEMENT POUR GUCCI EAU DE PARFUM II<\/p>\n<p>PARFUMS DE NOS SUBSTITUTS :<\/p>\n<p>RAISE<br \/>\nC\u00c8DRE<br \/>\nCASSIS<br \/>\nRED BERRIES<br \/>\nFEUILLE DE CASSIS<br \/>\nPIWONIA<br \/>\nSIOOL<br \/>\nPIZMO<br \/>\nORANGE AM\u00c8RE<br \/>\nH\u00c9LIOTROPE<br \/>\nFRAIS<br \/>\nMANDARINE<br \/>\nJASMIN<br \/>\nCONVALIA<br \/>\nDESCRIPTION DE LA FRAGRANCE :<\/p>\n<p>Notre pendant \u00e0 Gucci Eau de Perfum II est une source de sex-appeal et de d\u00e9sir. Un parfum merveilleusement f\u00e9minin, cr\u00e9\u00e9 pour les femmes qui sont conscientes de leur pouvoir de s\u00e9duction et pr\u00eates \u00e0 vivre une exp\u00e9rience passionn\u00e9e. L&rsquo;ar\u00f4me envo\u00fbtant qui se d\u00e9gage de ce flacon donne de l&rsquo;\u00e9nergie et de la vitalit\u00e9. R\u00e9coltez vous aussi les fruits de la vie et mettez en valeur votre s\u00e9duisante f\u00e9minit\u00e9 !   <\/p>\n<p>CARACTERISTIQUES DE L&rsquo;EAU DE PARFUM EQUIVALENT II :<br \/>\nType de parfum : fruit\u00e9, floral<br \/>\nPour qui : femmes<br \/>\nContenu : 10ml \/ 30ml \/ 50ml \/ 100ml<br \/>\nCode produit : 059W<br \/>\nLe prix de ce parfum d\u00e9pend de la quantit\u00e9 indiqu\u00e9e.<br \/>\nMerci de nous donner votre avis apr\u00e8s l&rsquo;achat !<\/p>\n<p>Voir aussi les autres parfums Gucci et leurs produits de remplacement.<\/p>\n","protected":false},"excerpt":{"rendered":"<p class=\"product__text inline-richtext\">Inspiration : Gucci Eau de Parfum II EDP 30ML<\/p>\n<p class=\"product__text inline-richtext\"><strong>\u2705 Eau de toilette 19-21% Parfum<\/strong><\/p>\n<p class=\"product__text inline-richtext\"><strong>\u2705 Le parfum dure une seconde journ\u00e9e<\/strong><\/p>\n<p class=\"product__text inline-richtext\"><strong>Achetez le parfum, pas la marque - \u00e9conomisez de l&rsquo;argent<\/strong><\/p>\n","protected":false},"featured_media":35868,"comment_status":"open","ping_status":"closed","template":"","meta":{"_acf_changed":false},"product_brand":[],"product_cat":[213,203],"product_tag":[],"class_list":{"0":"post-26411","1":"product","2":"type-product","3":"status-publish","4":"has-post-thumbnail","6":"product_cat-meilleures-ventes","7":"product_cat-pour-les-femmes","9":"first","10":"instock","11":"shipping-taxable","12":"purchasable","13":"product-type-variable"},"acf":[],"aioseo_notices":[],"jetpack_sharing_enabled":true,"_links":{"self":[{"href":"https:\/\/dupescents.co\/fr\/wp-json\/wp\/v2\/product\/26411","targetHints":{"allow":["GET"]}}],"collection":[{"href":"https:\/\/dupescents.co\/fr\/wp-json\/wp\/v2\/product"}],"about":[{"href":"https:\/\/dupescents.co\/fr\/wp-json\/wp\/v2\/types\/product"}],"replies":[{"embeddable":true,"href":"https:\/\/dupescents.co\/fr\/wp-json\/wp\/v2\/comments?post=26411"}],"wp:featuredmedia":[{"embeddable":true,"href":"https:\/\/dupescents.co\/fr\/wp-json\/wp\/v2\/media\/35868"}],"wp:attachment":[{"href":"https:\/\/dupescents.co\/fr\/wp-json\/wp\/v2\/media?parent=26411"}],"wp:term":[{"taxonomy":"product_brand","embeddable":true,"href":"https:\/\/dupescents.co\/fr\/wp-json\/wp\/v2\/product_brand?post=26411"},{"taxonomy":"product_cat","embeddable":true,"href":"https:\/\/dupescents.co\/fr\/wp-json\/wp\/v2\/product_cat?post=26411"},{"taxonomy":"product_tag","embeddable":true,"href":"https:\/\/dupescents.co\/fr\/wp-json\/wp\/v2\/product_tag?post=26411"}],"curies":[{"name":"wp","href":"https:\/\/api.w.org\/{rel}","templated":true}]}}