{"id":26392,"date":"2025-03-31T17:52:59","date_gmt":"2025-03-31T15:52:59","guid":{"rendered":"https:\/\/dupescents.co\/products\/sent-comme-bamboo\/"},"modified":"2026-02-22T00:20:51","modified_gmt":"2026-02-21T23:20:51","slug":"sent-comme-bamboo","status":"publish","type":"product","link":"https:\/\/dupescents.co\/fr\/products\/sent-comme-bamboo\/","title":{"rendered":"Sent comme&#8230; Bamboo"},"content":{"rendered":"<p>173W - Remplacement pour Gucci Bamboo<br \/>\n173W EAU DE PARFUM - REMPLACEMENT POUR GUCCI BAMBOO<\/p>\n<p>PARFUMS DE NOS SUBSTITUTS :<\/p>\n<p>BERGAMOTE SICILIENNE<br \/>\nLYS DE CASABLANCA<br \/>\nJASMIN<br \/>\nFLEUR D&rsquo;ORANGER<br \/>\nYLANG-YLANG<br \/>\nPRUNE BLANCHE<br \/>\nBROUSSE<br \/>\nAMBRE<br \/>\nMANDARINE ITALIENNE<br \/>\nVANILLE TAHITIENNE<br \/>\nDESCRIPTION DE LA FRAGRANCE :<\/p>\n<p>Une Eau de Parfum que toute femme sophistiqu\u00e9e, romantique et aux go\u00fbts originaux aimera. L&rsquo;Eau de Parfum n\u00b0 173W est l&rsquo;\u00e9quivalent de Gucci Bamboo et a une tr\u00e8s longue dur\u00e9e de vie. Il compl\u00e8te parfaitement l&rsquo;image d&rsquo;une propri\u00e9taire \u00e9l\u00e9gante et ind\u00e9pendante. Il convient aussi bien \u00e0 un usage quotidien qu&rsquo;\u00e0 des occasions sp\u00e9ciales.   <\/p>\n<p>CARACTERISTIQUES DU PARFUM BAMBOU :<br \/>\nType de parfum : floral<br \/>\nPour qui : femmes<br \/>\nContenu : 10 ml \/ 30 ml \/ 50 ml \/ 100 ml<br \/>\nCode produit : 173W<br \/>\nLe prix de ce parfum d\u00e9pend de la quantit\u00e9 indiqu\u00e9e.<br \/>\nMerci de nous faire part de vos commentaires apr\u00e8s l&rsquo;achat !<\/p>\n<p>Voir aussi les autres parfums Gucci et leurs produits de remplacement.<\/p>\n<p>Quelle est l&rsquo;odeur du parfum Gucci Bamboo correspondant ?<br \/>\nC&rsquo;est un parfum int\u00e9ressant, class\u00e9 comme floral, bien qu&rsquo;il puisse \u00e9galement \u00eatre cat\u00e9goris\u00e9 comme bois\u00e9. Il a notamment des notes parfum\u00e9es de vanille, de bergamote, de fleur de jasmin ou de fleur de lys, et le parfum est globalement tr\u00e8s persistant. <\/p>\n","protected":false},"excerpt":{"rendered":"<p class=\"product__text inline-richtext\">Inspiration : Gucci Bamboo EDT 30ML<\/p>\n<p class=\"product__text inline-richtext\"><strong>\u2705 Eau de toilette 19-21% Parfum<\/strong><\/p>\n<p class=\"product__text inline-richtext\"><strong>\u2705 Le parfum dure une seconde journ\u00e9e<\/strong><\/p>\n<p class=\"product__text inline-richtext\"><strong>Achetez le parfum, pas la marque - \u00e9conomisez de l&rsquo;argent<\/strong><\/p>\n","protected":false},"featured_media":35906,"comment_status":"open","ping_status":"closed","template":"","meta":{"_acf_changed":false},"product_brand":[],"product_cat":[203],"product_tag":[],"class_list":{"0":"post-26392","1":"product","2":"type-product","3":"status-publish","4":"has-post-thumbnail","6":"product_cat-pour-les-femmes","8":"first","9":"instock","10":"shipping-taxable","11":"purchasable","12":"product-type-variable"},"acf":[],"aioseo_notices":[],"jetpack_sharing_enabled":true,"_links":{"self":[{"href":"https:\/\/dupescents.co\/fr\/wp-json\/wp\/v2\/product\/26392","targetHints":{"allow":["GET"]}}],"collection":[{"href":"https:\/\/dupescents.co\/fr\/wp-json\/wp\/v2\/product"}],"about":[{"href":"https:\/\/dupescents.co\/fr\/wp-json\/wp\/v2\/types\/product"}],"replies":[{"embeddable":true,"href":"https:\/\/dupescents.co\/fr\/wp-json\/wp\/v2\/comments?post=26392"}],"wp:featuredmedia":[{"embeddable":true,"href":"https:\/\/dupescents.co\/fr\/wp-json\/wp\/v2\/media\/35906"}],"wp:attachment":[{"href":"https:\/\/dupescents.co\/fr\/wp-json\/wp\/v2\/media?parent=26392"}],"wp:term":[{"taxonomy":"product_brand","embeddable":true,"href":"https:\/\/dupescents.co\/fr\/wp-json\/wp\/v2\/product_brand?post=26392"},{"taxonomy":"product_cat","embeddable":true,"href":"https:\/\/dupescents.co\/fr\/wp-json\/wp\/v2\/product_cat?post=26392"},{"taxonomy":"product_tag","embeddable":true,"href":"https:\/\/dupescents.co\/fr\/wp-json\/wp\/v2\/product_tag?post=26392"}],"curies":[{"name":"wp","href":"https:\/\/api.w.org\/{rel}","templated":true}]}}