{"id":26391,"date":"2025-04-02T17:35:33","date_gmt":"2025-04-02T15:35:33","guid":{"rendered":"https:\/\/dupescents.co\/products\/odeur-de-ultraviolet\/"},"modified":"2025-11-05T19:23:00","modified_gmt":"2025-11-05T18:23:00","slug":"odeur-de-ultraviolet","status":"publish","type":"product","link":"https:\/\/dupescents.co\/fr\/products\/odeur-de-ultraviolet\/","title":{"rendered":"Odeur de&#8230; Ultraviolet"},"content":{"rendered":"<p>480W - entspricht PACO RABANNE ULTRAVIOLET<br \/>\nPERFUMED WATER Nr. 480W - \u00c4quivalent zu PACO RABANNE ULTRAVIOLET<\/p>\n<p>DIE DUFTNOTEN UNSERES ERSATZES:<\/p>\n<p>PURE<br \/>\nORANGENPFEFFER<br \/>\nMORELA<br \/>\nCOLLENDRA<br \/>\nALMOND<br \/>\nFRUCHT<br \/>\nJAPANISCHER OSMANTHUS<br \/>\nROSE<br \/>\nJASMINE<br \/>\nVANILLE<br \/>\nPACULA<br \/>\nBURSHINE<br \/>\nZEDER<br \/>\nDUFTBESCHREIBUNG:<\/p>\n<p>Dieses von Paco Rabannes Duft Ultraviolet inspirierte Parf\u00fcm umh\u00fcllt Sie sanft und w\u00e4rmt Sie, w\u00e4hrend es Sie mit seinen orientalischen Akkorden belebt. In der Komposition finden Sie Pfeffer, Brombeere, Jasmin, Vanille aus Madagaskar und Ambra. Testen Sie sie und lassen Sie sich von dieser einzigartigen Mischung verzaubern!<\/p>\n<p>MERKMALE DES GEGENST\u00dcCKS VON PACO RABANNE ULTRAVIOLET PARFUM:<br \/>\nDufttyp: violett, pudrig, blumig<br \/>\nF\u00fcr wen: Frauen<br \/>\nVolumen: 10 ml \/ 30 ml \/ 50 ml \/ 100 ml<br \/>\nProdukt-Code: 480W<br \/>\nDer Preis f\u00fcr dieses Parf\u00fcm h\u00e4ngt von der angegebenen Menge ab.<br \/>\nBitte geben Sie uns nach dem Kauf Ihr Feedback!<\/p>\n","protected":false},"excerpt":{"rendered":"<p>Inspiration : Paco Rabanne Ultraviolet EDP 80ML<\/p>\n<p class=\"product__text inline-richtext\"><strong>\u2705 Eau de toilette 19-21% Parfum<\/strong><\/p>\n<p class=\"product__text inline-richtext\"><strong>\u2705 Le parfum dure une seconde journ\u00e9e<\/strong><\/p>\n<p class=\"product__text inline-richtext\"><strong>Achetez le parfum, pas la marque - \u00e9conomisez de l&rsquo;argent<\/strong><\/p>\n","protected":false},"featured_media":0,"comment_status":"open","ping_status":"closed","template":"","meta":{"_acf_changed":false},"product_brand":[],"product_cat":[203],"product_tag":[],"class_list":{"0":"post-26391","1":"product","2":"type-product","3":"status-publish","5":"product_cat-pour-les-femmes","7":"first","8":"instock","9":"shipping-taxable","10":"purchasable","11":"product-type-variable"},"acf":[],"aioseo_notices":[],"jetpack_sharing_enabled":true,"_links":{"self":[{"href":"https:\/\/dupescents.co\/fr\/wp-json\/wp\/v2\/product\/26391","targetHints":{"allow":["GET"]}}],"collection":[{"href":"https:\/\/dupescents.co\/fr\/wp-json\/wp\/v2\/product"}],"about":[{"href":"https:\/\/dupescents.co\/fr\/wp-json\/wp\/v2\/types\/product"}],"replies":[{"embeddable":true,"href":"https:\/\/dupescents.co\/fr\/wp-json\/wp\/v2\/comments?post=26391"}],"wp:attachment":[{"href":"https:\/\/dupescents.co\/fr\/wp-json\/wp\/v2\/media?parent=26391"}],"wp:term":[{"taxonomy":"product_brand","embeddable":true,"href":"https:\/\/dupescents.co\/fr\/wp-json\/wp\/v2\/product_brand?post=26391"},{"taxonomy":"product_cat","embeddable":true,"href":"https:\/\/dupescents.co\/fr\/wp-json\/wp\/v2\/product_cat?post=26391"},{"taxonomy":"product_tag","embeddable":true,"href":"https:\/\/dupescents.co\/fr\/wp-json\/wp\/v2\/product_tag?post=26391"}],"curies":[{"name":"wp","href":"https:\/\/api.w.org\/{rel}","templated":true}]}}