{"id":26368,"date":"2025-04-02T17:37:34","date_gmt":"2025-04-02T15:37:34","guid":{"rendered":"https:\/\/dupescents.co\/products\/sent-comme-olympea-aqua\/"},"modified":"2026-02-21T04:47:45","modified_gmt":"2026-02-21T03:47:45","slug":"sent-comme-olympea-aqua","status":"publish","type":"product","link":"https:\/\/dupescents.co\/fr\/products\/sent-comme-olympea-aqua\/","title":{"rendered":"Sent comme&#8230; Olympea Aqua"},"content":{"rendered":"<p>490W - \u00c4quivalent von Paco Rabanne Olymp\u00e9a Aqua<br \/>\nPARF\u00dcM NR. 490W - \u00c4QUIVALENT ZU PACO RABANNE OLYMP\u00c9A AQUA PARF\u00dcM<\/p>\n<p>DUFTNOTEN UNSERES ERSATZES:<\/p>\n<p>AQUATISCHE NOTEN<br \/>\nKALABRISCHE BERGAMOTTE<br \/>\nORANGE<br \/>\nPETITGRAIN<br \/>\nGREYFRUIT<br \/>\nGINGERBLUME<br \/>\nJASMINE<br \/>\nORANGE BLOSSOM<br \/>\nBROSCOSE<br \/>\nROSE<br \/>\nSALEM<br \/>\nVANILLA<br \/>\nAMBRA<br \/>\nCASHMERE WOOD<br \/>\nSANDALWOOD<br \/>\nBENZOES<br \/>\nDUFTBESCHREIBUNG:<\/p>\n<p>Verlieben Sie sich in den blumigen, frischen Duft unseres Parfums Olymp\u00e9a Aqua! Es verbirgt Noten von Orangenbl\u00fcte, Jasmin, Ambra, Rose, Salz und Vanille. Die Mischung umh\u00fcllt Sie mit Frische und einem leichten, femininen Charakter, der ihm Tausende von Fans auf der ganzen Welt eingebracht hat! Sehen Sie, ob Sie einer von ihnen sind.<\/p>\n<p>EIGENSCHAFTEN VON PACO RABANNE OLYMP\u00c9A AQUA EQUIVALENT PARF\u00dcM:<br \/>\nDufttyp: blumig, aquatisch<br \/>\nF\u00fcr wen: Frauen<br \/>\nVolumen: 10 ml \/ 30 ml \/ 50 ml \/ 100 ml<br \/>\nProdukt-Code: 490W<br \/>\nDer Preis f\u00fcr dieses Parf\u00fcm h\u00e4ngt von der angegebenen Menge ab.<br \/>\nBitte geben Sie uns nach dem Kauf Ihr Feedback!<\/p>\n<p>Schauen Sie sich auch andere Paco Rabanne Parfums an.<\/p>\n","protected":false},"excerpt":{"rendered":"<p>Inspiration : Paco Rabanne Olymp\u00e9a Aqua EDT 80ML<\/p>\n<p class=\"product__text inline-richtext\"><strong>\u2705 Eau de toilette 19-21% Parfum<\/strong><\/p>\n<p class=\"product__text inline-richtext\"><strong>\u2705 Le parfum dure une seconde journ\u00e9e<\/strong><\/p>\n<p class=\"product__text inline-richtext\"><strong>Achetez le parfum, pas la marque - \u00e9conomisez de l&rsquo;argent<\/strong><\/p>\n","protected":false},"featured_media":36153,"comment_status":"open","ping_status":"closed","template":"","meta":{"_acf_changed":false},"product_brand":[],"product_cat":[213,203],"product_tag":[],"class_list":{"0":"post-26368","1":"product","2":"type-product","3":"status-publish","4":"has-post-thumbnail","6":"product_cat-meilleures-ventes","7":"product_cat-pour-les-femmes","9":"first","10":"instock","11":"shipping-taxable","12":"purchasable","13":"product-type-variable"},"acf":[],"aioseo_notices":[],"jetpack_sharing_enabled":true,"_links":{"self":[{"href":"https:\/\/dupescents.co\/fr\/wp-json\/wp\/v2\/product\/26368","targetHints":{"allow":["GET"]}}],"collection":[{"href":"https:\/\/dupescents.co\/fr\/wp-json\/wp\/v2\/product"}],"about":[{"href":"https:\/\/dupescents.co\/fr\/wp-json\/wp\/v2\/types\/product"}],"replies":[{"embeddable":true,"href":"https:\/\/dupescents.co\/fr\/wp-json\/wp\/v2\/comments?post=26368"}],"wp:featuredmedia":[{"embeddable":true,"href":"https:\/\/dupescents.co\/fr\/wp-json\/wp\/v2\/media\/36153"}],"wp:attachment":[{"href":"https:\/\/dupescents.co\/fr\/wp-json\/wp\/v2\/media?parent=26368"}],"wp:term":[{"taxonomy":"product_brand","embeddable":true,"href":"https:\/\/dupescents.co\/fr\/wp-json\/wp\/v2\/product_brand?post=26368"},{"taxonomy":"product_cat","embeddable":true,"href":"https:\/\/dupescents.co\/fr\/wp-json\/wp\/v2\/product_cat?post=26368"},{"taxonomy":"product_tag","embeddable":true,"href":"https:\/\/dupescents.co\/fr\/wp-json\/wp\/v2\/product_tag?post=26368"}],"curies":[{"name":"wp","href":"https:\/\/api.w.org\/{rel}","templated":true}]}}