{"id":26344,"date":"2025-04-02T17:38:56","date_gmt":"2025-04-02T15:38:56","guid":{"rendered":"https:\/\/dupescents.co\/products\/ca-sent-comme-dolce-vita\/"},"modified":"2026-02-21T23:47:51","modified_gmt":"2026-02-21T22:47:51","slug":"ca-sent-comme-dolce-vita","status":"publish","type":"product","link":"https:\/\/dupescents.co\/fr\/products\/ca-sent-comme-dolce-vita\/","title":{"rendered":"\u00c7a sent comme&#8230; Dolce Vita"},"content":{"rendered":"<p>116W - Un parfum similaire \u00e0 Christian Dior Dolce Vita<br \/>\nNOTES PARFUM\u00c9ES DE NOTRE REMPLACEMENT :<\/p>\n<p>GYNAMON<br \/>\nBRUSKIN<br \/>\nVANILLE<br \/>\nSANTAL<br \/>\nCARDAMOME<br \/>\nMORELA<br \/>\nC\u00c8DRE<br \/>\nROSE DU BR\u00c9SIL<br \/>\nLYS<br \/>\nCOOKOS<br \/>\nH\u00c9LIOTROPE<br \/>\nGREYFRUIT<br \/>\nMAGNOLIA<br \/>\nBERGAMOTKA<br \/>\nROSE<br \/>\nDESCRIPTION DE LA FRAGRANCE :<\/p>\n<p>Une source de vitalit\u00e9 et de joie de vivre. Notre 116W est une Eau de Parfum rayonnante pour les femmes qui profitent pleinement de la vie. De beaux accords orientaux et bois\u00e9s d\u00e9gagent un optimisme et une sensualit\u00e9 joyeuse. Un parfum qui convient aussi bien \u00e0 la vie quotidienne qu&rsquo;aux grandes occasions.   <\/p>\n<p>CARACTERISTIQUES 116W :<br \/>\nType de parfum : oriental, bois\u00e9<br \/>\nPour qui : Femmes<br \/>\nContenu : 10ml \/ 30ml \/ 50ml \/ 100ml<br \/>\nCode produit : 116W<br \/>\nLe prix de ce parfum d\u00e9pend de la quantit\u00e9 indiqu\u00e9e.<br \/>\nMerci de nous faire part de votre avis apr\u00e8s achat !<\/p>\n","protected":false},"excerpt":{"rendered":"<p class=\"product__text inline-richtext\">Inspiration : Christian Dior Dolce Vita EDT 100ML<\/p>\n<p class=\"product__text inline-richtext\"><strong>\u2705 Eau de toilette 19-21% Parfum<\/strong><\/p>\n<p class=\"product__text inline-richtext\"><strong>\u2705 Le parfum dure une seconde journ\u00e9e<\/strong><\/p>\n<p class=\"product__text inline-richtext\"><strong>Achetez le parfum, pas la marque - \u00e9conomisez de l&rsquo;argent<\/strong><\/p>\n","protected":false},"featured_media":35891,"comment_status":"open","ping_status":"closed","template":"","meta":{"_acf_changed":false},"product_brand":[],"product_cat":[213,203],"product_tag":[],"class_list":{"0":"post-26344","1":"product","2":"type-product","3":"status-publish","4":"has-post-thumbnail","6":"product_cat-meilleures-ventes","7":"product_cat-pour-les-femmes","9":"first","10":"instock","11":"shipping-taxable","12":"purchasable","13":"product-type-variable"},"acf":[],"aioseo_notices":[],"jetpack_sharing_enabled":true,"_links":{"self":[{"href":"https:\/\/dupescents.co\/fr\/wp-json\/wp\/v2\/product\/26344","targetHints":{"allow":["GET"]}}],"collection":[{"href":"https:\/\/dupescents.co\/fr\/wp-json\/wp\/v2\/product"}],"about":[{"href":"https:\/\/dupescents.co\/fr\/wp-json\/wp\/v2\/types\/product"}],"replies":[{"embeddable":true,"href":"https:\/\/dupescents.co\/fr\/wp-json\/wp\/v2\/comments?post=26344"}],"wp:featuredmedia":[{"embeddable":true,"href":"https:\/\/dupescents.co\/fr\/wp-json\/wp\/v2\/media\/35891"}],"wp:attachment":[{"href":"https:\/\/dupescents.co\/fr\/wp-json\/wp\/v2\/media?parent=26344"}],"wp:term":[{"taxonomy":"product_brand","embeddable":true,"href":"https:\/\/dupescents.co\/fr\/wp-json\/wp\/v2\/product_brand?post=26344"},{"taxonomy":"product_cat","embeddable":true,"href":"https:\/\/dupescents.co\/fr\/wp-json\/wp\/v2\/product_cat?post=26344"},{"taxonomy":"product_tag","embeddable":true,"href":"https:\/\/dupescents.co\/fr\/wp-json\/wp\/v2\/product_tag?post=26344"}],"curies":[{"name":"wp","href":"https:\/\/api.w.org\/{rel}","templated":true}]}}