{"id":26331,"date":"2025-04-02T17:47:00","date_gmt":"2025-04-02T15:47:00","guid":{"rendered":"https:\/\/dupescents.co\/products\/sent-comme-terra-di-gioia\/"},"modified":"2026-02-21T04:40:26","modified_gmt":"2026-02-21T03:40:26","slug":"sent-comme-terra-di-gioia","status":"publish","type":"product","link":"https:\/\/dupescents.co\/fr\/products\/sent-comme-terra-di-gioia\/","title":{"rendered":"Sent comme&#8230; Terra Di Gioia"},"content":{"rendered":"<p>436W - Ersatz f\u00fcr Giorgio Armani Terra Di Gioia<br \/>\nParf\u00fcm Nr. 436W - Ersatz f\u00fcr Giorgio Armani Terra Di Gioia<\/p>\n<p>DUFTNOTEN VON UNSEREM ERSATZ:<\/p>\n<p>Birne,<br \/>\nMandarine<br \/>\nBergamotte<br \/>\nMandelbl\u00fcte<br \/>\nJasmin<br \/>\nAmberbaum<br \/>\nMoschus<br \/>\nDUFTBESCHREIBUNG:<\/p>\n<p>Die Komposition des Giorgio Armani Terra Di Gioia Ersatzes erlaubt es Ihnen, sich in ein Land der Sonne zu versetzen, das Sie angenehm in warme Strahlen einh\u00fcllt! Er ist perfekt f\u00fcr die Fr\u00fchlings- und Sommermonate, aber Sie k\u00f6nnen ihn das ganze Jahr \u00fcber verwenden, um sich, wenn auch nur f\u00fcr einen Moment, wie an den warmen Gestaden des Mittelmeeres zu f\u00fchlen. Probieren Sie diesen blumig-orientalischen Vorschlag und Sie werden sich vom ersten Moment an verlieben!<\/p>\n<p>EIGENSCHAFTEN von Giorgio Armani Terra Di Gioia PERFUM:<br \/>\nDufttyp: orientalisch, blumig<br \/>\nF\u00fcr wen: Frauen<br \/>\nInhalt: 10ml \/ 30ml \/ 50ml \/ 100ml<br \/>\nProdukt-Code: 436W<br \/>\nDer Preis f\u00fcr dieses Parf\u00fcm h\u00e4ngt von der angegebenen Menge ab.<br \/>\nBitte geben Sie uns nach dem Kauf eine R\u00fcckmeldung!<\/p>\n<p>Sehen Sie auch andere Giorgio Armani Parfums und ihre Ersatzprodukte.<\/p>\n","protected":false},"excerpt":{"rendered":"<p class=\"product__text inline-richtext\">Inspiration : Giorgio Armani Terra Di Gioia EDP 30ML<\/p>\n<p class=\"product__text inline-richtext\"><strong>\u2705 Eau de toilette 19-21% Parfum<\/strong><\/p>\n<p class=\"product__text inline-richtext\"><strong>\u2705 Le parfum dure une seconde journ\u00e9e<\/strong><\/p>\n<p class=\"product__text inline-richtext\"><strong>Achetez le parfum, pas la marque - \u00e9conomisez de l&rsquo;argent<\/strong><\/p>\n","protected":false},"featured_media":36144,"comment_status":"open","ping_status":"closed","template":"","meta":{"_acf_changed":false},"product_brand":[],"product_cat":[213,203],"product_tag":[],"class_list":{"0":"post-26331","1":"product","2":"type-product","3":"status-publish","4":"has-post-thumbnail","6":"product_cat-meilleures-ventes","7":"product_cat-pour-les-femmes","9":"first","10":"instock","11":"shipping-taxable","12":"purchasable","13":"product-type-variable"},"acf":[],"aioseo_notices":[],"jetpack_sharing_enabled":true,"_links":{"self":[{"href":"https:\/\/dupescents.co\/fr\/wp-json\/wp\/v2\/product\/26331","targetHints":{"allow":["GET"]}}],"collection":[{"href":"https:\/\/dupescents.co\/fr\/wp-json\/wp\/v2\/product"}],"about":[{"href":"https:\/\/dupescents.co\/fr\/wp-json\/wp\/v2\/types\/product"}],"replies":[{"embeddable":true,"href":"https:\/\/dupescents.co\/fr\/wp-json\/wp\/v2\/comments?post=26331"}],"wp:featuredmedia":[{"embeddable":true,"href":"https:\/\/dupescents.co\/fr\/wp-json\/wp\/v2\/media\/36144"}],"wp:attachment":[{"href":"https:\/\/dupescents.co\/fr\/wp-json\/wp\/v2\/media?parent=26331"}],"wp:term":[{"taxonomy":"product_brand","embeddable":true,"href":"https:\/\/dupescents.co\/fr\/wp-json\/wp\/v2\/product_brand?post=26331"},{"taxonomy":"product_cat","embeddable":true,"href":"https:\/\/dupescents.co\/fr\/wp-json\/wp\/v2\/product_cat?post=26331"},{"taxonomy":"product_tag","embeddable":true,"href":"https:\/\/dupescents.co\/fr\/wp-json\/wp\/v2\/product_tag?post=26331"}],"curies":[{"name":"wp","href":"https:\/\/api.w.org\/{rel}","templated":true}]}}