{"id":26320,"date":"2025-04-02T17:39:55","date_gmt":"2025-04-02T15:39:55","guid":{"rendered":"https:\/\/dupescents.co\/products\/ca-sent-comme-angel-nova\/"},"modified":"2026-02-21T19:38:12","modified_gmt":"2026-02-21T18:38:12","slug":"ca-sent-comme-angel-nova","status":"publish","type":"product","link":"https:\/\/dupescents.co\/fr\/products\/ca-sent-comme-angel-nova\/","title":{"rendered":"\u00c7a sent comme&#8230; Angel Nova"},"content":{"rendered":"<p>166W - Remplacement pour Thierry Mugler Angel Nova<br \/>\nEAU DE PARFUM 166W - REMPLACEMENT POUR THIERRY MUGLER ANGEL NOVA<\/p>\n<p>PARFUMS DE NOTRE REMPLACEMENT :<\/p>\n<p>MALINA<br \/>\nNICE<br \/>\nDAMASK ROSE<br \/>\nBENZOES<br \/>\nDESCRIPTION DU PARFUM :<\/p>\n<p>D\u00e9barrassez-vous des restrictions et commencez \u00e0 vivre la vie que votre c\u0153ur vous dicte de vivre ! La combinaison du piquant et du romantisme de notre dernier parfum est id\u00e9ale pour les femmes s\u00fbres d&rsquo;elles et audacieuses. Savourez l&rsquo;ar\u00f4me de framboises juteuses et de litchis, laissez-vous emporter par les notes f\u00e9minines de la rose de Damas et lib\u00e9rez votre \u00e9nergie int\u00e9rieure avec une base bois\u00e9e !  <\/p>\n<p>Essayez 166W, l&rsquo;inspiration de la fragrance orientale et florale Angel Nova de Thierry Mugler, cr\u00e9\u00e9e en 2020. Ce parfum est parfait pour toutes les occasions et r\u00e9v\u00e8le sans cesse de nouvelles facettes selon la saison. <\/p>\n","protected":false},"excerpt":{"rendered":"<p class=\"product__text inline-richtext\">Inspiration : Thierry Mugler Angel Nova EDP 50ML<\/p>\n<p class=\"product__text inline-richtext\"><strong>\u2705 Eau de toilette 19-21% Parfum<\/strong><\/p>\n<p class=\"product__text inline-richtext\"><strong>\u2705 Le parfum dure une seconde journ\u00e9e<\/strong><\/p>\n<p class=\"product__text inline-richtext\"><strong>Achetez le parfum, pas la marque - \u00e9conomisez de l&rsquo;argent<\/strong><\/p>\n","protected":false},"featured_media":35785,"comment_status":"open","ping_status":"closed","template":"","meta":{"_acf_changed":false},"product_brand":[],"product_cat":[213,203],"product_tag":[],"class_list":{"0":"post-26320","1":"product","2":"type-product","3":"status-publish","4":"has-post-thumbnail","6":"product_cat-meilleures-ventes","7":"product_cat-pour-les-femmes","9":"first","10":"instock","11":"shipping-taxable","12":"purchasable","13":"product-type-variable"},"acf":[],"aioseo_notices":[],"jetpack_sharing_enabled":true,"_links":{"self":[{"href":"https:\/\/dupescents.co\/fr\/wp-json\/wp\/v2\/product\/26320","targetHints":{"allow":["GET"]}}],"collection":[{"href":"https:\/\/dupescents.co\/fr\/wp-json\/wp\/v2\/product"}],"about":[{"href":"https:\/\/dupescents.co\/fr\/wp-json\/wp\/v2\/types\/product"}],"replies":[{"embeddable":true,"href":"https:\/\/dupescents.co\/fr\/wp-json\/wp\/v2\/comments?post=26320"}],"wp:featuredmedia":[{"embeddable":true,"href":"https:\/\/dupescents.co\/fr\/wp-json\/wp\/v2\/media\/35785"}],"wp:attachment":[{"href":"https:\/\/dupescents.co\/fr\/wp-json\/wp\/v2\/media?parent=26320"}],"wp:term":[{"taxonomy":"product_brand","embeddable":true,"href":"https:\/\/dupescents.co\/fr\/wp-json\/wp\/v2\/product_brand?post=26320"},{"taxonomy":"product_cat","embeddable":true,"href":"https:\/\/dupescents.co\/fr\/wp-json\/wp\/v2\/product_cat?post=26320"},{"taxonomy":"product_tag","embeddable":true,"href":"https:\/\/dupescents.co\/fr\/wp-json\/wp\/v2\/product_tag?post=26320"}],"curies":[{"name":"wp","href":"https:\/\/api.w.org\/{rel}","templated":true}]}}