{"id":26283,"date":"2025-04-02T17:48:23","date_gmt":"2025-04-02T15:48:23","guid":{"rendered":"https:\/\/dupescents.co\/products\/sent-comme-acqua-di-gio-2\/"},"modified":"2026-02-21T19:22:17","modified_gmt":"2026-02-21T18:22:17","slug":"sent-comme-acqua-di-gio-2","status":"publish","type":"product","link":"https:\/\/dupescents.co\/fr\/products\/sent-comme-acqua-di-gio-2\/","title":{"rendered":"Sent comme&#8230; Acqua Di Gio"},"content":{"rendered":"<p>EAU DE PARFUM NO 110W - CORRESPOND \u00c0 GIORGIO ARMANI ACQUA DI GIO<\/p>\n<p>PARFUMS DE NOS SUBSTITUTS :<\/p>\n<p>MUSK VODKA<br \/>\nPIWONIA<br \/>\nKONWALIA<br \/>\nHIACINT<br \/>\nLILIE<br \/>\nANANAS<br \/>\nJASMINE<br \/>\nFRA\u00ceCHEUR<br \/>\nCITRON<br \/>\nFICHE BANANE<br \/>\nBROSCOSE<br \/>\nPI\u017bMO<br \/>\nVIOLET<br \/>\nCALONE<br \/>\nC\u00c9DRE<br \/>\nSANDALWOOD<br \/>\nYLANG-YLANG<br \/>\nROSE<br \/>\nSTYRAX<br \/>\nBURSHINE<br \/>\nDESCRIPTION DE LA FRAGRANCE ACQUA DI GIO (FEMME) :<\/p>\n<p>Un parfum associ\u00e9 \u00e0 une brise marine d\u00e9licieusement fra\u00eeche. Notre \u00e9quivalent de Giorgio Armani Acqua di Gio \u00e9voque des journ\u00e9es d&rsquo;\u00e9t\u00e9 relaxantes sur une plage balay\u00e9e par l&rsquo;\u00e9cume des vagues. La combinaison harmonieuse de notes florales avec des agrumes et des tons bois\u00e9s chauds est relaxante et \u00e9voque des vacances au bord de la mer. C&rsquo;est un parfum vivifiant qui \u00e9voque des associations de nature et de romantisme.   <\/p>\n<p>CARACTERISTIQUES DE ACQUA DI GIO PARFUM :<br \/>\nType de parfum : fruit\u00e9, floral<br \/>\nPour qui : femmes<br \/>\nContenu : 30 ml \/ 50 ml \/ 100 ml<br \/>\nCode produit : 110W<\/p>\n<p>Quelle est l&rsquo;odeur de l&rsquo;\u00e9quivalent du parfum Acqua Di Gio ?<br \/>\nIl s&rsquo;agit d&rsquo;un beau parfum dont la senteur est d\u00e9crite comme florale, mais aussi fruit\u00e9e. On y sent entre autres des notes de p\u00e9tales de rose, de violette, de p\u00eache, de citron, de bois de santal ou de muguet. Mais la composition contient bien d&rsquo;autres accents, et l&rsquo;ensemble de l&rsquo;ar\u00f4me \u00e9voque le soleil et un environnement qui invite au calme et \u00e0 la d\u00e9tente.  <\/p>\n<p>Quand vaut-il la peine de se tourner vers le substitut Acqua Di Gio ?<br \/>\nC&rsquo;est un parfum moderne qui convient \u00e0 de nombreuses occasions et peut \u00eatre recommand\u00e9 pour la journ\u00e9e comme pour la soir\u00e9e. Il convient \u00e9galement de mentionner sa long\u00e9vit\u00e9, qui est un bonus suppl\u00e9mentaire. <\/p>\n","protected":false},"excerpt":{"rendered":"<p class=\"product__text inline-richtext\">Inspiration : Giorgio Armani Acqua Di Gio EDT 100ML<\/p>\n<p class=\"product__text inline-richtext\"><strong>\u2705 Eau de toilette 19-21% Parfum<\/strong><\/p>\n<p class=\"product__text inline-richtext\"><strong>\u2705 Le parfum dure une seconde journ\u00e9e<\/strong><\/p>\n<p class=\"product__text inline-richtext\"><strong>Achetez le parfum, pas la marque - \u00e9conomisez de l&rsquo;argent<\/strong><\/p>\n","protected":false},"featured_media":35765,"comment_status":"open","ping_status":"closed","template":"","meta":{"_acf_changed":false},"product_brand":[],"product_cat":[213,203],"product_tag":[],"class_list":{"0":"post-26283","1":"product","2":"type-product","3":"status-publish","4":"has-post-thumbnail","6":"product_cat-meilleures-ventes","7":"product_cat-pour-les-femmes","9":"first","10":"instock","11":"shipping-taxable","12":"purchasable","13":"product-type-variable"},"acf":[],"aioseo_notices":[],"jetpack_sharing_enabled":true,"_links":{"self":[{"href":"https:\/\/dupescents.co\/fr\/wp-json\/wp\/v2\/product\/26283","targetHints":{"allow":["GET"]}}],"collection":[{"href":"https:\/\/dupescents.co\/fr\/wp-json\/wp\/v2\/product"}],"about":[{"href":"https:\/\/dupescents.co\/fr\/wp-json\/wp\/v2\/types\/product"}],"replies":[{"embeddable":true,"href":"https:\/\/dupescents.co\/fr\/wp-json\/wp\/v2\/comments?post=26283"}],"wp:featuredmedia":[{"embeddable":true,"href":"https:\/\/dupescents.co\/fr\/wp-json\/wp\/v2\/media\/35765"}],"wp:attachment":[{"href":"https:\/\/dupescents.co\/fr\/wp-json\/wp\/v2\/media?parent=26283"}],"wp:term":[{"taxonomy":"product_brand","embeddable":true,"href":"https:\/\/dupescents.co\/fr\/wp-json\/wp\/v2\/product_brand?post=26283"},{"taxonomy":"product_cat","embeddable":true,"href":"https:\/\/dupescents.co\/fr\/wp-json\/wp\/v2\/product_cat?post=26283"},{"taxonomy":"product_tag","embeddable":true,"href":"https:\/\/dupescents.co\/fr\/wp-json\/wp\/v2\/product_tag?post=26283"}],"curies":[{"name":"wp","href":"https:\/\/api.w.org\/{rel}","templated":true}]}}