{"id":26277,"date":"2025-04-02T17:52:01","date_gmt":"2025-04-02T15:52:01","guid":{"rendered":"https:\/\/dupescents.co\/products\/sent-comme-olympea-blossom\/"},"modified":"2026-02-21T04:46:35","modified_gmt":"2026-02-21T03:46:35","slug":"sent-comme-olympea-blossom","status":"publish","type":"product","link":"https:\/\/dupescents.co\/fr\/products\/sent-comme-olympea-blossom\/","title":{"rendered":"Sent comme&#8230; Olympea Blossom"},"content":{"rendered":"<p>402W - Ersatz f\u00fcr Paco Rabanne Olympea Blossom<br \/>\nEAU DE PARFUM NR. 402W - ERSATZ F\u00dcR PACO RABANNE OLYMPEA BLOSSOM<\/p>\n<p>DUFTNOTEN UNSERES ERSATZES:<\/p>\n<p>Damaszener Rose<br \/>\nRosa Pfeffer<br \/>\nBirne<br \/>\nSchwarze Johannisbeere<br \/>\nSorbet<br \/>\nSalz<br \/>\nVanille<br \/>\nKaschmirholz<br \/>\nPatchouli<br \/>\nBESCHREIBUNG DES DUFTES:<\/p>\n<p>Der Duft des Jahres 2021, der zweifellos den Titel eines der femininsten und sch\u00f6nsten Parfums des Jahres gewonnen hat. F\u00fchlen Sie sich wie eine G\u00f6ttin Ihrer Zeit, treten Sie selbstbewusst in eine Welt, die Ihnen viel zu bieten hat! Der Ersatz f\u00fcr Paco Rabanne Olympea Blossom ist eine Kombination aus Traum und Wirklichkeit. Die Chypre-Noten entfesseln Ihren nat\u00fcrlichen Charme, Ihre Anmut und Ihren Mut, Ihre Tr\u00e4ume zu erobern. Rose und rosa Pfeffer tanzen miteinander und laden zu herber schwarzer Johannisbeere, s\u00fc\u00dfer Birne und erfrischendem Sorbet ein. Eine pudrige Dimension wird durch k\u00f6stliche Vanille und Kaschmir hinzugef\u00fcgt. Die ungew\u00f6hnliche Duftkombination wird daf\u00fcr sorgen, dass niemand gleichg\u00fcltig an Ihnen vorbeigeht. Lassen Sie sich \u00fcberraschen!<br \/>\nah!<\/p>\n<p>EIGENSCHAFTEN DES PARFUMS OLYMPEA BLOSSOM EQUIVALENT:<br \/>\nDufttyp: Chypre, fruchtig,<br \/>\nF\u00fcr wen: Frauen<br \/>\nInhalt: 10 ml \/ 30 ml \/ 50 ml \/ 100 ml<br \/>\nProdukt-Code: 402W<\/p>\n<p>Siehe auch andere Paco Rabanne Parfums und ihre Ersatzprodukte.<\/p>\n<p>Wonach riecht das Parf\u00fcm Olympea Blossom equivalent?<br \/>\nEs ist ein Duft, der als fruchtig, aber auch als Chypre kategorisiert wird. Er vereint unter anderem Duftnoten von Rosenbl\u00fcten, Johannisbeeraroma, Pfeffer, Salz und Vanille. Er ist leicht und sinnlich, und das Ganze ist eine v\u00f6llig neue Auffassung von Sch\u00f6nheit und Weiblichkeit, die viel Glamour mit sich bringt.<\/p>\n","protected":false},"excerpt":{"rendered":"<p>Inspiration : Paco Rabanne Olympea Blossom EDP 30ML<\/p>\n<p class=\"product__text inline-richtext\"><strong>\u2705 Eau de toilette 19-21% Parfum<\/strong><\/p>\n<p class=\"product__text inline-richtext\"><strong>\u2705 Le parfum dure une seconde journ\u00e9e<\/strong><\/p>\n<p class=\"product__text inline-richtext\"><strong>Achetez le parfum, pas la marque - \u00e9conomisez de l&rsquo;argent<\/strong><\/p>\n","protected":false},"featured_media":36135,"comment_status":"open","ping_status":"closed","template":"","meta":{"_acf_changed":false},"product_brand":[],"product_cat":[213,203],"product_tag":[],"class_list":{"0":"post-26277","1":"product","2":"type-product","3":"status-publish","4":"has-post-thumbnail","6":"product_cat-meilleures-ventes","7":"product_cat-pour-les-femmes","9":"first","10":"instock","11":"shipping-taxable","12":"purchasable","13":"product-type-variable"},"acf":[],"aioseo_notices":[],"jetpack_sharing_enabled":true,"_links":{"self":[{"href":"https:\/\/dupescents.co\/fr\/wp-json\/wp\/v2\/product\/26277","targetHints":{"allow":["GET"]}}],"collection":[{"href":"https:\/\/dupescents.co\/fr\/wp-json\/wp\/v2\/product"}],"about":[{"href":"https:\/\/dupescents.co\/fr\/wp-json\/wp\/v2\/types\/product"}],"replies":[{"embeddable":true,"href":"https:\/\/dupescents.co\/fr\/wp-json\/wp\/v2\/comments?post=26277"}],"wp:featuredmedia":[{"embeddable":true,"href":"https:\/\/dupescents.co\/fr\/wp-json\/wp\/v2\/media\/36135"}],"wp:attachment":[{"href":"https:\/\/dupescents.co\/fr\/wp-json\/wp\/v2\/media?parent=26277"}],"wp:term":[{"taxonomy":"product_brand","embeddable":true,"href":"https:\/\/dupescents.co\/fr\/wp-json\/wp\/v2\/product_brand?post=26277"},{"taxonomy":"product_cat","embeddable":true,"href":"https:\/\/dupescents.co\/fr\/wp-json\/wp\/v2\/product_cat?post=26277"},{"taxonomy":"product_tag","embeddable":true,"href":"https:\/\/dupescents.co\/fr\/wp-json\/wp\/v2\/product_tag?post=26277"}],"curies":[{"name":"wp","href":"https:\/\/api.w.org\/{rel}","templated":true}]}}