{"id":26257,"date":"2025-04-02T17:49:59","date_gmt":"2025-04-02T15:49:59","guid":{"rendered":"https:\/\/dupescents.co\/products\/sent-comme-the-only-one\/"},"modified":"2026-02-21T04:45:09","modified_gmt":"2026-02-21T03:45:09","slug":"sent-comme-the-only-one","status":"publish","type":"product","link":"https:\/\/dupescents.co\/fr\/products\/sent-comme-the-only-one\/","title":{"rendered":"Sent comme&#8230; The Only One"},"content":{"rendered":"<p>032W - Eau de Parfum<br \/>\nPARF\u00dcMIERTES WASSER NR. 032W<\/p>\n<p>DUFTNOTEN VON UNSEREM ERSATZ:<\/p>\n<p>CARMEL<br \/>\nVANILLE<br \/>\nKAFFEE<br \/>\nGRUSH<br \/>\nIRYS<br \/>\nFRUCHT<br \/>\nPACULA<br \/>\nBERGAMOTTE<br \/>\nORANGE<br \/>\nORANGE BLOSSOM<br \/>\nROSE<br \/>\nDUFTBESCHREIBUNG:<\/p>\n<p>Sie suchen nach einem Parf\u00fcm, das \u201edas Richtige\u201c f\u00fcr Sie sein wird? Probieren Sie unser Parf\u00fcmwasser 032W. Dieser wunderbare blumige Duft verbindet Noten von Eleganz und Sinnlichkeit miteinander. Die sch\u00f6ne Komposition aus ger\u00f6stetem Kaffee, Karamell und Patchouli unterstreicht Ihre Weiblichkeit und ist perfekt f\u00fcr besondere Anl\u00e4sse.<\/p>\n<p>MERKMALE DES GEGENST\u00dcCKS:<br \/>\nDufttyp: blumig<br \/>\nF\u00fcr wen: Frauen<br \/>\nVolumen: 30 ml \/ 50 ml \/ 100 ml<br \/>\nProdukt-Code: 032W<br \/>\nDer Preis f\u00fcr dieses Parf\u00fcm h\u00e4ngt von der angegebenen Menge ab.<br \/>\nBitte geben Sie uns nach dem Kauf Ihr Feedback!<\/p>\n<p>Dies ist ein wirklich sch\u00f6ner und k\u00fchler Duft, der als blumig eingestuft werden kann. Zu den wahrnehmbaren Duftnoten geh\u00f6ren Rosenbl\u00fcten, Veilchen, Orange oder Vanille, aber auch Kaffee. Diese ungew\u00f6hnliche Komposition unterstreicht alles, was bei einer Frau wichtig ist, und ist gleichzeitig faszinierend und fesselnd.<\/p>\n","protected":false},"excerpt":{"rendered":"<p class=\"product__text inline-richtext\">Inspiration : Dolce &amp; Gabbana The Only One EDP 30ML<\/p>\n<p class=\"product__text inline-richtext\"><strong>\u2705 Eau de toilette 19-21% Parfum<\/strong><\/p>\n<p class=\"product__text inline-richtext\"><strong>\u2705 Le parfum dure une seconde journ\u00e9e<\/strong><\/p>\n<p class=\"product__text inline-richtext\"><strong>Achetez le parfum, pas la marque - \u00e9conomisez de l&rsquo;argent<\/strong><\/p>\n","protected":false},"featured_media":36138,"comment_status":"open","ping_status":"closed","template":"","meta":{"_acf_changed":false},"product_brand":[],"product_cat":[213,203],"product_tag":[],"class_list":{"0":"post-26257","1":"product","2":"type-product","3":"status-publish","4":"has-post-thumbnail","6":"product_cat-meilleures-ventes","7":"product_cat-pour-les-femmes","9":"first","10":"instock","11":"shipping-taxable","12":"purchasable","13":"product-type-variable"},"acf":[],"aioseo_notices":[],"jetpack_sharing_enabled":true,"_links":{"self":[{"href":"https:\/\/dupescents.co\/fr\/wp-json\/wp\/v2\/product\/26257","targetHints":{"allow":["GET"]}}],"collection":[{"href":"https:\/\/dupescents.co\/fr\/wp-json\/wp\/v2\/product"}],"about":[{"href":"https:\/\/dupescents.co\/fr\/wp-json\/wp\/v2\/types\/product"}],"replies":[{"embeddable":true,"href":"https:\/\/dupescents.co\/fr\/wp-json\/wp\/v2\/comments?post=26257"}],"wp:featuredmedia":[{"embeddable":true,"href":"https:\/\/dupescents.co\/fr\/wp-json\/wp\/v2\/media\/36138"}],"wp:attachment":[{"href":"https:\/\/dupescents.co\/fr\/wp-json\/wp\/v2\/media?parent=26257"}],"wp:term":[{"taxonomy":"product_brand","embeddable":true,"href":"https:\/\/dupescents.co\/fr\/wp-json\/wp\/v2\/product_brand?post=26257"},{"taxonomy":"product_cat","embeddable":true,"href":"https:\/\/dupescents.co\/fr\/wp-json\/wp\/v2\/product_cat?post=26257"},{"taxonomy":"product_tag","embeddable":true,"href":"https:\/\/dupescents.co\/fr\/wp-json\/wp\/v2\/product_tag?post=26257"}],"curies":[{"name":"wp","href":"https:\/\/api.w.org\/{rel}","templated":true}]}}