{"id":26244,"date":"2025-04-02T17:53:42","date_gmt":"2025-04-02T15:53:42","guid":{"rendered":"https:\/\/dupescents.co\/products\/odeur-de-addict-2\/"},"modified":"2025-11-05T19:22:46","modified_gmt":"2025-11-05T18:22:46","slug":"odeur-de-addict-2","status":"publish","type":"product","link":"https:\/\/dupescents.co\/fr\/products\/odeur-de-addict-2\/","title":{"rendered":"Odeur de&#8230; Addict 2"},"content":{"rendered":"<p>433W - \u00e4hnlicher Duft wie Dior Addict 2<br \/>\nPARF\u00dcMWASSER NR. 433W - ERSATZ F\u00dcR DIOR ADDICT 2 PARF\u00dcM<\/p>\n<p>DUFTNOTEN VON UNSEREM ERSATZ:<\/p>\n<p>GREJPFRUIT<br \/>\nFRISCH<br \/>\nORANGE<br \/>\nBERGAMOT<br \/>\nORANGE<br \/>\nLOTOS<br \/>\nARBUZ<br \/>\nANANAS<br \/>\nCONVALIA<br \/>\nWEISSE PIZZA<br \/>\nCEDAR<br \/>\nSANDELWOOD<br \/>\nDUFTBESCHREIBUNG:<\/p>\n<p>Freesie, Zitrusfr\u00fcchte, Granatapfel, Wassermelone, Zedernholz und wei\u00dfer Moschus&#8230;. Diese sch\u00f6nen Duftnoten finden Sie in 433W! Mit diesem Duft f\u00fchlen Sie sich extrem feminin und sinnlich, aber dennoch leicht und frisch. Er wird die wahre Verf\u00fchrerin in Ihnen zum Vorschein bringen!<\/p>\n<p>EIGENSCHAFTEN VON 433W:<br \/>\nDufttyp: blumig, fruchtig<br \/>\nF\u00fcr wen: f\u00fcr Frauen<br \/>\nInhalt: 10 ml \/ 30 ml \/ 50 ml \/ 100 ml<br \/>\nProdukt-Code: 433W<br \/>\nDer Preis f\u00fcr dieses Parf\u00fcm h\u00e4ngt von der angegebenen Menge ab.<br \/>\nBitte teilen Sie uns Ihre Meinung nach dem Kauf mit<\/p>\n","protected":false},"excerpt":{"rendered":"<p class=\"product__text inline-richtext\">Inspiration : Dior Addict 2 EDT 100ML<\/p>\n<p class=\"product__text inline-richtext\"><strong>\u2705 Eau de toilette 19-21% Parfum<\/strong><\/p>\n<p class=\"product__text inline-richtext\"><strong>\u2705 Le parfum dure une seconde journ\u00e9e<\/strong><\/p>\n<p class=\"product__text inline-richtext\"><strong>Achetez le parfum, pas la marque - \u00e9conomisez de l&rsquo;argent<\/strong><\/p>\n","protected":false},"featured_media":0,"comment_status":"open","ping_status":"closed","template":"","meta":{"_acf_changed":false},"product_brand":[],"product_cat":[203],"product_tag":[],"class_list":{"0":"post-26244","1":"product","2":"type-product","3":"status-publish","5":"product_cat-pour-les-femmes","7":"first","8":"instock","9":"shipping-taxable","10":"purchasable","11":"product-type-variable"},"acf":[],"aioseo_notices":[],"jetpack_sharing_enabled":true,"_links":{"self":[{"href":"https:\/\/dupescents.co\/fr\/wp-json\/wp\/v2\/product\/26244","targetHints":{"allow":["GET"]}}],"collection":[{"href":"https:\/\/dupescents.co\/fr\/wp-json\/wp\/v2\/product"}],"about":[{"href":"https:\/\/dupescents.co\/fr\/wp-json\/wp\/v2\/types\/product"}],"replies":[{"embeddable":true,"href":"https:\/\/dupescents.co\/fr\/wp-json\/wp\/v2\/comments?post=26244"}],"wp:attachment":[{"href":"https:\/\/dupescents.co\/fr\/wp-json\/wp\/v2\/media?parent=26244"}],"wp:term":[{"taxonomy":"product_brand","embeddable":true,"href":"https:\/\/dupescents.co\/fr\/wp-json\/wp\/v2\/product_brand?post=26244"},{"taxonomy":"product_cat","embeddable":true,"href":"https:\/\/dupescents.co\/fr\/wp-json\/wp\/v2\/product_cat?post=26244"},{"taxonomy":"product_tag","embeddable":true,"href":"https:\/\/dupescents.co\/fr\/wp-json\/wp\/v2\/product_tag?post=26244"}],"curies":[{"name":"wp","href":"https:\/\/api.w.org\/{rel}","templated":true}]}}