{"id":26230,"date":"2025-03-28T19:37:19","date_gmt":"2025-03-28T18:37:19","guid":{"rendered":"https:\/\/dupescents.co\/products\/sent-comme-parfum-sauvage\/"},"modified":"2026-02-15T08:25:27","modified_gmt":"2026-02-15T07:25:27","slug":"sent-comme-parfum-sauvage","status":"publish","type":"product","link":"https:\/\/dupescents.co\/fr\/products\/sent-comme-parfum-sauvage\/","title":{"rendered":"Sent comme&#8230; Parfum Sauvage"},"content":{"rendered":"<p>338M - Ein \u00e4hnlicher Duft wie Dior Sauvage Parfum<\/p>\n<p>DUFTNOTEN VON UNSEREM ERSATZ:<\/p>\n<p>Bergamotte<br \/>\nMandarine<br \/>\nElemi<br \/>\nSandelholz<br \/>\nOlibanum<br \/>\nTonkabohne<br \/>\nVanille<br \/>\nDUFTBESCHREIBUNG:<\/p>\n<p>338M kombiniert kalabrische Bergamotte, Mandarine, Sandelholz und Tonkabohne. Es ist eine geheimnisvolle, energiegeladene Mischung, inspiriert vom grenzenlosen Raum - ohne Barrieren und Einschr\u00e4nkungen. Es ist ideal f\u00fcr M\u00e4nner, die keine Kompromisse kennen und durch ihre Entschlossenheit stets ihre Ziele erreichen! Probieren Sie dieses Zitrusparf\u00fcm, wenn Sie Ihren starken Charakter unterstreichen wollen.<\/p>\n<p>MERKMALE DES PARF\u00dcM\u00c4QUIVALENTS VON DIOR SAVAUGE:<br \/>\nDufttyp: zitrisch, orientalisch, fougere<br \/>\nF\u00fcr wen: f\u00fcr M\u00e4nner<br \/>\nInhalt: 10 ml \/ 30 ml \/ 50 ml \/ 100 ml<br \/>\nProdukt-Code: 238M<br \/>\nDer Preis f\u00fcr dieses Parf\u00fcm h\u00e4ngt von der angegebenen Menge ab.<br \/>\nBitte hinterlassen Sie eine Bewertung nach dem Kauf!<\/p>\n","protected":false},"excerpt":{"rendered":"<p class=\"product__text inline-richtext\">Inspiration : Dior Sauvage Parfum 100ML<\/p>\n<p class=\"product__text inline-richtext\"><strong>\u2705 Eau de toilette 19-21% Parfum<\/strong><\/p>\n<p class=\"product__text inline-richtext\"><strong>\u2705 Le parfum dure une seconde journ\u00e9e<\/strong><\/p>\n<p class=\"product__text inline-richtext\"><strong>Achetez le parfum, pas la marque - \u00e9conomisez de l&rsquo;argent<\/strong><\/p>\n","protected":false},"featured_media":35303,"comment_status":"open","ping_status":"closed","template":"","meta":{"_acf_changed":false},"product_brand":[],"product_cat":[201],"product_tag":[],"class_list":{"0":"post-26230","1":"product","2":"type-product","3":"status-publish","4":"has-post-thumbnail","6":"product_cat-pour-les-hommes","8":"first","9":"instock","10":"shipping-taxable","11":"purchasable","12":"product-type-variable"},"acf":[],"aioseo_notices":[],"jetpack_sharing_enabled":true,"_links":{"self":[{"href":"https:\/\/dupescents.co\/fr\/wp-json\/wp\/v2\/product\/26230","targetHints":{"allow":["GET"]}}],"collection":[{"href":"https:\/\/dupescents.co\/fr\/wp-json\/wp\/v2\/product"}],"about":[{"href":"https:\/\/dupescents.co\/fr\/wp-json\/wp\/v2\/types\/product"}],"replies":[{"embeddable":true,"href":"https:\/\/dupescents.co\/fr\/wp-json\/wp\/v2\/comments?post=26230"}],"wp:featuredmedia":[{"embeddable":true,"href":"https:\/\/dupescents.co\/fr\/wp-json\/wp\/v2\/media\/35303"}],"wp:attachment":[{"href":"https:\/\/dupescents.co\/fr\/wp-json\/wp\/v2\/media?parent=26230"}],"wp:term":[{"taxonomy":"product_brand","embeddable":true,"href":"https:\/\/dupescents.co\/fr\/wp-json\/wp\/v2\/product_brand?post=26230"},{"taxonomy":"product_cat","embeddable":true,"href":"https:\/\/dupescents.co\/fr\/wp-json\/wp\/v2\/product_cat?post=26230"},{"taxonomy":"product_tag","embeddable":true,"href":"https:\/\/dupescents.co\/fr\/wp-json\/wp\/v2\/product_tag?post=26230"}],"curies":[{"name":"wp","href":"https:\/\/api.w.org\/{rel}","templated":true}]}}