{"id":26221,"date":"2025-03-28T19:31:34","date_gmt":"2025-03-28T18:31:34","guid":{"rendered":"https:\/\/dupescents.co\/products\/sentir-comme-allure-homme-sport\/"},"modified":"2026-02-21T19:45:12","modified_gmt":"2026-02-21T18:45:12","slug":"sentir-comme-allure-homme-sport","status":"publish","type":"product","link":"https:\/\/dupescents.co\/fr\/products\/sentir-comme-allure-homme-sport\/","title":{"rendered":"Sent comme&#8230; Allure Homme Sport"},"content":{"rendered":"<p>222M - Un parfum similaire \u00e0 Chanel Allure Homme Sport<\/p>\n<p>PARFUMS DE NOTRE REMPLACEMENT :<\/p>\n<p>ORANGE<br \/>\nNOTES MARINES<br \/>\nALDEHYDRENE<br \/>\nMANDARINE ROUGE<br \/>\nVANILLE<br \/>\nFRUITS TONKA<br \/>\nPRINCE<br \/>\nPIZZA BLANCHE<br \/>\nN\u00c9ROLI<br \/>\nC\u00c8DRE<br \/>\nBURSHINE<br \/>\nV\u00c9T\u00c9RINAIRE<br \/>\nELEMI-R\u00c9SINE<br \/>\nDESCRIPTION DU PARFUM :<\/p>\n<p>Un parfum intense pour les hommes qui suivent le succ\u00e8s. Notre 222M est une eau de parfum \u00e0 l&rsquo;ar\u00f4me profond, \u00e9pic\u00e9 et bois\u00e9 qui reste longtemps en m\u00e9moire. Elle est particuli\u00e8rement appr\u00e9ci\u00e9e par les hommes actifs qui poursuivent leurs activit\u00e9s avec dynamisme et un enthousiasme juv\u00e9nile.  <\/p>\n<p>222M PROPRI\u00c9T\u00c9S :<\/p>\n<p>Type de parfum : bois\u00e9, \u00e9pic\u00e9<br \/>\nPour qui : pour hommes<br \/>\nContenu : 10 ml \/ 30 ml \/ 50 ml \/ 100 ml<br \/>\nCode produit : 222M<br \/>\nLe prix de ce parfum d\u00e9pend de la quantit\u00e9 indiqu\u00e9e.<br \/>\nMerci de nous donner votre avis apr\u00e8s l&rsquo;achat !<\/p>\n<p>Que sent le 222M ?<br \/>\nC&rsquo;est un parfum masculin et sportif, class\u00e9 comme \u00e9pic\u00e9 mais aussi comme bois\u00e9. Il contient des accords d&rsquo;agrumes (mandarine et orange), d&rsquo;ambre, de c\u00e8dre ou de vanille, mais aussi des notes marines. <\/p>\n","protected":false},"excerpt":{"rendered":"<p class=\"product__text inline-richtext\">Inspiration : Chanel Allure Homme Sport EDT 50ML<\/p>\n<p class=\"product__text inline-richtext\"><strong>\u2705 Eau de toilette 19-21% Parfum<\/strong><\/p>\n<p class=\"product__text inline-richtext\"><strong>\u2705 Le parfum dure une seconde journ\u00e9e<\/strong><\/p>\n<p class=\"product__text inline-richtext\"><strong>Achetez le parfum, pas la marque - \u00e9conomisez de l&rsquo;argent<\/strong><\/p>\n","protected":false},"featured_media":35791,"comment_status":"open","ping_status":"closed","template":"","meta":{"_acf_changed":false},"product_brand":[],"product_cat":[201],"product_tag":[],"class_list":{"0":"post-26221","1":"product","2":"type-product","3":"status-publish","4":"has-post-thumbnail","6":"product_cat-pour-les-hommes","8":"first","9":"instock","10":"shipping-taxable","11":"purchasable","12":"product-type-variable"},"acf":[],"aioseo_notices":[],"jetpack_sharing_enabled":true,"_links":{"self":[{"href":"https:\/\/dupescents.co\/fr\/wp-json\/wp\/v2\/product\/26221","targetHints":{"allow":["GET"]}}],"collection":[{"href":"https:\/\/dupescents.co\/fr\/wp-json\/wp\/v2\/product"}],"about":[{"href":"https:\/\/dupescents.co\/fr\/wp-json\/wp\/v2\/types\/product"}],"replies":[{"embeddable":true,"href":"https:\/\/dupescents.co\/fr\/wp-json\/wp\/v2\/comments?post=26221"}],"wp:featuredmedia":[{"embeddable":true,"href":"https:\/\/dupescents.co\/fr\/wp-json\/wp\/v2\/media\/35791"}],"wp:attachment":[{"href":"https:\/\/dupescents.co\/fr\/wp-json\/wp\/v2\/media?parent=26221"}],"wp:term":[{"taxonomy":"product_brand","embeddable":true,"href":"https:\/\/dupescents.co\/fr\/wp-json\/wp\/v2\/product_brand?post=26221"},{"taxonomy":"product_cat","embeddable":true,"href":"https:\/\/dupescents.co\/fr\/wp-json\/wp\/v2\/product_cat?post=26221"},{"taxonomy":"product_tag","embeddable":true,"href":"https:\/\/dupescents.co\/fr\/wp-json\/wp\/v2\/product_tag?post=26221"}],"curies":[{"name":"wp","href":"https:\/\/api.w.org\/{rel}","templated":true}]}}