{"id":26210,"date":"2025-03-28T19:38:16","date_gmt":"2025-03-28T18:38:16","guid":{"rendered":"https:\/\/dupescents.co\/products\/sent-comme-fantome\/"},"modified":"2026-02-21T20:36:30","modified_gmt":"2026-02-21T19:36:30","slug":"sent-comme-fantome","status":"publish","type":"product","link":"https:\/\/dupescents.co\/fr\/products\/sent-comme-fantome\/","title":{"rendered":"Sent comme&#8230; Fant\u00f4me"},"content":{"rendered":"<p>399M - UNE R\u00c9PARATION PARFUM\u00c9E DE Paco Rabanne PHANTOM<br \/>\nPERFUM\u00c9 EFFET NO. 399M - PERFUM\u00c9 REPLACEMENT DE Paco Rabanne Phantom<\/p>\n<p>PARFUMS DE NOS SUBSTITUTS :<\/p>\n<p>Lavande,<br \/>\nZeste de citron<br \/>\nCitron d&rsquo;Amalfi<br \/>\nPomme<br \/>\nFum\u00e9e<br \/>\nNotes terreuses<br \/>\nPatchouli<br \/>\nVanille<br \/>\nV\u00e9tiver<br \/>\nD\u00c9FINITION DU PARFUM :<\/p>\n<p>Fra\u00eecheur citrique et twist moderne, c&rsquo;est ce que r\u00e9unit l&rsquo;\u00e9quivalent de Paco Rabanne Phantom. Les notes parfaitement compos\u00e9es de lavande parfum\u00e9e, de zeste de citron et de citron Amalfi vous rendent imm\u00e9diatement \u00e9nergique ! Parfaite pour les bricoleurs et les fans de technologie moderne, cette composition lib\u00e8re la cr\u00e9ativit\u00e9 et incite d\u00e9finitivement \u00e0 trouver des solutions originales. Des notes de terre, de vanille, de patchouli et de v\u00e9tiver vous ram\u00e8nent sur terre, tandis que des notes de pomme sucr\u00e9es terminent le m\u00e9lange de mani\u00e8re agr\u00e9able et un peu sexy. Atteignez plus, cr\u00e9ez et d\u00e9couvrez avec le substitut extr\u00eamement frais, coquet et \u00e9nergique de Paco Rabanne Phantom.    <\/p>\n<p>CARACTERISTIQUES DU PARFUM PHANTOME :<br \/>\nType de parfum : bois\u00e9, aromatique<br \/>\nPour qui : homme<br \/>\nContenu : 10ml \/ 30ml \/ 50ml \/ 100ml<br \/>\nCode produit : 399M<\/p>\n<p>Quelle est l&rsquo;odeur de l&rsquo;\u00e9quivalent du parfum Paco Rabanne Phantom ?<br \/>\nC&rsquo;est un parfum futuriste avec des notes de citron, de vanille et de lavande, entre autres. L&rsquo;ensemble peut \u00eatre d\u00e9crit comme une composition bois\u00e9e et tr\u00e8s aromatique. C&rsquo;est un tr\u00e8s bon parfum pour les hommes qui recherchent un parfum tr\u00e8s audacieux, tout en restant tr\u00e8s motivant et stimulant tout au long de la journ\u00e9e.  <\/p>\n","protected":false},"excerpt":{"rendered":"<p>Inspiration : Paco Rabanne Phantom EDT 100ML<\/p>\n<p class=\"product__text inline-richtext\"><strong>\u2705 Eau de toilette 19-21% Parfum<\/strong><\/p>\n<p class=\"product__text inline-richtext\"><strong>\u2705 Le parfum dure une seconde journ\u00e9e<\/strong><\/p>\n<p class=\"product__text inline-richtext\"><strong>Achetez le parfum, pas la marque - \u00e9conomisez de l&rsquo;argent<\/strong><\/p>\n","protected":false},"featured_media":35826,"comment_status":"open","ping_status":"closed","template":"","meta":{"_acf_changed":false},"product_brand":[],"product_cat":[201],"product_tag":[],"class_list":{"0":"post-26210","1":"product","2":"type-product","3":"status-publish","4":"has-post-thumbnail","6":"product_cat-pour-les-hommes","8":"first","9":"instock","10":"shipping-taxable","11":"purchasable","12":"product-type-variable"},"acf":[],"aioseo_notices":[],"jetpack_sharing_enabled":true,"_links":{"self":[{"href":"https:\/\/dupescents.co\/fr\/wp-json\/wp\/v2\/product\/26210","targetHints":{"allow":["GET"]}}],"collection":[{"href":"https:\/\/dupescents.co\/fr\/wp-json\/wp\/v2\/product"}],"about":[{"href":"https:\/\/dupescents.co\/fr\/wp-json\/wp\/v2\/types\/product"}],"replies":[{"embeddable":true,"href":"https:\/\/dupescents.co\/fr\/wp-json\/wp\/v2\/comments?post=26210"}],"wp:featuredmedia":[{"embeddable":true,"href":"https:\/\/dupescents.co\/fr\/wp-json\/wp\/v2\/media\/35826"}],"wp:attachment":[{"href":"https:\/\/dupescents.co\/fr\/wp-json\/wp\/v2\/media?parent=26210"}],"wp:term":[{"taxonomy":"product_brand","embeddable":true,"href":"https:\/\/dupescents.co\/fr\/wp-json\/wp\/v2\/product_brand?post=26210"},{"taxonomy":"product_cat","embeddable":true,"href":"https:\/\/dupescents.co\/fr\/wp-json\/wp\/v2\/product_cat?post=26210"},{"taxonomy":"product_tag","embeddable":true,"href":"https:\/\/dupescents.co\/fr\/wp-json\/wp\/v2\/product_tag?post=26210"}],"curies":[{"name":"wp","href":"https:\/\/api.w.org\/{rel}","templated":true}]}}