{"id":26206,"date":"2025-03-28T19:46:59","date_gmt":"2025-03-28T18:46:59","guid":{"rendered":"https:\/\/dupescents.co\/products\/sentir-comme-allure-homme-sport-eau-extreme\/"},"modified":"2026-02-21T19:51:02","modified_gmt":"2026-02-21T18:51:02","slug":"sentir-comme-allure-homme-sport-eau-extreme","status":"publish","type":"product","link":"https:\/\/dupescents.co\/fr\/products\/sentir-comme-allure-homme-sport-eau-extreme\/","title":{"rendered":"Sent comme&#8230; Allure Homme Sport EAU EXTREME"},"content":{"rendered":"<p>273M - Remplacement pour Chanel Allure Homme Sport Eau Extreme<br \/>\nEAU DE PARFUM NO 273M - REMPLACEMENT POUR CHANEL ALLURE HOMME SPORT EXTREME<\/p>\n<p>PARFUMS DE NOS SUBSTITUTS :<\/p>\n<p>MANDARINE<br \/>\nMENTHE<br \/>\nCHYPRE<br \/>\nSAGE<br \/>\nPOIVRE<br \/>\nTONKA FASOL<br \/>\nPI\u017bMO<br \/>\nSANDALWOOD<br \/>\nC\u00c8DRE<br \/>\nDESCRIPTION DU PARFUM :<\/p>\n<p>Soulignez votre force ! Allez au-del\u00e0 de vos limites. Essayez un parfum qui fait ressortir votre force int\u00e9rieure et originelle ! Une composition aromatique et bois\u00e9e avec une touche de musc, soulign\u00e9e par le parfum frais de la menthe et de la sauge, vous donne de l&rsquo;\u00e9nergie pour la journ\u00e9e.   <\/p>\n<p>Essayez 273M, l&rsquo;inspiration du parfum Allure Homme Sport Extreme de Chanel, qui vous donne une soudaine mont\u00e9e d&rsquo;adr\u00e9naline d\u00e8s que vous ouvrez le flacon !<\/p>\n<p>PROPRI\u00c9T\u00c9S DE L&rsquo;\u00c9QUIVALENT :<\/p>\n<p>Type de parfum : bois\u00e9, aromatique<br \/>\nPour qui : homme<br \/>\nContenu 10 ml \/ 30 ml \/ 50 ml \/ 100 ml<br \/>\nCode produit : 273M<br \/>\nLe prix de ce parfum d\u00e9pend de la quantit\u00e9 indiqu\u00e9e.<br \/>\nMerci de nous donner votre avis apr\u00e8s l&rsquo;achat !<\/p>\n<p>Voir aussi les autres parfums Chanel et leurs produits de remplacement.<\/p>\n","protected":false},"excerpt":{"rendered":"<p class=\"product__text inline-richtext\">Inspiration : Chanel Allure Homme Sport EAU EXTREME EDT 50ML<\/p>\n<p class=\"product__text inline-richtext\"><strong>\u2705 Eau de toilette 19-21% Parfum<\/strong><\/p>\n<p class=\"product__text inline-richtext\"><strong>\u2705 Le parfum dure une seconde journ\u00e9e<\/strong><\/p>\n<p class=\"product__text inline-richtext\"><strong>Achetez le parfum, pas la marque - \u00e9conomisez de l&rsquo;argent<\/strong><\/p>\n","protected":false},"featured_media":35797,"comment_status":"open","ping_status":"closed","template":"","meta":{"_acf_changed":false},"product_brand":[],"product_cat":[201],"product_tag":[],"class_list":{"0":"post-26206","1":"product","2":"type-product","3":"status-publish","4":"has-post-thumbnail","6":"product_cat-pour-les-hommes","8":"first","9":"instock","10":"shipping-taxable","11":"purchasable","12":"product-type-variable"},"acf":[],"aioseo_notices":[],"jetpack_sharing_enabled":true,"_links":{"self":[{"href":"https:\/\/dupescents.co\/fr\/wp-json\/wp\/v2\/product\/26206","targetHints":{"allow":["GET"]}}],"collection":[{"href":"https:\/\/dupescents.co\/fr\/wp-json\/wp\/v2\/product"}],"about":[{"href":"https:\/\/dupescents.co\/fr\/wp-json\/wp\/v2\/types\/product"}],"replies":[{"embeddable":true,"href":"https:\/\/dupescents.co\/fr\/wp-json\/wp\/v2\/comments?post=26206"}],"wp:featuredmedia":[{"embeddable":true,"href":"https:\/\/dupescents.co\/fr\/wp-json\/wp\/v2\/media\/35797"}],"wp:attachment":[{"href":"https:\/\/dupescents.co\/fr\/wp-json\/wp\/v2\/media?parent=26206"}],"wp:term":[{"taxonomy":"product_brand","embeddable":true,"href":"https:\/\/dupescents.co\/fr\/wp-json\/wp\/v2\/product_brand?post=26206"},{"taxonomy":"product_cat","embeddable":true,"href":"https:\/\/dupescents.co\/fr\/wp-json\/wp\/v2\/product_cat?post=26206"},{"taxonomy":"product_tag","embeddable":true,"href":"https:\/\/dupescents.co\/fr\/wp-json\/wp\/v2\/product_tag?post=26206"}],"curies":[{"name":"wp","href":"https:\/\/api.w.org\/{rel}","templated":true}]}}