{"id":26186,"date":"2025-03-28T19:50:21","date_gmt":"2025-03-28T18:50:21","guid":{"rendered":"https:\/\/dupescents.co\/products\/ca-sent-comme-bad-boy\/"},"modified":"2026-02-22T00:45:47","modified_gmt":"2026-02-21T23:45:47","slug":"ca-sent-comme-bad-boy","status":"publish","type":"product","link":"https:\/\/dupescents.co\/fr\/products\/ca-sent-comme-bad-boy\/","title":{"rendered":"Sent comme&#8230; BAD BOY"},"content":{"rendered":"<p>219M - Eau de Parfum \u00e9quivalent de Carolina Herrera BAD BOY<br \/>\nEAU DE PARFUM N\u00b0 219M - CAROLINA HERRERA BAD BOY EQUIVALENT<\/p>\n<p>PARFUMS DE NOTRE REMPLACEMENT :<\/p>\n<p>BERGAMOTE<br \/>\nBLACK PRINCE<br \/>\nWHITE CAKE<br \/>\nC\u00c8DRE<br \/>\nSAGE<br \/>\nFRUITS TONKA<br \/>\nBOIS D&rsquo;AMBRE<br \/>\nCOCO<br \/>\nBAD BOY PARFUM DESCRIPTION :<\/p>\n<p>Un parfum distinctif pour les hommes audacieux qui ne font pas de compromis. Notre \u00e9quivalent de Carolina Herrera Bad Boy est une eau de parfum parfaite pour une nuit en plein air. Un cocktail de notes profondes et \u00e9pic\u00e9es combin\u00e9es \u00e0 de fortes tonalit\u00e9s d&rsquo;\u00e9pices rend difficile de r\u00e9sister \u00e0 celui qui porte ce parfum.  <\/p>\n<p>CARACTERISTIQUES DE L&rsquo;EQUIVALENT DE CAROLINA HERRERA BAD BOY PARFUM :<br \/>\nType de parfum : oriental, \u00e9pic\u00e9<br \/>\nPour qui : homme<br \/>\nVolume : 10 ml \/ 30 ml \/ 50 ml \/ 100 ml<br \/>\nCode produit : 219M<br \/>\nLe prix de ce parfum d\u00e9pend de la quantit\u00e9 indiqu\u00e9e.<br \/>\nMerci de nous donner votre avis apr\u00e8s l&rsquo;achat !<\/p>\n<p>Voir aussi les autres parfums Carolina Herrera et leurs substituts.<\/p>\n<p>Quelle est l&rsquo;odeur du parfum Bad Boy correspondant ?<br \/>\nC&rsquo;est un parfum class\u00e9 comme \u00e9pic\u00e9, mais aussi oriental et parfois ambr\u00e9. Parmi les notes parfum\u00e9es pr\u00e9sentes dans cette composition, on trouve la sauge, le poivre, la bergamote et le cacao. Le parfum a \u00e9galement une touche de fra\u00eecheur et stimule d\u00e9finitivement l&rsquo;imagination.  <\/p>\n<p>L&rsquo;\u00e9quivalent d&rsquo;un bad boy est-il durable ?<br \/>\nLa teneur en ingr\u00e9dients parfum\u00e9s du substitut de Bad Boy est de 19 %, ce qui permet au parfum de rester longtemps sur la peau.<\/p>\n<p>Consultez \u00e9galement le kit de parfumage Good Girl.<\/p>\n","protected":false},"excerpt":{"rendered":"<p>Inspiration : Carolina Herrera BAD BOY EDT<\/p>\n<p class=\"product__text inline-richtext\"><strong>\u2705 Eau de toilette 19-21% Parfum<\/strong><\/p>\n<p class=\"product__text inline-richtext\"><strong>\u2705 Le parfum dure une seconde journ\u00e9e<\/strong><\/p>\n<p class=\"product__text inline-richtext\"><strong>Achetez le parfum, pas la marque - \u00e9conomisez de l&rsquo;argent<\/strong><\/p>\n","protected":false},"featured_media":35943,"comment_status":"open","ping_status":"closed","template":"","meta":{"_acf_changed":false},"product_brand":[],"product_cat":[201],"product_tag":[],"class_list":{"0":"post-26186","1":"product","2":"type-product","3":"status-publish","4":"has-post-thumbnail","6":"product_cat-pour-les-hommes","8":"first","9":"instock","10":"shipping-taxable","11":"purchasable","12":"product-type-variable"},"acf":[],"aioseo_notices":[],"jetpack_sharing_enabled":true,"_links":{"self":[{"href":"https:\/\/dupescents.co\/fr\/wp-json\/wp\/v2\/product\/26186","targetHints":{"allow":["GET"]}}],"collection":[{"href":"https:\/\/dupescents.co\/fr\/wp-json\/wp\/v2\/product"}],"about":[{"href":"https:\/\/dupescents.co\/fr\/wp-json\/wp\/v2\/types\/product"}],"replies":[{"embeddable":true,"href":"https:\/\/dupescents.co\/fr\/wp-json\/wp\/v2\/comments?post=26186"}],"wp:featuredmedia":[{"embeddable":true,"href":"https:\/\/dupescents.co\/fr\/wp-json\/wp\/v2\/media\/35943"}],"wp:attachment":[{"href":"https:\/\/dupescents.co\/fr\/wp-json\/wp\/v2\/media?parent=26186"}],"wp:term":[{"taxonomy":"product_brand","embeddable":true,"href":"https:\/\/dupescents.co\/fr\/wp-json\/wp\/v2\/product_brand?post=26186"},{"taxonomy":"product_cat","embeddable":true,"href":"https:\/\/dupescents.co\/fr\/wp-json\/wp\/v2\/product_cat?post=26186"},{"taxonomy":"product_tag","embeddable":true,"href":"https:\/\/dupescents.co\/fr\/wp-json\/wp\/v2\/product_tag?post=26186"}],"curies":[{"name":"wp","href":"https:\/\/api.w.org\/{rel}","templated":true}]}}