{"id":26173,"date":"2025-03-28T19:44:27","date_gmt":"2025-03-28T18:44:27","guid":{"rendered":"https:\/\/dupescents.co\/products\/magic-perfume-remplacement-288m\/"},"modified":"2025-11-05T19:22:23","modified_gmt":"2025-11-05T18:22:23","slug":"magic-perfume-remplacement-288m","status":"publish","type":"product","link":"https:\/\/dupescents.co\/fr\/products\/magic-perfume-remplacement-288m\/","title":{"rendered":"MAGIC PERFUME REMPLACEMENT 288M"},"content":{"rendered":"<p>288M - Creed Aventus Ersatz<br \/>\nEAU DE PARFUM NO 288M - ERSATZ CREED AVENTUS<\/p>\n<p>DUFTNOTEN UNSERES ERSATZES:<\/p>\n<p>ANANAS<br \/>\nBRUSH<br \/>\nPIZMERE<br \/>\nSCHWARZER KURRANT<br \/>\nBERGAMOT<br \/>\nEICHENMOST<br \/>\nAMBER<br \/>\nAMBRA<br \/>\nPACULA<br \/>\nVANILLA<br \/>\nMAROKKANISCHER JASMIN<br \/>\nROSE<br \/>\nDUFTBESCHREIBUNG:<\/p>\n<p>Ein fruchtig-chypre Duft f\u00fcr M\u00e4nner, die unerm\u00fcdlich f\u00fcr den Erfolg im Leben k\u00e4mpfen, mit einem Hauch von Optimismus. Dieses Eau de Parfum ist das Gegenst\u00fcck zu Creed Aventus und hat die au\u00dfergew\u00f6hnliche Kraft, Mut und positive Emotionen freizusetzen. Dieser lang anhaltende Duft eignet sich hervorragend f\u00fcr w\u00e4rmere Fr\u00fchlings- und Sommertage.<\/p>\n<p>EIGENSCHAFTEN DES GEGENST\u00dcCKS ZUM AVENTUS-PARF\u00dcM:<br \/>\nDufttyp: fruchtig, Chypre<br \/>\nF\u00fcr wen: m\u00e4nnlich<br \/>\nInhalt: 10 ml \/ 30 ml \/ 50 ml \/ 100 ml<br \/>\nProdukt-Code: 288M<br \/>\nDer Preis f\u00fcr dieses Parf\u00fcm h\u00e4ngt von der angegebenen Menge ab.<br \/>\nBitte geben Sie uns Ihr Feedback nach dem Kauf!<\/p>\n<p>Siehe auch andere Creed Parfums.<\/p>\n<p>&nbsp;<\/p>\n<p>Wie riecht das entsprechende Parf\u00fcm Creed Aventus?<br \/>\nEs ist ein interessanter, maskuliner Duft, der als Chypre, aber auch als fruchtig eingestuft werden kann. Man riecht unter anderem Noten von Apfel, schwarzer Johannisbeere, Rosenbl\u00fcten, Patchouli, Vanille oder Birke. Der Gesamteindruck ist sehr subtil.<\/p>\n<p>Kann man den Creed Aventus-Parf\u00fcmersatz jeden Tag tragen?<br \/>\nEs ist ein sehr vielseitiger Duft, der sich gut f\u00fcr den Alltag, aber auch f\u00fcr formelle Anl\u00e4sse eignet. Er kann praktisch \u00fcberall getragen werden - und zwar sowohl an warmen als auch an k\u00fchlen Tagen, also das ganze Jahr \u00fcber.<\/p>\n","protected":false},"excerpt":{"rendered":"<p>Inspiration : CREED AVENTUS EDP<\/p>\n<p class=\"product__text inline-richtext\"><strong>\u2705 Eau de toilette 19-21% Parfum<\/strong><\/p>\n<p class=\"product__text inline-richtext\"><strong>\u2705 Le parfum dure une seconde journ\u00e9e<\/strong><\/p>\n<p class=\"product__text inline-richtext\"><strong>Achetez le parfum, pas la marque - \u00e9conomisez de l&rsquo;argent<\/strong><\/p>\n","protected":false},"featured_media":0,"comment_status":"open","ping_status":"closed","template":"","meta":{"_acf_changed":false},"product_brand":[],"product_cat":[201],"product_tag":[],"class_list":{"0":"post-26173","1":"product","2":"type-product","3":"status-publish","5":"product_cat-pour-les-hommes","7":"first","8":"instock","9":"shipping-taxable","10":"purchasable","11":"product-type-variable"},"acf":[],"aioseo_notices":[],"jetpack_sharing_enabled":true,"_links":{"self":[{"href":"https:\/\/dupescents.co\/fr\/wp-json\/wp\/v2\/product\/26173","targetHints":{"allow":["GET"]}}],"collection":[{"href":"https:\/\/dupescents.co\/fr\/wp-json\/wp\/v2\/product"}],"about":[{"href":"https:\/\/dupescents.co\/fr\/wp-json\/wp\/v2\/types\/product"}],"replies":[{"embeddable":true,"href":"https:\/\/dupescents.co\/fr\/wp-json\/wp\/v2\/comments?post=26173"}],"wp:attachment":[{"href":"https:\/\/dupescents.co\/fr\/wp-json\/wp\/v2\/media?parent=26173"}],"wp:term":[{"taxonomy":"product_brand","embeddable":true,"href":"https:\/\/dupescents.co\/fr\/wp-json\/wp\/v2\/product_brand?post=26173"},{"taxonomy":"product_cat","embeddable":true,"href":"https:\/\/dupescents.co\/fr\/wp-json\/wp\/v2\/product_cat?post=26173"},{"taxonomy":"product_tag","embeddable":true,"href":"https:\/\/dupescents.co\/fr\/wp-json\/wp\/v2\/product_tag?post=26173"}],"curies":[{"name":"wp","href":"https:\/\/api.w.org\/{rel}","templated":true}]}}