{"id":26165,"date":"2025-03-28T19:54:20","date_gmt":"2025-03-28T18:54:20","guid":{"rendered":"https:\/\/dupescents.co\/products\/sent-comme-aqva-pour-homme\/"},"modified":"2026-02-21T19:53:42","modified_gmt":"2026-02-21T18:53:42","slug":"sent-comme-aqva-pour-homme","status":"publish","type":"product","link":"https:\/\/dupescents.co\/fr\/products\/sent-comme-aqva-pour-homme\/","title":{"rendered":"Sent comme&#8230; Aqva Pour Homme"},"content":{"rendered":"<p>305M - Remplacement pour Bvlgari Aqva Pour Homme<br \/>\nEAU DE PARFUM NO 305M - REMPLACEMENT POUR BVLGARI AQVA POUR HOMME<\/p>\n<p>PARFUMS DE NOS SUBSTITUTS :<\/p>\n<p>MANDARINE<br \/>\nORANGE<br \/>\nPETITGRAIN<br \/>\nVODOROUS<br \/>\nLAVANDE<br \/>\nFLEUR DE COTON<br \/>\nC\u00c8DRE DE VIRGINIE<br \/>\nNOTES BOIS\u00c9ES<br \/>\nPACULA<br \/>\nPETIT SAGE<br \/>\nBURSHINE<br \/>\nDESCRIPTION DE LA FRAGRANCE :<\/p>\n<p>Attirant, profond comme l&rsquo;oc\u00e9an, frais comme une brise marine. Procure un sentiment d&rsquo;harmonie. En contrepartie du parfum AQVA de Bvlgari, cette fragrance sensuelle contient des notes d&rsquo;orange et de mandarine, d&rsquo;ambre, de varech et de sauge. Il vous donne une sensation de fra\u00eecheur et de myst\u00e8re et met en valeur votre charisme naturel !   <\/p>\n<p>CARACTERISTIQUES DU PARFUM BVLGARI AQVA POUR HOMME EQUIVALENT :<br \/>\nType de parfum : aromatique, aquatique.<br \/>\nPour qui : homme<br \/>\nVolume : 10 ml \/ 30 ml \/ 50 ml \/ 100 ml<br \/>\nCode produit : 305M<br \/>\nLe prix de ce parfum d\u00e9pend de la quantit\u00e9 indiqu\u00e9e.<br \/>\nMerci de nous donner votre avis apr\u00e8s l&rsquo;achat !<\/p>\n","protected":false},"excerpt":{"rendered":"<p>Inspiration : Bvlgari Aqva Pour Homme EDT 100ML<\/p>\n<p class=\"product__text inline-richtext\"><strong>\u2705 Eau de toilette 19-21% Parfum<\/strong><\/p>\n<p class=\"product__text inline-richtext\"><strong>\u2705 Le parfum dure une seconde journ\u00e9e<\/strong><\/p>\n<p class=\"product__text inline-richtext\"><strong>Achetez le parfum, pas la marque - \u00e9conomisez de l&rsquo;argent<\/strong><\/p>\n","protected":false},"featured_media":35802,"comment_status":"open","ping_status":"closed","template":"","meta":{"_acf_changed":false},"product_brand":[],"product_cat":[201],"product_tag":[],"class_list":{"0":"post-26165","1":"product","2":"type-product","3":"status-publish","4":"has-post-thumbnail","6":"product_cat-pour-les-hommes","8":"first","9":"instock","10":"shipping-taxable","11":"purchasable","12":"product-type-variable"},"acf":[],"aioseo_notices":[],"jetpack_sharing_enabled":true,"_links":{"self":[{"href":"https:\/\/dupescents.co\/fr\/wp-json\/wp\/v2\/product\/26165","targetHints":{"allow":["GET"]}}],"collection":[{"href":"https:\/\/dupescents.co\/fr\/wp-json\/wp\/v2\/product"}],"about":[{"href":"https:\/\/dupescents.co\/fr\/wp-json\/wp\/v2\/types\/product"}],"replies":[{"embeddable":true,"href":"https:\/\/dupescents.co\/fr\/wp-json\/wp\/v2\/comments?post=26165"}],"wp:featuredmedia":[{"embeddable":true,"href":"https:\/\/dupescents.co\/fr\/wp-json\/wp\/v2\/media\/35802"}],"wp:attachment":[{"href":"https:\/\/dupescents.co\/fr\/wp-json\/wp\/v2\/media?parent=26165"}],"wp:term":[{"taxonomy":"product_brand","embeddable":true,"href":"https:\/\/dupescents.co\/fr\/wp-json\/wp\/v2\/product_brand?post=26165"},{"taxonomy":"product_cat","embeddable":true,"href":"https:\/\/dupescents.co\/fr\/wp-json\/wp\/v2\/product_cat?post=26165"},{"taxonomy":"product_tag","embeddable":true,"href":"https:\/\/dupescents.co\/fr\/wp-json\/wp\/v2\/product_tag?post=26165"}],"curies":[{"name":"wp","href":"https:\/\/api.w.org\/{rel}","templated":true}]}}