{"id":26151,"date":"2025-03-28T20:01:48","date_gmt":"2025-03-28T19:01:48","guid":{"rendered":"https:\/\/dupescents.co\/products\/sent-comme-egoiste-platinum\/"},"modified":"2026-02-22T00:48:24","modified_gmt":"2026-02-21T23:48:24","slug":"sent-comme-egoiste-platinum","status":"publish","type":"product","link":"https:\/\/dupescents.co\/fr\/products\/sent-comme-egoiste-platinum\/","title":{"rendered":"Sent comme&#8230; Egoiste Platinum"},"content":{"rendered":"<p>236M - Remplacement pour Chanel Egoiste Platinum<br \/>\nEAU DE PARFUM NR. 236M - \u00c9QUIVALENT POUR CHANEL EGOISTE PLATINE<\/p>\n<p>PARFUMS DE NOS SUBSTITUTS :<\/p>\n<p>LAWENDA<br \/>\nG\u00c9RANIUM<br \/>\nROSEMARIE<br \/>\nPETITE SAGE<br \/>\nMOUSSE DE CH\u00caNE<br \/>\nGALBANUM<br \/>\nNEROLI<br \/>\nVETIVERIE<br \/>\nPETITGRAIN<br \/>\nSANDALWOOD<br \/>\nC\u00c8DRE<br \/>\nBURSHINE<br \/>\nJASMINE<br \/>\nDESCRIPTION DE LA FRAGRANCE :<\/p>\n<p>Un parfum floral et bois\u00e9 pour l&rsquo;homme s\u00fbr de lui. Notre \u00e9quivalent de Chanel Egoiste Platinum est une Eau de Parfum longue dur\u00e9e. Avec des notes bois\u00e9es s\u00e9duisantes et sensuelles, envelopp\u00e9es de fleurs envo\u00fbtantes, personne ne passera \u00e0 c\u00f4t\u00e9 dans l&rsquo;indiff\u00e9rence. Une rencontre avec la personne qui porte ce parfum restera tr\u00e8s longtemps en m\u00e9moire !   <\/p>\n<p>CARACTERISTIQUES DU PARFUM :<br \/>\nType de parfum : floral, bois\u00e9<br \/>\nPour qui : homme<br \/>\nContenu : 10 ml \/ 30 ml \/ 50 ml \/ 100 ml<br \/>\nCode produit : 236M<br \/>\nLe prix de ce parfum d\u00e9pend de la quantit\u00e9 indiqu\u00e9e.<br \/>\nMerci de nous donner votre avis apr\u00e8s l&rsquo;achat !<\/p>\n<p>Voir aussi les autres parfums Chanel et leurs produits de remplacement.<\/p>\n","protected":false},"excerpt":{"rendered":"<p class=\"product__text inline-richtext\">Inspiration : Chanel Egoiste Platinum EDT 50ML<\/p>\n<p class=\"product__text inline-richtext\"><strong>\u2705 Eau de toilette 19-21% Parfum<\/strong><\/p>\n<p class=\"product__text inline-richtext\"><strong>\u2705 Le parfum dure une seconde journ\u00e9e<\/strong><\/p>\n<p class=\"product__text inline-richtext\"><strong>Achetez le parfum, pas la marque - \u00e9conomisez de l&rsquo;argent<\/strong><\/p>\n","protected":false},"featured_media":35949,"comment_status":"open","ping_status":"closed","template":"","meta":{"_acf_changed":false},"product_brand":[],"product_cat":[201],"product_tag":[],"class_list":{"0":"post-26151","1":"product","2":"type-product","3":"status-publish","4":"has-post-thumbnail","6":"product_cat-pour-les-hommes","8":"first","9":"instock","10":"shipping-taxable","11":"purchasable","12":"product-type-variable"},"acf":[],"aioseo_notices":[],"jetpack_sharing_enabled":true,"_links":{"self":[{"href":"https:\/\/dupescents.co\/fr\/wp-json\/wp\/v2\/product\/26151","targetHints":{"allow":["GET"]}}],"collection":[{"href":"https:\/\/dupescents.co\/fr\/wp-json\/wp\/v2\/product"}],"about":[{"href":"https:\/\/dupescents.co\/fr\/wp-json\/wp\/v2\/types\/product"}],"replies":[{"embeddable":true,"href":"https:\/\/dupescents.co\/fr\/wp-json\/wp\/v2\/comments?post=26151"}],"wp:featuredmedia":[{"embeddable":true,"href":"https:\/\/dupescents.co\/fr\/wp-json\/wp\/v2\/media\/35949"}],"wp:attachment":[{"href":"https:\/\/dupescents.co\/fr\/wp-json\/wp\/v2\/media?parent=26151"}],"wp:term":[{"taxonomy":"product_brand","embeddable":true,"href":"https:\/\/dupescents.co\/fr\/wp-json\/wp\/v2\/product_brand?post=26151"},{"taxonomy":"product_cat","embeddable":true,"href":"https:\/\/dupescents.co\/fr\/wp-json\/wp\/v2\/product_cat?post=26151"},{"taxonomy":"product_tag","embeddable":true,"href":"https:\/\/dupescents.co\/fr\/wp-json\/wp\/v2\/product_tag?post=26151"}],"curies":[{"name":"wp","href":"https:\/\/api.w.org\/{rel}","templated":true}]}}