{"id":26149,"date":"2025-03-28T19:57:10","date_gmt":"2025-03-28T18:57:10","guid":{"rendered":"https:\/\/dupescents.co\/products\/sent-comme-extreme\/"},"modified":"2026-02-22T01:03:14","modified_gmt":"2026-02-22T00:03:14","slug":"sent-comme-extreme","status":"publish","type":"product","link":"https:\/\/dupescents.co\/fr\/products\/sent-comme-extreme\/","title":{"rendered":"Sent comme&#8230; Extr\u00eame"},"content":{"rendered":"<p>286M - Tom Ford Extreme remplacement<br \/>\nEAU DE PARFUM NO 286M - TOM FORD EXTREME REMPLACEMENT<\/p>\n<p>PARFUMS DE NOS SUBSTITUTS :<\/p>\n<p>TRUFLA<br \/>\nFIGA<br \/>\nPACULA<br \/>\nC\u00c8DRE<br \/>\nCITRON<br \/>\nDESCRIPTION DU PARFUM :<\/p>\n<p>Une composition extr\u00eamement s\u00e9duisante et l\u00e9g\u00e8rement myst\u00e9rieuse pour les individualistes modernes. Notre Eau de Parfum N\u00b0 286M est le pendant de la fragrance Tom Ford Extreme, appr\u00e9ci\u00e9e par les hommes qui sont audacieux, qui ont du recul sur eux-m\u00eames et sur le monde, et qui gardent une certaine retenue dans l&rsquo;expression de leurs sentiments. <\/p>\n<p>CARACTERISTIQUES DU PARFUM :<br \/>\nType de parfum : oriental, bois\u00e9<br \/>\nPour qui : masculin<br \/>\nVolume : 30 ml \/ 50 ml \/ 100 ml<br \/>\nCode produit : 286M<br \/>\nLe prix de ce parfum d\u00e9pend de la quantit\u00e9 indiqu\u00e9e.<br \/>\nMerci de nous faire part de vos commentaires apr\u00e8s l&rsquo;achat !<\/p>\n<p>Voir aussi les autres parfums Tom Ford et leurs produits de remplacement.<\/p>\n<p>Quelle est l&rsquo;odeur du parfum Tom Ford Extreme correspondant ?<br \/>\nIl s&rsquo;agit d&rsquo;une composition olfactive riche, qui abrite \u00e0 la fois des notes bois\u00e9es int\u00e9ressantes et une fra\u00eecheur citronn\u00e9e. On y trouve notamment des accents de figue, de c\u00e8dre ou de patchouli. L&rsquo;ensemble peut \u00eatre class\u00e9 comme oriental ou simplement bois\u00e9 et est id\u00e9al pour mettre en valeur la confiance en soi.  <\/p>\n","protected":false},"excerpt":{"rendered":"<p>Inspiration : Tom Ford Extreme EDT 50ML<\/p>\n<p class=\"product__text inline-richtext\"><strong>\u2705 Eau de toilette 19-21% Parfum<\/strong><\/p>\n<p class=\"product__text inline-richtext\"><strong>\u2705 Le parfum dure une seconde journ\u00e9e<\/strong><\/p>\n<p class=\"product__text inline-richtext\"><strong>Achetez le parfum, pas la marque - \u00e9conomisez de l&rsquo;argent<\/strong><\/p>\n","protected":false},"featured_media":35972,"comment_status":"open","ping_status":"closed","template":"","meta":{"_acf_changed":false},"product_brand":[],"product_cat":[201],"product_tag":[],"class_list":{"0":"post-26149","1":"product","2":"type-product","3":"status-publish","4":"has-post-thumbnail","6":"product_cat-pour-les-hommes","8":"first","9":"instock","10":"shipping-taxable","11":"purchasable","12":"product-type-variable"},"acf":[],"aioseo_notices":[],"jetpack_sharing_enabled":true,"_links":{"self":[{"href":"https:\/\/dupescents.co\/fr\/wp-json\/wp\/v2\/product\/26149","targetHints":{"allow":["GET"]}}],"collection":[{"href":"https:\/\/dupescents.co\/fr\/wp-json\/wp\/v2\/product"}],"about":[{"href":"https:\/\/dupescents.co\/fr\/wp-json\/wp\/v2\/types\/product"}],"replies":[{"embeddable":true,"href":"https:\/\/dupescents.co\/fr\/wp-json\/wp\/v2\/comments?post=26149"}],"wp:featuredmedia":[{"embeddable":true,"href":"https:\/\/dupescents.co\/fr\/wp-json\/wp\/v2\/media\/35972"}],"wp:attachment":[{"href":"https:\/\/dupescents.co\/fr\/wp-json\/wp\/v2\/media?parent=26149"}],"wp:term":[{"taxonomy":"product_brand","embeddable":true,"href":"https:\/\/dupescents.co\/fr\/wp-json\/wp\/v2\/product_brand?post=26149"},{"taxonomy":"product_cat","embeddable":true,"href":"https:\/\/dupescents.co\/fr\/wp-json\/wp\/v2\/product_cat?post=26149"},{"taxonomy":"product_tag","embeddable":true,"href":"https:\/\/dupescents.co\/fr\/wp-json\/wp\/v2\/product_tag?post=26149"}],"curies":[{"name":"wp","href":"https:\/\/api.w.org\/{rel}","templated":true}]}}