{"id":26134,"date":"2025-03-28T20:04:34","date_gmt":"2025-03-28T19:04:34","guid":{"rendered":"https:\/\/dupescents.co\/products\/ca-sent-comme-hugo\/"},"modified":"2025-11-05T19:22:17","modified_gmt":"2025-11-05T18:22:17","slug":"ca-sent-comme-hugo","status":"publish","type":"product","link":"https:\/\/dupescents.co\/fr\/products\/ca-sent-comme-hugo\/","title":{"rendered":"\u00c7a sent comme&#8230; Hugo"},"content":{"rendered":"<p>243M - Hugo Boss Orange Ersatz<br \/>\nEAU DE PARFUM NO 243M - HUGO BOSS ORANGE ERSATZ<\/p>\n<p>223M - Hugo Boss Hugo-Ersatz<br \/>\nEAU DE PARFUM NO 223M - HUGO BOSS HUGO ERSATZ<\/p>\n<p>DUFTNOTEN UNSERES ERSATZES:<\/p>\n<p>GR\u00dcNE GELBE<br \/>\nM\u00dcNZE<br \/>\nLAVENDER<br \/>\nFIR<br \/>\nGREYFRUIT<br \/>\nZEDER<br \/>\nSAGE<br \/>\nBASILIE<br \/>\nPACULA<br \/>\nGERANIUM<br \/>\nSCHLAUCHPFLANZE<br \/>\nJASMINE<br \/>\nDUFTBESCHREIBUNG:<\/p>\n<p>Eine Explosion der Energie in einem Parf\u00fcmflakon verpackt. Unser Eau de Parfum Nr. 223M ist das \u00c4quivalent zum Hugo Boss Hugo-Duft, den jeder Rebell mit einer jugendlichen Seele lieben wird. Diese Komposition verdankt ihre einzigartige Frische den Noten von gr\u00fcnem Apfel und Minze, die von Fr\u00fchlingsblumen umspielt werden. Sie ist ideal f\u00fcr den t\u00e4glichen Gebrauch.<\/p>\n<p>EIGENSCHAFTEN DES DUFTS HUGO BOSS EQUIVALENT:<br \/>\nDufttyp: aromatisch<br \/>\nF\u00fcr wen: m\u00e4nnlich<br \/>\nInhalt 10 ml \/ 30 ml \/ 50 ml \/ 100 ml<br \/>\nProdukt-Code: 223M<br \/>\nDer Preis f\u00fcr dieses Parf\u00fcm h\u00e4ngt von der angegebenen Menge ab.<br \/>\nBitte geben Sie uns Ihr Feedback nach dem Kauf!<\/p>\n<p>Sehen Sie auch andere Hugo Boss Parfums und ihre Substitute.<\/p>\n","protected":false},"excerpt":{"rendered":"<p class=\"product__text inline-richtext\">Inspiration : Hugo Boss Hugo EDT 75ML<\/p>\n<p class=\"product__text inline-richtext\"><strong>\u2705 Eau de toilette 19-21% Parfum<\/strong><\/p>\n<p class=\"product__text inline-richtext\"><strong>\u2705 Le parfum dure une seconde journ\u00e9e<\/strong><\/p>\n<p class=\"product__text inline-richtext\"><strong>Achetez le parfum, pas la marque - \u00e9conomisez de l&rsquo;argent<\/strong><\/p>\n","protected":false},"featured_media":22051,"comment_status":"open","ping_status":"closed","template":"","meta":{"_acf_changed":false},"product_brand":[],"product_cat":[201],"product_tag":[],"class_list":{"0":"post-26134","1":"product","2":"type-product","3":"status-publish","4":"has-post-thumbnail","6":"product_cat-pour-les-hommes","8":"first","9":"instock","10":"shipping-taxable","11":"purchasable","12":"product-type-variable"},"acf":[],"aioseo_notices":[],"jetpack_sharing_enabled":true,"_links":{"self":[{"href":"https:\/\/dupescents.co\/fr\/wp-json\/wp\/v2\/product\/26134","targetHints":{"allow":["GET"]}}],"collection":[{"href":"https:\/\/dupescents.co\/fr\/wp-json\/wp\/v2\/product"}],"about":[{"href":"https:\/\/dupescents.co\/fr\/wp-json\/wp\/v2\/types\/product"}],"replies":[{"embeddable":true,"href":"https:\/\/dupescents.co\/fr\/wp-json\/wp\/v2\/comments?post=26134"}],"wp:featuredmedia":[{"embeddable":true,"href":"https:\/\/dupescents.co\/fr\/wp-json\/wp\/v2\/media\/22051"}],"wp:attachment":[{"href":"https:\/\/dupescents.co\/fr\/wp-json\/wp\/v2\/media?parent=26134"}],"wp:term":[{"taxonomy":"product_brand","embeddable":true,"href":"https:\/\/dupescents.co\/fr\/wp-json\/wp\/v2\/product_brand?post=26134"},{"taxonomy":"product_cat","embeddable":true,"href":"https:\/\/dupescents.co\/fr\/wp-json\/wp\/v2\/product_cat?post=26134"},{"taxonomy":"product_tag","embeddable":true,"href":"https:\/\/dupescents.co\/fr\/wp-json\/wp\/v2\/product_tag?post=26134"}],"curies":[{"name":"wp","href":"https:\/\/api.w.org\/{rel}","templated":true}]}}