{"id":26127,"date":"2025-03-28T19:59:24","date_gmt":"2025-03-28T18:59:24","guid":{"rendered":"https:\/\/dupescents.co\/products\/sent-comme-y\/"},"modified":"2025-11-05T19:22:18","modified_gmt":"2025-11-05T18:22:18","slug":"sent-comme-y","status":"publish","type":"product","link":"https:\/\/dupescents.co\/fr\/products\/sent-comme-y\/","title":{"rendered":"Sent comme&#8230; Y"},"content":{"rendered":"<p>283M - Ersatz f\u00fcr Yves Saint Laurent Y<br \/>\nEAU DE PARFUM NO 283M - YVES SAINT LAURENT Y ERSATZ<\/p>\n<p>DUFTNOTEN UNSERES ERSATZES:<\/p>\n<p>BERGAMOT<br \/>\nIMBIR<br \/>\nLABEL<br \/>\nSAGE<br \/>\nWACHOLDERBEEREN<br \/>\nGERANIUM<br \/>\nVETERANIUM<br \/>\nZEDER<br \/>\nAMBERHOLZ<br \/>\nTONKA FASOL<br \/>\nOLIBANUM<br \/>\nDUFTBESCHREIBUNG:<\/p>\n<p>Ein Parf\u00fcm f\u00fcr den stilvollen Mann, der die Herausforderung nicht scheut und immer nach mehr strebt, indem er st\u00e4ndig an seine Grenzen geht. Das Parf\u00fcm Nummer 283M ist das \u00c4quivalent zum Yves Saint Laurent Duft Y.<\/p>\n<p>Es ist St\u00e4rke und Maskulinit\u00e4t in einer harmonischen Komposition, die Noten der Foug\u00e8re-Familie mit erfrischenden Zitrusakzenten und holzigen Akkorden kombiniert. S\u00fc\u00dfe Bergamotte geht in intensiven Ingwer \u00fcber, bevor sie in erfrischenden Salbei und Minze \u00fcbergeht. Den Abschluss bildet eine beruhigende Note aus Tonkabohne, Harz und Amberholz. Ein Genuss f\u00fcr die Sinne.<\/p>\n<p>EIGENSCHAFTEN DES PARF\u00dcMS YSL Y:<br \/>\nDufttyp: w\u00fcrzig, holzig<br \/>\nF\u00fcr wen: m\u00e4nnlich<br \/>\nVolumen: 10 ml \/ 30 ml \/ 50 ml \/ 100 ml<br \/>\nProdukt-Code: 283M<br \/>\nDer Preis f\u00fcr dieses Parf\u00fcm h\u00e4ngt von der angegebenen Kapazit\u00e4t ab.<br \/>\nBitte geben Sie uns Ihr Feedback nach dem Kauf!<\/p>\n<p>Sehen Sie auch andere Yves Saint Laurent Parfums und ihre Substitute.<\/p>\n","protected":false},"excerpt":{"rendered":"<p class=\"product__text inline-richtext\">Inspiration : Yves Saint Laurent Y EDP 60ML<\/p>\n<p class=\"product__text inline-richtext\"><strong>\u2705 Eau de toilette 19-21% Parfum<\/strong><\/p>\n<p class=\"product__text inline-richtext\"><strong>\u2705 Le parfum dure une seconde journ\u00e9e<\/strong><\/p>\n<p class=\"product__text inline-richtext\"><strong>Achetez le parfum, pas la marque - \u00e9conomisez de l&rsquo;argent<\/strong><\/p>\n","protected":false},"featured_media":36377,"comment_status":"open","ping_status":"closed","template":"","meta":{"_acf_changed":false},"product_brand":[],"product_cat":[201],"product_tag":[],"class_list":{"0":"post-26127","1":"product","2":"type-product","3":"status-publish","4":"has-post-thumbnail","6":"product_cat-pour-les-hommes","8":"first","9":"instock","10":"shipping-taxable","11":"purchasable","12":"product-type-variable"},"acf":[],"aioseo_notices":[],"jetpack_sharing_enabled":true,"_links":{"self":[{"href":"https:\/\/dupescents.co\/fr\/wp-json\/wp\/v2\/product\/26127","targetHints":{"allow":["GET"]}}],"collection":[{"href":"https:\/\/dupescents.co\/fr\/wp-json\/wp\/v2\/product"}],"about":[{"href":"https:\/\/dupescents.co\/fr\/wp-json\/wp\/v2\/types\/product"}],"replies":[{"embeddable":true,"href":"https:\/\/dupescents.co\/fr\/wp-json\/wp\/v2\/comments?post=26127"}],"wp:featuredmedia":[{"embeddable":true,"href":"https:\/\/dupescents.co\/fr\/wp-json\/wp\/v2\/media\/36377"}],"wp:attachment":[{"href":"https:\/\/dupescents.co\/fr\/wp-json\/wp\/v2\/media?parent=26127"}],"wp:term":[{"taxonomy":"product_brand","embeddable":true,"href":"https:\/\/dupescents.co\/fr\/wp-json\/wp\/v2\/product_brand?post=26127"},{"taxonomy":"product_cat","embeddable":true,"href":"https:\/\/dupescents.co\/fr\/wp-json\/wp\/v2\/product_cat?post=26127"},{"taxonomy":"product_tag","embeddable":true,"href":"https:\/\/dupescents.co\/fr\/wp-json\/wp\/v2\/product_tag?post=26127"}],"curies":[{"name":"wp","href":"https:\/\/api.w.org\/{rel}","templated":true}]}}