{"id":26104,"date":"2025-03-28T20:08:52","date_gmt":"2025-03-28T19:08:52","guid":{"rendered":"https:\/\/dupescents.co\/products\/sent-comme-gentleman\/"},"modified":"2026-02-22T01:01:20","modified_gmt":"2026-02-22T00:01:20","slug":"sent-comme-gentleman","status":"publish","type":"product","link":"https:\/\/dupescents.co\/fr\/products\/sent-comme-gentleman\/","title":{"rendered":"Sent comme&#8230; Gentleman"},"content":{"rendered":"<p>284M - Remplacement pour Givenchy Gentleman<br \/>\nEAU DE PARFUM NR. 284M - REMPLACEMENT POUR GIVENCHY GENTLEMAN<\/p>\n<p>PARFUMS DE NOS SUBSTITUTS :<\/p>\n<p>BAUME DE TOLU<br \/>\nBENZOES<br \/>\nBERGAMOTE<br \/>\nCANNELLE<br \/>\nG\u00c2TEAU NOIR<br \/>\nTONKA FASOL<br \/>\n\u00c9PICE DE CLOVE<br \/>\nIRIS<br \/>\nLAVANDE<br \/>\nPACULA<br \/>\nDESCRIPTION DU PARFUM GIVENCHY GENTELMEN :<\/p>\n<p>Sensuel, vif et pourtant plein de classe. L&rsquo;iris, associ\u00e9 \u00e0 la cannelle chaude, conf\u00e8re \u00e0 ce parfum un charme magn\u00e9tique. Le poivre, quant \u00e0 lui, est la note qui rend ce parfum inoubliable et l&#8217;emp\u00eache de se fondre dans la masse grise !  <\/p>\n<p>L&rsquo;\u00e9quivalent de 284M - GIVENCHY GENTLEMAN est un parfum pour le gentleman moderne, qui s\u00e9duit et stimule l&rsquo;imagination. Et tout cela de mani\u00e8re extr\u00eamement \u00e9l\u00e9gante. <\/p>\n<p>CARACTERISTIQUES DU PARFUM :<br \/>\nType de parfum : bois\u00e9, aromatique<br \/>\nPour qui : homme<br \/>\nContenu : 10 ml \/ 30 ml \/ 50 ml \/ 100 ml<br \/>\nCode produit : 284M<br \/>\nLe prix de ce parfum d\u00e9pend de la quantit\u00e9 indiqu\u00e9e.<\/p>\n<p>Que sent l&rsquo;\u00e9quivalent du parfum Givenchy Gentleman ?<br \/>\nIl s&rsquo;agit d&rsquo;un parfum masculin tr\u00e8s int\u00e9ressant et chic, consid\u00e9r\u00e9 comme bois\u00e9 et tr\u00e8s aromatique. Parmi les notes olfactives, on peut d\u00e9couvrir des notes de lavande, de cannelle, de bergamote ou d&rsquo;iris. L&rsquo;ensemble de la composition attire l&rsquo;attention.  <\/p>\n<p>Quand vaut-il la peine d&rsquo;utiliser le parfum Givenchy Gentleman comme substitut ?<br \/>\nCette composition est tr\u00e8s polyvalente et s&rsquo;adapte bien aux diff\u00e9rentes saisons, aussi bien aux plus chaudes, comme le printemps et l&rsquo;\u00e9t\u00e9, qu&rsquo;aux plus fra\u00eeches, comme l&rsquo;automne et l&rsquo;hiver. En outre, elle peut \u00eatre utilis\u00e9e aussi bien au quotidien qu&rsquo;au bureau, ainsi que dans des situations moins formelles. <\/p>\n","protected":false},"excerpt":{"rendered":"<p>Inspiration : Givenchy Gentleman EDP 50ML<\/p>\n<p class=\"product__text inline-richtext\"><strong>\u2705 Eau de toilette 19-21% Parfum<\/strong><\/p>\n<p class=\"product__text inline-richtext\"><strong>\u2705 Le parfum dure une seconde journ\u00e9e<\/strong><\/p>\n<p class=\"product__text inline-richtext\"><strong>Achetez le parfum, pas la marque - \u00e9conomisez de l&rsquo;argent<\/strong><\/p>\n","protected":false},"featured_media":35969,"comment_status":"open","ping_status":"closed","template":"","meta":{"_acf_changed":false},"product_brand":[],"product_cat":[201],"product_tag":[],"class_list":{"0":"post-26104","1":"product","2":"type-product","3":"status-publish","4":"has-post-thumbnail","6":"product_cat-pour-les-hommes","8":"first","9":"instock","10":"shipping-taxable","11":"purchasable","12":"product-type-variable"},"acf":[],"aioseo_notices":[],"jetpack_sharing_enabled":true,"_links":{"self":[{"href":"https:\/\/dupescents.co\/fr\/wp-json\/wp\/v2\/product\/26104","targetHints":{"allow":["GET"]}}],"collection":[{"href":"https:\/\/dupescents.co\/fr\/wp-json\/wp\/v2\/product"}],"about":[{"href":"https:\/\/dupescents.co\/fr\/wp-json\/wp\/v2\/types\/product"}],"replies":[{"embeddable":true,"href":"https:\/\/dupescents.co\/fr\/wp-json\/wp\/v2\/comments?post=26104"}],"wp:featuredmedia":[{"embeddable":true,"href":"https:\/\/dupescents.co\/fr\/wp-json\/wp\/v2\/media\/35969"}],"wp:attachment":[{"href":"https:\/\/dupescents.co\/fr\/wp-json\/wp\/v2\/media?parent=26104"}],"wp:term":[{"taxonomy":"product_brand","embeddable":true,"href":"https:\/\/dupescents.co\/fr\/wp-json\/wp\/v2\/product_brand?post=26104"},{"taxonomy":"product_cat","embeddable":true,"href":"https:\/\/dupescents.co\/fr\/wp-json\/wp\/v2\/product_cat?post=26104"},{"taxonomy":"product_tag","embeddable":true,"href":"https:\/\/dupescents.co\/fr\/wp-json\/wp\/v2\/product_tag?post=26104"}],"curies":[{"name":"wp","href":"https:\/\/api.w.org\/{rel}","templated":true}]}}