{"id":26080,"date":"2025-03-28T20:15:29","date_gmt":"2025-03-28T19:15:29","guid":{"rendered":"https:\/\/dupescents.co\/products\/sent-comme-bottled-night\/"},"modified":"2026-02-22T00:59:32","modified_gmt":"2026-02-21T23:59:32","slug":"sent-comme-bottled-night","status":"publish","type":"product","link":"https:\/\/dupescents.co\/fr\/products\/sent-comme-bottled-night\/","title":{"rendered":"Sent comme&#8230; Bottled Night"},"content":{"rendered":"<p>274M - Hugo Boss Bottled Night remplacement<br \/>\nEAU DE PARFUM NO 274M - HUGO BOSS BOTTLED NIGHT REMPLACEMENT<\/p>\n<p>PARFUMS DE NOS SUBSTITUTS :<\/p>\n<p>VIOLET<br \/>\nLAVANDE<br \/>\nBRUSCHEL<br \/>\nNOTES BOIS\u00c9ES<br \/>\nPI\u017bMO<br \/>\nDESCRIPTION DE LA FRAGRANCE :<\/p>\n<p>Un parfum s\u00e9duisant pour les hommes qui aiment la vie nocturne. Notre \u00e9quivalent Hugo Boss Bottled Night est une eau de parfum longue dur\u00e9e, id\u00e9ale pour les tenues de soir\u00e9e et les occasions sp\u00e9ciales. Ce parfum r\u00e9veille la sensualit\u00e9 endormie et la confiance en soi de son propri\u00e9taire.  <\/p>\n<p>CARACTERISTIQUES DU PARFUM DE NUIT REMPLI COUNTERPART :<br \/>\nType de parfum : \u00e9pic\u00e9, bois\u00e9<br \/>\nPour qui : masculin<br \/>\nContenu 10 ml \/ 30 ml \/ 50 ml \/ 100 ml<br \/>\nCode produit : 274M<br \/>\nLe prix de ce parfum d\u00e9pend de la quantit\u00e9 indiqu\u00e9e.<br \/>\nMerci de nous donner votre avis apr\u00e8s achat !<\/p>\n<p>Voir aussi les autres parfums Hugo Boss et leurs substituts.<\/p>\n","protected":false},"excerpt":{"rendered":"<p class=\"product__text inline-richtext\">Inspiration : Hugo Boss Boss Bottled Night EDT 50ML<\/p>\n<p class=\"product__text inline-richtext\"><strong>\u2705 Eau de toilette 19-21% Parfum<\/strong><\/p>\n<p class=\"product__text inline-richtext\"><strong>\u2705 Le parfum dure une seconde journ\u00e9e<\/strong><\/p>\n<p class=\"product__text inline-richtext\"><strong>Achetez le parfum, pas la marque - \u00e9conomisez de l&rsquo;argent<\/strong><\/p>\n","protected":false},"featured_media":35966,"comment_status":"open","ping_status":"closed","template":"","meta":{"_acf_changed":false},"product_brand":[],"product_cat":[201],"product_tag":[],"class_list":{"0":"post-26080","1":"product","2":"type-product","3":"status-publish","4":"has-post-thumbnail","6":"product_cat-pour-les-hommes","8":"first","9":"instock","10":"shipping-taxable","11":"purchasable","12":"product-type-variable"},"acf":[],"aioseo_notices":[],"jetpack_sharing_enabled":true,"_links":{"self":[{"href":"https:\/\/dupescents.co\/fr\/wp-json\/wp\/v2\/product\/26080","targetHints":{"allow":["GET"]}}],"collection":[{"href":"https:\/\/dupescents.co\/fr\/wp-json\/wp\/v2\/product"}],"about":[{"href":"https:\/\/dupescents.co\/fr\/wp-json\/wp\/v2\/types\/product"}],"replies":[{"embeddable":true,"href":"https:\/\/dupescents.co\/fr\/wp-json\/wp\/v2\/comments?post=26080"}],"wp:featuredmedia":[{"embeddable":true,"href":"https:\/\/dupescents.co\/fr\/wp-json\/wp\/v2\/media\/35966"}],"wp:attachment":[{"href":"https:\/\/dupescents.co\/fr\/wp-json\/wp\/v2\/media?parent=26080"}],"wp:term":[{"taxonomy":"product_brand","embeddable":true,"href":"https:\/\/dupescents.co\/fr\/wp-json\/wp\/v2\/product_brand?post=26080"},{"taxonomy":"product_cat","embeddable":true,"href":"https:\/\/dupescents.co\/fr\/wp-json\/wp\/v2\/product_cat?post=26080"},{"taxonomy":"product_tag","embeddable":true,"href":"https:\/\/dupescents.co\/fr\/wp-json\/wp\/v2\/product_tag?post=26080"}],"curies":[{"name":"wp","href":"https:\/\/api.w.org\/{rel}","templated":true}]}}