{"id":26079,"date":"2025-03-28T20:11:53","date_gmt":"2025-03-28T19:11:53","guid":{"rendered":"https:\/\/dupescents.co\/products\/sent-comme-emporio-armani-he\/"},"modified":"2026-02-22T00:51:07","modified_gmt":"2026-02-21T23:51:07","slug":"sent-comme-emporio-armani-he","status":"publish","type":"product","link":"https:\/\/dupescents.co\/fr\/products\/sent-comme-emporio-armani-he\/","title":{"rendered":"Sent comme&#8230; Emporio Armani He"},"content":{"rendered":"<p>242M - Remplacement pour Giorgio Armani Emporio Armani He<br \/>\nEAU DE PARFUM NR. 242M - REMPLACEMENT POUR GIORGIO ARMANI EMPORIO ARMANI HE<\/p>\n<p>PARFUMS DE NOS SUBSTITUTS :<\/p>\n<p>BOIS DE SABLE<br \/>\nSAGE<br \/>\nMOUSSE DE CH\u00caNE<br \/>\nAMBER<br \/>\nTONKA FRUITS<br \/>\nPI\u017bMO<br \/>\nC\u00c9DRE<br \/>\nYUZU<br \/>\nNUTMEG<br \/>\nBERGAMOTTE<br \/>\nMANDARIN<br \/>\nANANAS<br \/>\nCITRON<br \/>\nCARDAMON<br \/>\nIRIS-WURZEL<br \/>\nBURSHINE<br \/>\nCYCLAMES<br \/>\nJASMINE<br \/>\nROSE<br \/>\nDESCRIPTION DU PARFUM :<\/p>\n<p>Cette fragrance citronn\u00e9e et bois\u00e9e profonde sera appr\u00e9ci\u00e9e par tout homme fort \u00e0 l&rsquo;\u00e9nergie juv\u00e9nile qui aime d\u00e9passer les limites. Notre \u00e9quivalent de Giorgio Armani Emporio Armani He est une eau de parfum longue dur\u00e9e qui attire l&rsquo;attention de ceux qui vous entourent. Laissez-le vous accompagner chaque jour et vous verrez que tout est possible !  <\/p>\n<p>CARACTERISTIQUES DU PARFUM EMPORIO ARMANI HE :<br \/>\nType de parfum : citrique, bois\u00e9<br \/>\nPour qui : masculin<br \/>\nContenu : 10 ml \/ 30 ml \/ 50 ml \/ 100 ml<br \/>\nCode produit : 242M<br \/>\nLe prix de ce parfum d\u00e9pend de la quantit\u00e9 indiqu\u00e9e.<br \/>\nMerci de nous donner votre avis apr\u00e8s l&rsquo;achat !<\/p>\n<p>Voir aussi les autres parfums Giorgio Armani et leurs produits de remplacement.<\/p>\n<p>Consultez \u00e9galement l&rsquo;\u00e9quivalent Emporio Diamonds et le substitut Emporio She.<\/p>\n","protected":false},"excerpt":{"rendered":"<p class=\"product__text inline-richtext\">Inspiration : Giorgio Armani Emporio Armani He EDT 30ML<\/p>\n<p class=\"product__text inline-richtext\"><strong>\u2705 Eau de toilette 19-21% Parfum<\/strong><\/p>\n<p class=\"product__text inline-richtext\"><strong>\u2705 Le parfum dure une seconde journ\u00e9e<\/strong><\/p>\n<p class=\"product__text inline-richtext\"><strong>Achetez le parfum, pas la marque - \u00e9conomisez de l&rsquo;argent<\/strong><\/p>\n","protected":false},"featured_media":35952,"comment_status":"open","ping_status":"closed","template":"","meta":{"_acf_changed":false},"product_brand":[],"product_cat":[201],"product_tag":[],"class_list":{"0":"post-26079","1":"product","2":"type-product","3":"status-publish","4":"has-post-thumbnail","6":"product_cat-pour-les-hommes","8":"first","9":"instock","10":"shipping-taxable","11":"purchasable","12":"product-type-variable"},"acf":[],"aioseo_notices":[],"jetpack_sharing_enabled":true,"_links":{"self":[{"href":"https:\/\/dupescents.co\/fr\/wp-json\/wp\/v2\/product\/26079","targetHints":{"allow":["GET"]}}],"collection":[{"href":"https:\/\/dupescents.co\/fr\/wp-json\/wp\/v2\/product"}],"about":[{"href":"https:\/\/dupescents.co\/fr\/wp-json\/wp\/v2\/types\/product"}],"replies":[{"embeddable":true,"href":"https:\/\/dupescents.co\/fr\/wp-json\/wp\/v2\/comments?post=26079"}],"wp:featuredmedia":[{"embeddable":true,"href":"https:\/\/dupescents.co\/fr\/wp-json\/wp\/v2\/media\/35952"}],"wp:attachment":[{"href":"https:\/\/dupescents.co\/fr\/wp-json\/wp\/v2\/media?parent=26079"}],"wp:term":[{"taxonomy":"product_brand","embeddable":true,"href":"https:\/\/dupescents.co\/fr\/wp-json\/wp\/v2\/product_brand?post=26079"},{"taxonomy":"product_cat","embeddable":true,"href":"https:\/\/dupescents.co\/fr\/wp-json\/wp\/v2\/product_cat?post=26079"},{"taxonomy":"product_tag","embeddable":true,"href":"https:\/\/dupescents.co\/fr\/wp-json\/wp\/v2\/product_tag?post=26079"}],"curies":[{"name":"wp","href":"https:\/\/api.w.org\/{rel}","templated":true}]}}