{"id":26061,"date":"2025-03-29T15:34:51","date_gmt":"2025-03-29T14:34:51","guid":{"rendered":"https:\/\/dupescents.co\/products\/sent-comme-acqua-di-gio-profumo\/"},"modified":"2026-02-21T19:51:39","modified_gmt":"2026-02-21T18:51:39","slug":"sent-comme-acqua-di-gio-profumo","status":"publish","type":"product","link":"https:\/\/dupescents.co\/fr\/products\/sent-comme-acqua-di-gio-profumo\/","title":{"rendered":"Sent comme&#8230; Acqua Di Gio Profumo"},"content":{"rendered":"<p>296M - Remplacement pour Giorgio Armani Acqua Di Gio Profumo<br \/>\nGIORGIO ARMANI ACQUA DI GIO PROFUMO REMPLACEMENT EAU DE PARFUM NO 296M<\/p>\n<p>PARFUMS DE NOS SUBSTITUTS :<\/p>\n<p>NOTES MARINES<br \/>\nTARTAR<br \/>\nBERGAMOTE<br \/>\nPACULA<br \/>\nROSEMARIE<br \/>\nSAGE<br \/>\nG\u00c9RANIUM<br \/>\nDESCRIPTION DU PARFUM :<\/p>\n<p>Une composition parfum\u00e9e sophistiqu\u00e9e pour les hommes aventureux. Comme le pendant de Giorgio Armani Acqua di Gio Profuomo, cette eau de parfum contient une combinaison de notes marines rafra\u00eechissantes, d&rsquo;encens chaleureux et d&rsquo;\u00e9pices aromatiques. Gr\u00e2ce \u00e0 son caract\u00e8re dualiste, ce parfum est parfait pour la vie quotidienne et les occasions sp\u00e9ciales.  <\/p>\n<p>CARACTERISTIQUES DU PARFUM ACQUA DI GIO PROFUMO EQUIVALENT :<br \/>\nType de parfum : aromatique, aquatique<br \/>\nPour qui : homme<br \/>\nContenu : 10 ml \/ 30 ml \/ 50 ml \/ 100 ml<br \/>\nCode produit : 296M<br \/>\nLe prix de ce parfum d\u00e9pend de la quantit\u00e9 indiqu\u00e9e.<br \/>\nMerci de nous donner votre avis apr\u00e8s l&rsquo;achat !<\/p>\n<p>&nbsp;<\/p>\n<p>Voir aussi les autres parfums Giorgio Armani et leurs produits de remplacement.<\/p>\n","protected":false},"excerpt":{"rendered":"<p class=\"product__text inline-richtext\">Inspiration : Giorgio Armani Acqua Di Gio Profumo EDP 75ML<\/p>\n<p class=\"product__text inline-richtext\"><strong>\u2705 Eau de toilette 19-21% Parfum<\/strong><\/p>\n<p class=\"product__text inline-richtext\"><strong>\u2705 Le parfum dure une seconde journ\u00e9e<\/strong><\/p>\n<p class=\"product__text inline-richtext\"><strong>Achetez le parfum, pas la marque - \u00e9conomisez de l&rsquo;argent<\/strong><\/p>\n","protected":false},"featured_media":35799,"comment_status":"open","ping_status":"closed","template":"","meta":{"_acf_changed":false},"product_brand":[],"product_cat":[201],"product_tag":[],"class_list":{"0":"post-26061","1":"product","2":"type-product","3":"status-publish","4":"has-post-thumbnail","6":"product_cat-pour-les-hommes","8":"first","9":"instock","10":"shipping-taxable","11":"purchasable","12":"product-type-variable"},"acf":[],"aioseo_notices":[],"jetpack_sharing_enabled":true,"_links":{"self":[{"href":"https:\/\/dupescents.co\/fr\/wp-json\/wp\/v2\/product\/26061","targetHints":{"allow":["GET"]}}],"collection":[{"href":"https:\/\/dupescents.co\/fr\/wp-json\/wp\/v2\/product"}],"about":[{"href":"https:\/\/dupescents.co\/fr\/wp-json\/wp\/v2\/types\/product"}],"replies":[{"embeddable":true,"href":"https:\/\/dupescents.co\/fr\/wp-json\/wp\/v2\/comments?post=26061"}],"wp:featuredmedia":[{"embeddable":true,"href":"https:\/\/dupescents.co\/fr\/wp-json\/wp\/v2\/media\/35799"}],"wp:attachment":[{"href":"https:\/\/dupescents.co\/fr\/wp-json\/wp\/v2\/media?parent=26061"}],"wp:term":[{"taxonomy":"product_brand","embeddable":true,"href":"https:\/\/dupescents.co\/fr\/wp-json\/wp\/v2\/product_brand?post=26061"},{"taxonomy":"product_cat","embeddable":true,"href":"https:\/\/dupescents.co\/fr\/wp-json\/wp\/v2\/product_cat?post=26061"},{"taxonomy":"product_tag","embeddable":true,"href":"https:\/\/dupescents.co\/fr\/wp-json\/wp\/v2\/product_tag?post=26061"}],"curies":[{"name":"wp","href":"https:\/\/api.w.org\/{rel}","templated":true}]}}