{"id":26052,"date":"2025-03-28T20:17:33","date_gmt":"2025-03-28T19:17:33","guid":{"rendered":"https:\/\/dupescents.co\/products\/ca-sent-comme-only-the-brave\/"},"modified":"2025-11-05T19:22:05","modified_gmt":"2025-11-05T18:22:05","slug":"ca-sent-comme-only-the-brave","status":"publish","type":"product","link":"https:\/\/dupescents.co\/fr\/products\/ca-sent-comme-only-the-brave\/","title":{"rendered":"\u00c7a sent comme&#8230; Only The Brave"},"content":{"rendered":"<p>239M - Diesel Only The Brave Ersatz<br \/>\nEAU DE PARFUM NO 239M - DIESEL ONLY THE BRAVE ERSATZ<\/p>\n<p>DUFTNOTEN UNSERES ERSATZES:<\/p>\n<p>BURSHINE<br \/>\nAMALPHIA-ZITRONE<br \/>\nHAUT<br \/>\nMANDARINE<br \/>\nVIOLETT<br \/>\nBENZOES<br \/>\nVIRGINIA-ZEDERN<br \/>\nCOLLENDRA<br \/>\nFRANZ\u00d6SISCHER LABDANUM<br \/>\nSTYRAX<br \/>\nDUFTBESCHREIBUNG:<\/p>\n<p>Mut und Zuversicht sind die Haupteigenschaften der M\u00e4nner, die dieses einzigartige Parf\u00fcm tragen. Unser Eau de Parfum No. 239M ist das \u00c4quivalent zum Diesel-Duft Only The Brave, der perfekt zum Charakter eines furchtlosen Helden passt. Diese orientalisch-holzige Komposition ist perfekt f\u00fcr einen Tag voller neuer Abenteuer.<\/p>\n<p>MERKMALE DES GEGENST\u00dcCKS:<br \/>\nDufttyp: orientalisch, holzig<br \/>\nF\u00fcr wen: m\u00e4nnlich<br \/>\nInhalt: 30 ml \/ 50 ml \/ 100 ml<br \/>\nProdukt-Code: 239M<\/p>\n<p>Wie riecht das Duft\u00e4quivalent von Diesel Only The Brave?<br \/>\nDiese Duftkomposition ist ein frisches, aromatisches Herrenparf\u00fcm, das fruchtige, blumige und holzige Noten kombiniert. Zu den Hauptbestandteilen geh\u00f6ren die Duftnoten von Zeder, Mandarine und Lavendel. Der Duft beginnt mit frischen Zitrusnoten, die allm\u00e4hlich in eine blumige Herznote \u00fcbergehen, und endet mit klaren, anhaltenden holzigen Noten.<\/p>\n<p>F\u00fcr wen ist der Diesel Only The Brave Parf\u00fcmersatz am besten geeignet?<br \/>\nDieser Duft ist ideal f\u00fcr abenteuerlustige M\u00e4nner, die einen Duft suchen, der in allt\u00e4glichen Situationen gut funktioniert und zu einem entspannten Lebensstil passt. Dies wird durch die in der Komposition enthaltenen Zitrusnoten beg\u00fcnstigt, die durch die anderen Akzente, die mit ihnen gemischt werden, einen zus\u00e4tzlichen guten Eindruck hinterlassen.<\/p>\n","protected":false},"excerpt":{"rendered":"<p>Inspiration : Diesel Only The Brave EDT 50ML<\/p>\n<p class=\"product__text inline-richtext\"><strong>\u2705 Eau de toilette 19-21% Parfum<\/strong><\/p>\n<p class=\"product__text inline-richtext\"><strong>\u2705 Le parfum dure une seconde journ\u00e9e<\/strong><\/p>\n<p class=\"product__text inline-richtext\"><strong>Achetez le parfum, pas la marque - \u00e9conomisez de l&rsquo;argent<\/strong><\/p>\n","protected":false},"featured_media":36370,"comment_status":"open","ping_status":"closed","template":"","meta":{"_acf_changed":false},"product_brand":[],"product_cat":[201],"product_tag":[],"class_list":{"0":"post-26052","1":"product","2":"type-product","3":"status-publish","4":"has-post-thumbnail","6":"product_cat-pour-les-hommes","8":"first","9":"instock","10":"shipping-taxable","11":"purchasable","12":"product-type-variable"},"acf":[],"aioseo_notices":[],"jetpack_sharing_enabled":true,"_links":{"self":[{"href":"https:\/\/dupescents.co\/fr\/wp-json\/wp\/v2\/product\/26052","targetHints":{"allow":["GET"]}}],"collection":[{"href":"https:\/\/dupescents.co\/fr\/wp-json\/wp\/v2\/product"}],"about":[{"href":"https:\/\/dupescents.co\/fr\/wp-json\/wp\/v2\/types\/product"}],"replies":[{"embeddable":true,"href":"https:\/\/dupescents.co\/fr\/wp-json\/wp\/v2\/comments?post=26052"}],"wp:featuredmedia":[{"embeddable":true,"href":"https:\/\/dupescents.co\/fr\/wp-json\/wp\/v2\/media\/36370"}],"wp:attachment":[{"href":"https:\/\/dupescents.co\/fr\/wp-json\/wp\/v2\/media?parent=26052"}],"wp:term":[{"taxonomy":"product_brand","embeddable":true,"href":"https:\/\/dupescents.co\/fr\/wp-json\/wp\/v2\/product_brand?post=26052"},{"taxonomy":"product_cat","embeddable":true,"href":"https:\/\/dupescents.co\/fr\/wp-json\/wp\/v2\/product_cat?post=26052"},{"taxonomy":"product_tag","embeddable":true,"href":"https:\/\/dupescents.co\/fr\/wp-json\/wp\/v2\/product_tag?post=26052"}],"curies":[{"name":"wp","href":"https:\/\/api.w.org\/{rel}","templated":true}]}}