{"id":26045,"date":"2025-03-29T15:35:59","date_gmt":"2025-03-29T14:35:59","guid":{"rendered":"https:\/\/dupescents.co\/products\/sent-comme-laurent-opium\/"},"modified":"2025-11-05T19:22:00","modified_gmt":"2025-11-05T18:22:00","slug":"sent-comme-laurent-opium","status":"publish","type":"product","link":"https:\/\/dupescents.co\/fr\/products\/sent-comme-laurent-opium\/","title":{"rendered":"Sent comme&#8230; Laurent Opium"},"content":{"rendered":"<p>220M - Ersatz f\u00fcr Yves Saint Laurent Opium<br \/>\nEAU DE PARFUM NO 220M - ERSATZ F\u00dcR YVES SAINT LAURENT OPIUM<\/p>\n<p>DUFTNOTEN UNSERES ERSATZES:<\/p>\n<p>BLACKCURRANT<br \/>\nSTERNANIS<br \/>\nVANILLE BOURBON<br \/>\nTOLU BALLAUM<br \/>\nPIE<br \/>\nATLASZEDER<br \/>\nGALANGAL<br \/>\nYSL OPIUM DUFTBESCHREIBUNG:<\/p>\n<p>Charmant und anziehend wie ein Magnet - so ist der Tr\u00e4ger unseres Eau de Parfum No 220M. Das Pendant zum Duft Yves Saint Laurent Opium ist ein umwerfender Vorschlag f\u00fcr selbstbewusste M\u00e4nner, die neue Herausforderungen lieben. Die Kombination aus orientalischen und w\u00fcrzigen Akkorden befl\u00fcgelt die Sinne und verf\u00fchrt die Menschen um Sie herum.<\/p>\n<p>EIGENSCHAFTEN DES \u00c4QUIVALENTS VON YVES SAINT LAURENT OPIUM PARFUM:<br \/>\nDufttyp: orientalisch, w\u00fcrzig<br \/>\nF\u00fcr wen: m\u00e4nnlich<br \/>\nVolumen: 10 ml \/ 30 ml \/ 50 ml \/ 100 ml<br \/>\nProdukt-Code: 220M<br \/>\nDer Preis f\u00fcr dieses Parf\u00fcm h\u00e4ngt von der angegebenen Menge ab.<br \/>\nBitte geben Sie uns Ihr Feedback nach dem Kauf!<\/p>\n<p>Sehen Sie auch andere Yves Saint Laurent Parfums und ihre Ersatzprodukte.<\/p>\n","protected":false},"excerpt":{"rendered":"<p class=\"product__text inline-richtext\">Inspiration : Yves Saint Laurent Opium EDT 50ML<\/p>\n<p class=\"product__text inline-richtext\"><strong>\u2705 Eau de toilette 19-21% Parfum<\/strong><\/p>\n<p class=\"product__text inline-richtext\"><strong>\u2705 Le parfum dure une seconde journ\u00e9e<\/strong><\/p>\n<p class=\"product__text inline-richtext\"><strong>Achetez le parfum, pas la marque - \u00e9conomisez de l&rsquo;argent<\/strong><\/p>\n","protected":false},"featured_media":36366,"comment_status":"open","ping_status":"closed","template":"","meta":{"_acf_changed":false},"product_brand":[],"product_cat":[201],"product_tag":[],"class_list":{"0":"post-26045","1":"product","2":"type-product","3":"status-publish","4":"has-post-thumbnail","6":"product_cat-pour-les-hommes","8":"first","9":"instock","10":"shipping-taxable","11":"purchasable","12":"product-type-variable"},"acf":[],"aioseo_notices":[],"jetpack_sharing_enabled":true,"_links":{"self":[{"href":"https:\/\/dupescents.co\/fr\/wp-json\/wp\/v2\/product\/26045","targetHints":{"allow":["GET"]}}],"collection":[{"href":"https:\/\/dupescents.co\/fr\/wp-json\/wp\/v2\/product"}],"about":[{"href":"https:\/\/dupescents.co\/fr\/wp-json\/wp\/v2\/types\/product"}],"replies":[{"embeddable":true,"href":"https:\/\/dupescents.co\/fr\/wp-json\/wp\/v2\/comments?post=26045"}],"wp:featuredmedia":[{"embeddable":true,"href":"https:\/\/dupescents.co\/fr\/wp-json\/wp\/v2\/media\/36366"}],"wp:attachment":[{"href":"https:\/\/dupescents.co\/fr\/wp-json\/wp\/v2\/media?parent=26045"}],"wp:term":[{"taxonomy":"product_brand","embeddable":true,"href":"https:\/\/dupescents.co\/fr\/wp-json\/wp\/v2\/product_brand?post=26045"},{"taxonomy":"product_cat","embeddable":true,"href":"https:\/\/dupescents.co\/fr\/wp-json\/wp\/v2\/product_cat?post=26045"},{"taxonomy":"product_tag","embeddable":true,"href":"https:\/\/dupescents.co\/fr\/wp-json\/wp\/v2\/product_tag?post=26045"}],"curies":[{"name":"wp","href":"https:\/\/api.w.org\/{rel}","templated":true}]}}