{"id":26037,"date":"2025-03-29T15:31:45","date_gmt":"2025-03-29T14:31:45","guid":{"rendered":"https:\/\/dupescents.co\/products\/sent-comme-fahrenheit-le-parfum\/"},"modified":"2026-02-21T20:07:43","modified_gmt":"2026-02-21T19:07:43","slug":"sent-comme-fahrenheit-le-parfum","status":"publish","type":"product","link":"https:\/\/dupescents.co\/fr\/products\/sent-comme-fahrenheit-le-parfum\/","title":{"rendered":"Sent comme&#8230; Fahrenheit Le Parfum"},"content":{"rendered":"<p>350M - Un parfum similaire \u00e0 Dior Fahrenheit Le Parfum<\/p>\n<p>PARFUMS DE NOS SUBSTITUTS :<\/p>\n<p>Suede<br \/>\nR\u00e9glisse<br \/>\nMandarine de Sicile<br \/>\nFeuille de violette<br \/>\nRhum<br \/>\nCoriandre<br \/>\nCumin<br \/>\nVanille de Bourbon<br \/>\nDESCRIPTION DE LA PARFUMATION :<\/p>\n<p>S\u00e9duisant et extravagant, 350M est un m\u00e9lange aux multiples facettes. Dans sa composition, on trouve de la mandarine, de la violette, du cuir et de la vanille. Ce parfum de la cat\u00e9gorie oriental-\u00e9pic\u00e9 est le choix parfait pour les hommes qui veulent se distinguer et se faire remarquer par leur classe !  <\/p>\n<p>350M CARACTERISTIQUES :<br \/>\nType de parfum : oriental, \u00e9pic\u00e9<br \/>\nPour qui : pour hommes<br \/>\nContenu : 30 ml \/ 50 ml \/ 100 ml<br \/>\nCode produit : 350M<br \/>\nLe prix de ce parfum d\u00e9pend de la quantit\u00e9 indiqu\u00e9e.<br \/>\nVeuillez nous le faire savoir apr\u00e8s votre achat !<\/p>\n","protected":false},"excerpt":{"rendered":"<p class=\"product__text inline-richtext\">Inspiration : Dior Fahrenheit Le Parfum EDP 75ML<\/p>\n<p class=\"product__text inline-richtext\"><strong>\u2705 Eau de toilette 19-21% Parfum<\/strong><\/p>\n<p class=\"product__text inline-richtext\"><strong>\u2705 Le parfum dure une seconde journ\u00e9e<\/strong><\/p>\n<p class=\"product__text inline-richtext\"><strong>Achetez le parfum, pas la marque - \u00e9conomisez de l&rsquo;argent<\/strong><\/p>\n","protected":false},"featured_media":35822,"comment_status":"open","ping_status":"closed","template":"","meta":{"_acf_changed":false},"product_brand":[],"product_cat":[201],"product_tag":[],"class_list":{"0":"post-26037","1":"product","2":"type-product","3":"status-publish","4":"has-post-thumbnail","6":"product_cat-pour-les-hommes","8":"first","9":"instock","10":"shipping-taxable","11":"purchasable","12":"product-type-variable"},"acf":[],"aioseo_notices":[],"jetpack_sharing_enabled":true,"_links":{"self":[{"href":"https:\/\/dupescents.co\/fr\/wp-json\/wp\/v2\/product\/26037","targetHints":{"allow":["GET"]}}],"collection":[{"href":"https:\/\/dupescents.co\/fr\/wp-json\/wp\/v2\/product"}],"about":[{"href":"https:\/\/dupescents.co\/fr\/wp-json\/wp\/v2\/types\/product"}],"replies":[{"embeddable":true,"href":"https:\/\/dupescents.co\/fr\/wp-json\/wp\/v2\/comments?post=26037"}],"wp:featuredmedia":[{"embeddable":true,"href":"https:\/\/dupescents.co\/fr\/wp-json\/wp\/v2\/media\/35822"}],"wp:attachment":[{"href":"https:\/\/dupescents.co\/fr\/wp-json\/wp\/v2\/media?parent=26037"}],"wp:term":[{"taxonomy":"product_brand","embeddable":true,"href":"https:\/\/dupescents.co\/fr\/wp-json\/wp\/v2\/product_brand?post=26037"},{"taxonomy":"product_cat","embeddable":true,"href":"https:\/\/dupescents.co\/fr\/wp-json\/wp\/v2\/product_cat?post=26037"},{"taxonomy":"product_tag","embeddable":true,"href":"https:\/\/dupescents.co\/fr\/wp-json\/wp\/v2\/product_tag?post=26037"}],"curies":[{"name":"wp","href":"https:\/\/api.w.org\/{rel}","templated":true}]}}